{"id":714135,"date":"2025-08-27T17:15:25","date_gmt":"2025-08-27T14:15:25","guid":{"rendered":"https:\/\/roveyayinevi.com.tr\/index.php\/urun\/bir-ankara-hikayesi-veda\/"},"modified":"2026-04-16T02:22:43","modified_gmt":"2026-04-15T23:22:43","slug":"bir-ankara-hikayesi-veda","status":"publish","type":"product","link":"https:\/\/roveyayinevi.com.tr\/index.php\/urun\/bir-ankara-hikayesi-veda\/","title":{"rendered":"Bir Ankara Hikayesi &#8211; Veda"},"content":{"rendered":"<p>&#8220;Bir Ankara Hikayesi&#8221; nin uzun soluklu hikayeler zinciri oldu\u011funa ilk iki kitapta \u00f6zellikle vurgu yap\u0131lm\u0131\u015ft\u0131. Serinin \u00fc\u00e7\u00fcnc\u00fc kitab\u0131 olan &#8220;Veda&#8221; ile bir anda yedi y\u0131l ileriye gidilecek ve eserin yaz\u0131ld\u0131k\u00e7a \u015fekillenen bir hikaye olmad\u0131\u011f\u0131n\u0131, ilk g\u00fcnden son g\u00fcne kadar kurgu zincirinin ne kadar sa\u011flam oldu\u011funun bir kan\u0131t\u0131 olacakt\u0131r. Eserde t\u00fcm karakterler, Pekcan Sert&#8217;e veda ederken bir yandan da hayatlar\u0131n\u0131n bilinmeyen y\u00f6nlerini ortaya \u00e7\u0131kart\u0131yorlar. De\u011fi\u015fik ya\u015famlar\u0131n enteresan \u00f6yk\u00fclerini dinlerken bir insan\u0131n, bir\u00e7ok ya\u015fam\u0131 \u015fekillendirebilece\u011fini fark edeceksiniz. Bu eser; ortak ya\u015famlar\u0131n merkezinde olan Pekcan&#8217;a ger\u00e7ekten bir veda m\u0131, yoksa bitmemi\u015f ve hi\u00e7bir zaman da bitmeyecek bir Ankara hikayesinin yeni ba\u015flang\u0131\u00e7lar\u0131na bir merhaba m\u0131 olacak? <\/p>\n","protected":false},"excerpt":{"rendered":"<p>&#8220;Bir Ankara Hikayesi&#8221; nin uzun soluklu hikayeler zinciri oldu\u011funa ilk iki kitapta \u00f6zellikle vurgu yap\u0131lm\u0131\u015ft\u0131. Serinin \u00fc\u00e7\u00fcnc\u00fc kitab\u0131 olan &#8220;Veda&#8221; ile bir anda yedi y\u0131l ileriye<span class=\"excerpt-hellip\"> [\u2026]<\/span><\/p>\n","protected":false},"featured_media":0,"template":"","meta":{"_monsterinsights_skip_tracking":false,"_monsterinsights_sitenote_active":false,"_monsterinsights_sitenote_note":"","_monsterinsights_sitenote_category":0},"product_brand":[],"product_cat":[12291,15445],"product_tag":[],"class_list":{"0":"post-714135","1":"product","2":"type-product","3":"status-publish","5":"product_cat-edebiyat","6":"product_cat-polisiye","7":"pa_cilt-ciltsiz","8":"pa_tur-kitap","9":"pa_yayinevi-vaveyla-yayincilik","10":"pa_yazar-umit-dagci","12":"first","13":"instock","14":"sale","15":"shipping-taxable","16":"purchasable","17":"product-type-simple"},"_links":{"self":[{"href":"https:\/\/roveyayinevi.com.tr\/index.php\/wp-json\/wp\/v2\/product\/714135","targetHints":{"allow":["GET"]}}],"collection":[{"href":"https:\/\/roveyayinevi.com.tr\/index.php\/wp-json\/wp\/v2\/product"}],"about":[{"href":"https:\/\/roveyayinevi.com.tr\/index.php\/wp-json\/wp\/v2\/types\/product"}],"wp:attachment":[{"href":"https:\/\/roveyayinevi.com.tr\/index.php\/wp-json\/wp\/v2\/media?parent=714135"}],"wp:term":[{"taxonomy":"product_brand","embeddable":true,"href":"https:\/\/roveyayinevi.com.tr\/index.php\/wp-json\/wp\/v2\/product_brand?post=714135"},{"taxonomy":"product_cat","embeddable":true,"href":"https:\/\/roveyayinevi.com.tr\/index.php\/wp-json\/wp\/v2\/product_cat?post=714135"},{"taxonomy":"product_tag","embeddable":true,"href":"https:\/\/roveyayinevi.com.tr\/index.php\/wp-json\/wp\/v2\/product_tag?post=714135"}],"curies":[{"name":"wp","href":"https:\/\/api.w.org\/{rel}","templated":true}]}}