{"id":714132,"date":"2025-08-27T17:15:23","date_gmt":"2025-08-27T14:15:23","guid":{"rendered":"https:\/\/roveyayinevi.com.tr\/index.php\/urun\/okul-oncesinden-universiteye-kuram-ve-uygulamada-stem-egitimi\/"},"modified":"2026-04-16T02:22:43","modified_gmt":"2026-04-15T23:22:43","slug":"okul-oncesinden-universiteye-kuram-ve-uygulamada-stem-egitimi","status":"publish","type":"product","link":"https:\/\/roveyayinevi.com.tr\/index.php\/urun\/okul-oncesinden-universiteye-kuram-ve-uygulamada-stem-egitimi\/","title":{"rendered":"Okul \u00d6ncesinden \u00dcniversiteye Kuram ve Uygulamada STEM E\u011fitimi"},"content":{"rendered":"<p>STEM e\u011fitimi g\u00fcn\u00fcm\u00fczde en \u00f6nemli yakla\u015f\u0131mlardan birisi olarak kar\u015f\u0131m\u0131za \u00e7\u0131kmaktad\u0131r. Bu yakla\u015f\u0131m, fen bilimleri ve matemati\u011fin bilgilerini m\u00fchendislik tasar\u0131m basamaklar\u0131 ile \u00fcretime d\u00f6n\u00fc\u015ft\u00fcrerek teknoloji \u00fcretiminin \u00f6n\u00fcn\u00fc a\u00e7maktad\u0131r. STEM e\u011fitimine y\u00f6nelik eylemlerin, disiplinlerin ayr\u0131 olarak kullan\u0131lmas\u0131 olarak y\u00fczy\u0131l \u00f6ncesine kadar gitti\u011fi bilinmektedir. STEM disiplinlerinin \u00f6\u011fretimi ile ilgili olarak \u00f6zellikle ABD\u2019de \u00e7ok \u00f6nemli reform giri\u015fimleri yap\u0131lm\u0131\u015ft\u0131r. Ekonomik ve teknolojik ligde lider olarak kalabilmek i\u00e7in becerileri geli\u015ftirmek ve teknoloji \u00fcretmek son derece b\u00fcy\u00fck \u00f6nem ta\u015f\u0131maktad\u0131r. Bunu sa\u011flayabilmek i\u00e7in de STEM disiplinlerinin g\u00fc\u00e7lendirilmesi, fen ve matematik e\u011fitiminin g\u00fcncellenmesi ve daha etkin bir \u015fekilde uygulanmas\u0131na ihtiya\u00e7 bulunmaktad\u0131r. Ayn\u0131 zamanda bunlar\u0131n bir \u00fcr\u00fcn\u00fc olarak daha fazla nitelikli temel bilimci ve m\u00fchendis yeti\u015ftir-mek zorunlulu\u011fu bulunmaktad\u0131r. Yeti\u015fen bu alt\u0131n nesil ile \u00fclkenin kalk\u0131nm\u0131\u015fl\u0131\u011f\u0131 y\u00fcksele-cek ve \u00fclke y\u00fcksek teknoloji \u00fcretenler liginde yer alacakt\u0131r. G\u00fcn\u00fcm\u00fczde b\u00fct\u00fcnle\u015fik olarak uygulanmak i\u00e7in \u00e7aba sarf edilen STEM e\u011fitimi i\u00e7in ABD\u2019de 1996 NationalScienceEducationStandarts (Ulusal Fen E\u011fitimi Standartlar\u0131) ve 2012 NextGenerationScienceStandarts (Yeni Nesil Fen Standartlar\u0131) kapsam\u0131nda g\u00fcncellemeler yap\u0131lm\u0131\u015ft\u0131r. Son yap\u0131lan standartlar de\u011fi\u015fikli\u011fi ile m\u00fchendislik fen bilimleri standartlar\u0131 aras\u0131na al\u0131nm\u0131\u015ft\u0131r. T\u00fcrkiye\u2019de de son y\u0131llarda STEM e\u011fitimi ile ilgili \u00f6nemli geli\u015fmeler ya\u015fanmaktad\u0131r. Bu kapsamda yap\u0131lan yay\u0131nlar\u0131n say\u0131s\u0131nda ciddi bir art\u0131\u015f s\u00f6z konusudur. STEM e\u011fitimi ile ilgili \u00fcniversiteler ve sivil toplum kurulu\u015flar\u0131 bu yola \u0131\u015f\u0131k tutan raporlar yay\u0131nlamaktad\u0131r. \u00d6zellikle \u0130stanbul Ayd\u0131n \u00dcniversitesi\u2019nin yay\u0131n ve uygu-lamalar\u0131 bu kitaba da b\u00fcy\u00fck katk\u0131 vermektedir. ABD\u2019de oldu\u011fu gibi T\u00fcrkiye\u2019de de 2018 y\u0131l\u0131 ba\u015f\u0131nda \u00f6\u011fretim program\u0131nda de\u011fi\u015fiklikler yap\u0131larak m\u00fchendislik disiplini \u00f6\u011fretim program\u0131 i\u00e7ine d\u00e2hil edilmi\u015ftir. 2018 Ocak ay\u0131nda yenilenen Fen Bilimleri \u00d6\u011fretim Program\u0131\u2019nda, Bilim ve M\u00fchendislik Uygulamalar\u0131 adl\u0131 bir \u00e7at\u0131 \u00fcniteye yer verilmi\u015ftir. Bu durum, Fen Bilimleri M\u00fcfredat\u0131\u2019nda STEM e\u011fitimine y\u00f6nelik eylemlerin ba\u015flad\u0131\u011f\u0131n\u0131 g\u00f6stermektedir. Di\u011fer taraftan \u00fcniversitelerde de STEM e\u011fitimine y\u00f6nelik eylemlerin artt\u0131\u011f\u0131n\u0131 g\u00f6rmekteyiz. <\/p>\n","protected":false},"excerpt":{"rendered":"<p>STEM e\u011fitimi g\u00fcn\u00fcm\u00fczde en \u00f6nemli yakla\u015f\u0131mlardan birisi olarak kar\u015f\u0131m\u0131za \u00e7\u0131kmaktad\u0131r. Bu yakla\u015f\u0131m, fen bilimleri ve matemati\u011fin bilgilerini m\u00fchendislik tasar\u0131m basamaklar\u0131 ile \u00fcretime d\u00f6n\u00fc\u015ft\u00fcrerek teknoloji \u00fcretiminin \u00f6n\u00fcn\u00fc<span class=\"excerpt-hellip\"> [\u2026]<\/span><\/p>\n","protected":false},"featured_media":0,"template":"","meta":{"_monsterinsights_skip_tracking":false,"_monsterinsights_sitenote_active":false,"_monsterinsights_sitenote_note":"","_monsterinsights_sitenote_category":0},"product_brand":[],"product_cat":[12573,12566],"product_tag":[],"class_list":{"0":"post-714132","1":"product","2":"type-product","3":"status-publish","5":"product_cat-akademik-kitaplar","6":"product_cat-egitim","7":"pa_cilt-ciltsiz","8":"pa_tur-kitap","9":"pa_yayinevi-ani-yayincilik","10":"pa_yazar-kollektif","12":"first","13":"instock","14":"sale","15":"shipping-taxable","16":"purchasable","17":"product-type-simple"},"_links":{"self":[{"href":"https:\/\/roveyayinevi.com.tr\/index.php\/wp-json\/wp\/v2\/product\/714132","targetHints":{"allow":["GET"]}}],"collection":[{"href":"https:\/\/roveyayinevi.com.tr\/index.php\/wp-json\/wp\/v2\/product"}],"about":[{"href":"https:\/\/roveyayinevi.com.tr\/index.php\/wp-json\/wp\/v2\/types\/product"}],"wp:attachment":[{"href":"https:\/\/roveyayinevi.com.tr\/index.php\/wp-json\/wp\/v2\/media?parent=714132"}],"wp:term":[{"taxonomy":"product_brand","embeddable":true,"href":"https:\/\/roveyayinevi.com.tr\/index.php\/wp-json\/wp\/v2\/product_brand?post=714132"},{"taxonomy":"product_cat","embeddable":true,"href":"https:\/\/roveyayinevi.com.tr\/index.php\/wp-json\/wp\/v2\/product_cat?post=714132"},{"taxonomy":"product_tag","embeddable":true,"href":"https:\/\/roveyayinevi.com.tr\/index.php\/wp-json\/wp\/v2\/product_tag?post=714132"}],"curies":[{"name":"wp","href":"https:\/\/api.w.org\/{rel}","templated":true}]}}