{"id":714131,"date":"2025-08-27T17:15:23","date_gmt":"2025-08-27T14:15:23","guid":{"rendered":"https:\/\/roveyayinevi.com.tr\/index.php\/urun\/buyuculer-zamani\/"},"modified":"2026-04-16T02:22:43","modified_gmt":"2026-04-15T23:22:43","slug":"buyuculer-zamani","status":"publish","type":"product","link":"https:\/\/roveyayinevi.com.tr\/index.php\/urun\/buyuculer-zamani\/","title":{"rendered":"B\u00fcy\u00fcc\u00fcler Zaman\u0131"},"content":{"rendered":"<p>Gen\u00e7 bir B\u00fcy\u00fcc\u00fc o\u011flan ile gen\u00e7 bir Sava\u015f\u00e7\u0131 k\u0131z\u0131n hik\u00e2yesi bu. \u0130kisine de do\u011fduklar\u0131ndan beri birbirlerinden nefret etmeleri gerekti\u011fi \u00f6\u011fretilmi\u015f. Ancak d\u00fcnyalar\u0131 \u00e7arp\u0131\u015ft\u0131\u011f\u0131nda ya\u015fayacaklar\u0131 macera onlar\u0131 birbirlerini anlamak zorunda b\u0131rakacak. Fantastik maceray\u0131 seven herkes i\u00e7in harika bir kitap\u2026 Bir zamanlar Sihir vard\u0131 ve Sihir karanl\u0131k ormanlar\u0131n derinliklerinde ya\u015fard\u0131. Sonra Sava\u015f\u00e7\u0131lar geldi\u2026 Xar, Sihri olmayan bir B\u00fcy\u00fcc\u00fc o\u011flan ve ona ula\u015fmak i\u00e7in her \u015feyi yapabilir. Dilek ise Sava\u015f\u00e7\u0131 bir k\u0131z ama yasakl\u0131 bir Sihirli Nesne\u2019ye sahip ve onu saklamak i\u00e7in her \u015feyi yapabilir. Bu ba\u015f d\u00f6nd\u00fcr\u00fcc\u00fc macerada Xar ile Dilek, Sava\u015f\u00e7\u0131 Kalesi\u2019ndeki zindanlardan kurtulacaklarsa farkl\u0131l\u0131klar\u0131n\u0131 unutmal\u0131lar. \u00c7\u00fcnk\u00fc orada y\u00fczy\u0131llard\u0131r uykuda olan bir \u015fey k\u0131p\u0131rdamaya ba\u015fl\u0131yor\u2026 <\/p>\n","protected":false},"excerpt":{"rendered":"<p>Gen\u00e7 bir B\u00fcy\u00fcc\u00fc o\u011flan ile gen\u00e7 bir Sava\u015f\u00e7\u0131 k\u0131z\u0131n hik\u00e2yesi bu. \u0130kisine de do\u011fduklar\u0131ndan beri birbirlerinden nefret etmeleri gerekti\u011fi \u00f6\u011fretilmi\u015f. Ancak d\u00fcnyalar\u0131 \u00e7arp\u0131\u015ft\u0131\u011f\u0131nda ya\u015fayacaklar\u0131 macera onlar\u0131<span class=\"excerpt-hellip\"> [\u2026]<\/span><\/p>\n","protected":false},"featured_media":0,"template":"","meta":{"_monsterinsights_skip_tracking":false,"_monsterinsights_sitenote_active":false,"_monsterinsights_sitenote_note":"","_monsterinsights_sitenote_category":0},"product_brand":[],"product_cat":[12291,14777],"product_tag":[],"class_list":{"0":"post-714131","1":"product","2":"type-product","3":"status-publish","5":"product_cat-edebiyat","6":"product_cat-fantastik","7":"pa_cilt-ciltli","8":"pa_tur-kitap","9":"pa_yayinevi-epsilon-yayinlari","10":"pa_yazar-cressida-cowell","12":"first","13":"instock","14":"sale","15":"shipping-taxable","16":"purchasable","17":"product-type-simple"},"_links":{"self":[{"href":"https:\/\/roveyayinevi.com.tr\/index.php\/wp-json\/wp\/v2\/product\/714131","targetHints":{"allow":["GET"]}}],"collection":[{"href":"https:\/\/roveyayinevi.com.tr\/index.php\/wp-json\/wp\/v2\/product"}],"about":[{"href":"https:\/\/roveyayinevi.com.tr\/index.php\/wp-json\/wp\/v2\/types\/product"}],"wp:attachment":[{"href":"https:\/\/roveyayinevi.com.tr\/index.php\/wp-json\/wp\/v2\/media?parent=714131"}],"wp:term":[{"taxonomy":"product_brand","embeddable":true,"href":"https:\/\/roveyayinevi.com.tr\/index.php\/wp-json\/wp\/v2\/product_brand?post=714131"},{"taxonomy":"product_cat","embeddable":true,"href":"https:\/\/roveyayinevi.com.tr\/index.php\/wp-json\/wp\/v2\/product_cat?post=714131"},{"taxonomy":"product_tag","embeddable":true,"href":"https:\/\/roveyayinevi.com.tr\/index.php\/wp-json\/wp\/v2\/product_tag?post=714131"}],"curies":[{"name":"wp","href":"https:\/\/api.w.org\/{rel}","templated":true}]}}