{"id":714124,"date":"2025-08-27T17:15:19","date_gmt":"2025-08-27T14:15:19","guid":{"rendered":"https:\/\/roveyayinevi.com.tr\/index.php\/urun\/ekonometride-guncel-konular\/"},"modified":"2026-04-16T02:22:43","modified_gmt":"2026-04-15T23:22:43","slug":"ekonometride-guncel-konular","status":"publish","type":"product","link":"https:\/\/roveyayinevi.com.tr\/index.php\/urun\/ekonometride-guncel-konular\/","title":{"rendered":"Ekonometride G\u00fcncel Konular"},"content":{"rendered":"<p>\u0130\u00c7\u0130NDEK\u0130LER 1-Ekonometride Finansal K\u0131r\u0131lganl\u0131klar\u0131n \u0130ncelenmesi 2-Mixed Logit Modeli 3-Mekansal Ekonometri 4-Teknoloji, Yal\u0131n Y\u00f6netim ve \u00d6teksi 5-T\u00fcrk Otomotiv Ana Sanayide YTZY Kriterlerinin A\u011f\u0131rl\u0131kland\u0131r\u0131lmas\u0131 6-Stokastik Envanter Y\u00f6netimi Problemlerinin \u00c7\u00f6z\u00fcm\u00fcnde Similasyon Yakla\u015f\u0131m\u0131 7-\u0130statistikte Optimizasyonun Yeri ve Evrimsel Optimizasyon Algoritmalar\u0131 8-Konut Sat\u0131\u015flar\u0131n\u0131n \u0130ncelenmesinde Panel Veri Analizi 9-AR-GE Harcamalar\u0131 VE \u0130hracatta \u00c7e\u015fitlendirme: Se\u00e7ilmi\u015f \u00dclkeler \u00dczerine Panel Veri Analizi 10-Markov Zincirleri ile BIST 100, Amerikan Dolar\u0131, Para Arz\u0131, Faiz oran\u0131 Tahmini ve Sakl\u0131 Markov Zincirleri ile Kar\u015f\u0131la\u015ft\u0131r\u0131lmas\u0131 11-Bulan\u0131k Do\u011frusal Rekresyon Analizi 12-T\u00fcrkiyede Kad\u0131na Y\u00f6nelik Aile \u0130\u00e7i \u015eiddetin Ekonometrik Analizi 13-Giri\u015fimcilik Hislerine Demografik \u00d6zelliklerin Etkisi: Uluda\u011f \u00dcniversitesi Meslek Y\u00fcksek Okulu \u00d6rne\u011fi 14-Bilgi ve \u0130leti\u015fim Teknolojilerinin Kad\u0131n \u0130stihdam\u0131 \u00dczerine Etkisi 15-Bulan\u0131k TOPSIS Y\u00f6ntemi 16-\u00c7ok De\u011fi\u015fkenli Normallik Varsay\u0131m\u0131n\u0131n LISREL Ve STATA Paket Programlar\u0131 \u0130le Test edilmesi 17-E\u015fanl\u0131 Denklem Modelleri 18-T\u00fcrkiyede Birinci Basamak Sa\u011fl\u0131k Kurulu\u015flar\u0131n\u0131n Koruyucu Sa\u011fl\u0131k Hizmeti Etkinli\u011fine Aile      Hekimli\u011fi Sisteminin Etkileri: Stokastik S\u0131n\u0131r Analizi Yakla\u015f\u0131m\u0131 19-Karbon Emisyonunun Makro Ekonomik Belirliyicileri <\/p>\n","protected":false},"excerpt":{"rendered":"<p>\u0130\u00c7\u0130NDEK\u0130LER 1-Ekonometride Finansal K\u0131r\u0131lganl\u0131klar\u0131n \u0130ncelenmesi 2-Mixed Logit Modeli 3-Mekansal Ekonometri 4-Teknoloji, Yal\u0131n Y\u00f6netim ve \u00d6teksi 5-T\u00fcrk Otomotiv Ana Sanayide YTZY Kriterlerinin A\u011f\u0131rl\u0131kland\u0131r\u0131lmas\u0131 6-Stokastik Envanter Y\u00f6netimi Problemlerinin<span class=\"excerpt-hellip\"> [\u2026]<\/span><\/p>\n","protected":false},"featured_media":0,"template":"","meta":{"_monsterinsights_skip_tracking":false,"_monsterinsights_sitenote_active":false,"_monsterinsights_sitenote_note":"","_monsterinsights_sitenote_category":0},"product_brand":[],"product_cat":[12573,12566],"product_tag":[],"class_list":{"0":"post-714124","1":"product","2":"type-product","3":"status-publish","5":"product_cat-akademik-kitaplar","6":"product_cat-egitim","7":"pa_cilt-ciltsiz","8":"pa_tur-kitap","9":"pa_yayinevi-gazi-kitabevi","10":"pa_yazar-m-kenan-terzioglu-sureyya-dal","12":"first","13":"instock","14":"sale","15":"shipping-taxable","16":"purchasable","17":"product-type-simple"},"_links":{"self":[{"href":"https:\/\/roveyayinevi.com.tr\/index.php\/wp-json\/wp\/v2\/product\/714124","targetHints":{"allow":["GET"]}}],"collection":[{"href":"https:\/\/roveyayinevi.com.tr\/index.php\/wp-json\/wp\/v2\/product"}],"about":[{"href":"https:\/\/roveyayinevi.com.tr\/index.php\/wp-json\/wp\/v2\/types\/product"}],"wp:attachment":[{"href":"https:\/\/roveyayinevi.com.tr\/index.php\/wp-json\/wp\/v2\/media?parent=714124"}],"wp:term":[{"taxonomy":"product_brand","embeddable":true,"href":"https:\/\/roveyayinevi.com.tr\/index.php\/wp-json\/wp\/v2\/product_brand?post=714124"},{"taxonomy":"product_cat","embeddable":true,"href":"https:\/\/roveyayinevi.com.tr\/index.php\/wp-json\/wp\/v2\/product_cat?post=714124"},{"taxonomy":"product_tag","embeddable":true,"href":"https:\/\/roveyayinevi.com.tr\/index.php\/wp-json\/wp\/v2\/product_tag?post=714124"}],"curies":[{"name":"wp","href":"https:\/\/api.w.org\/{rel}","templated":true}]}}