{"id":714121,"date":"2025-08-27T17:15:17","date_gmt":"2025-08-27T14:15:17","guid":{"rendered":"https:\/\/roveyayinevi.com.tr\/index.php\/urun\/dovus-kulubu-2-sayi-7\/"},"modified":"2026-04-16T02:22:42","modified_gmt":"2026-04-15T23:22:42","slug":"dovus-kulubu-2-sayi-7","status":"publish","type":"product","link":"https:\/\/roveyayinevi.com.tr\/index.php\/urun\/dovus-kulubu-2-sayi-7\/","title":{"rendered":"D\u00f6v\u00fc\u015f Kul\u00fcb\u00fc 2 Say\u0131: 7"},"content":{"rendered":"<p>Sebastian hayatta kalmak i\u00e7in Tyler gibi olmak zorundad\u0131r. Kendi b\u00f6lf tarz\u0131yla Tyler\u2019\u0131n sakland\u0131\u011f\u0131 yere girebilirse o\u011flunu kurtarabilecektir. Fakat kar\u0131s\u0131n\u0131n \u00f6ld\u00fc\u011f\u00fcn\u00fc tesad\u00fcfen \u00f6\u011frendi\u011finde Tyler kendini kaybeder, bunun Doktorun bir tezgah\u0131 oldu\u011funu d\u00fc\u015f\u00fcn\u00fcr ve herkesi \u00f6ld\u00fcrme planlar\u0131 kurar. Sebastian\u2019\u0131n g\u00fcvenebilece\u011fi kimse kalmam\u0131\u015f gibidir etraf\u0131nda, olaylar sarpasarar\u2026 <\/p>\n","protected":false},"excerpt":{"rendered":"<p>Sebastian hayatta kalmak i\u00e7in Tyler gibi olmak zorundad\u0131r. Kendi b\u00f6lf tarz\u0131yla Tyler\u2019\u0131n sakland\u0131\u011f\u0131 yere girebilirse o\u011flunu kurtarabilecektir. Fakat kar\u0131s\u0131n\u0131n \u00f6ld\u00fc\u011f\u00fcn\u00fc tesad\u00fcfen \u00f6\u011frendi\u011finde Tyler kendini kaybeder, bunun<span class=\"excerpt-hellip\"> [\u2026]<\/span><\/p>\n","protected":false},"featured_media":0,"template":"","meta":{"_monsterinsights_skip_tracking":false,"_monsterinsights_sitenote_active":false,"_monsterinsights_sitenote_note":"","_monsterinsights_sitenote_category":0},"product_brand":[],"product_cat":[12416,12291],"product_tag":[],"class_list":{"0":"post-714121","1":"product","2":"type-product","3":"status-publish","5":"product_cat-cizgi-roman","6":"product_cat-edebiyat","7":"pa_cilt-ciltsiz","8":"pa_tur-kitap","9":"pa_yayinevi-ayrinti-yayinlari","10":"pa_yazar-chuck-palahniuk","12":"first","13":"instock","14":"sale","15":"shipping-taxable","16":"purchasable","17":"product-type-simple"},"_links":{"self":[{"href":"https:\/\/roveyayinevi.com.tr\/index.php\/wp-json\/wp\/v2\/product\/714121","targetHints":{"allow":["GET"]}}],"collection":[{"href":"https:\/\/roveyayinevi.com.tr\/index.php\/wp-json\/wp\/v2\/product"}],"about":[{"href":"https:\/\/roveyayinevi.com.tr\/index.php\/wp-json\/wp\/v2\/types\/product"}],"wp:attachment":[{"href":"https:\/\/roveyayinevi.com.tr\/index.php\/wp-json\/wp\/v2\/media?parent=714121"}],"wp:term":[{"taxonomy":"product_brand","embeddable":true,"href":"https:\/\/roveyayinevi.com.tr\/index.php\/wp-json\/wp\/v2\/product_brand?post=714121"},{"taxonomy":"product_cat","embeddable":true,"href":"https:\/\/roveyayinevi.com.tr\/index.php\/wp-json\/wp\/v2\/product_cat?post=714121"},{"taxonomy":"product_tag","embeddable":true,"href":"https:\/\/roveyayinevi.com.tr\/index.php\/wp-json\/wp\/v2\/product_tag?post=714121"}],"curies":[{"name":"wp","href":"https:\/\/api.w.org\/{rel}","templated":true}]}}