{"id":714120,"date":"2025-08-27T17:15:16","date_gmt":"2025-08-27T14:15:16","guid":{"rendered":"https:\/\/roveyayinevi.com.tr\/index.php\/urun\/dovus-kulubu-2-sayi-6\/"},"modified":"2026-04-16T02:22:42","modified_gmt":"2026-04-15T23:22:42","slug":"dovus-kulubu-2-sayi-6","status":"publish","type":"product","link":"https:\/\/roveyayinevi.com.tr\/index.php\/urun\/dovus-kulubu-2-sayi-6\/","title":{"rendered":"D\u00f6v\u00fc\u015f Kul\u00fcb\u00fc 2 Say\u0131: 6"},"content":{"rendered":"<p>Sebastian, anla\u015f\u0131lmas\u0131 g\u00fc\u00e7 bir \u015fekilde o\u011fluyla kar\u015f\u0131la\u015f\u0131r. Marla ve grubundaki di\u011fer insanlar ise d\u00fcnyan\u0131n \u00e7at\u0131\u015fma b\u00f6lgelerini ara\u015ft\u0131r\u0131rlar; a\u011f\u0131r silahlar patlamaya devam eder, kederli \u00f6l\u00fcmler ya\u015fan\u0131r. <\/p>\n","protected":false},"excerpt":{"rendered":"<p>Sebastian, anla\u015f\u0131lmas\u0131 g\u00fc\u00e7 bir \u015fekilde o\u011fluyla kar\u015f\u0131la\u015f\u0131r. Marla ve grubundaki di\u011fer insanlar ise d\u00fcnyan\u0131n \u00e7at\u0131\u015fma b\u00f6lgelerini ara\u015ft\u0131r\u0131rlar; a\u011f\u0131r silahlar patlamaya devam eder, kederli \u00f6l\u00fcmler ya\u015fan\u0131r.<\/p>\n","protected":false},"featured_media":0,"template":"","meta":{"_monsterinsights_skip_tracking":false,"_monsterinsights_sitenote_active":false,"_monsterinsights_sitenote_note":"","_monsterinsights_sitenote_category":0},"product_brand":[],"product_cat":[12416,12291],"product_tag":[],"class_list":{"0":"post-714120","1":"product","2":"type-product","3":"status-publish","5":"product_cat-cizgi-roman","6":"product_cat-edebiyat","7":"pa_cilt-ciltsiz","8":"pa_tur-kitap","9":"pa_yayinevi-ayrinti-yayinlari","10":"pa_yazar-chuck-palahniuk","12":"first","13":"instock","14":"sale","15":"shipping-taxable","16":"purchasable","17":"product-type-simple"},"_links":{"self":[{"href":"https:\/\/roveyayinevi.com.tr\/index.php\/wp-json\/wp\/v2\/product\/714120","targetHints":{"allow":["GET"]}}],"collection":[{"href":"https:\/\/roveyayinevi.com.tr\/index.php\/wp-json\/wp\/v2\/product"}],"about":[{"href":"https:\/\/roveyayinevi.com.tr\/index.php\/wp-json\/wp\/v2\/types\/product"}],"wp:attachment":[{"href":"https:\/\/roveyayinevi.com.tr\/index.php\/wp-json\/wp\/v2\/media?parent=714120"}],"wp:term":[{"taxonomy":"product_brand","embeddable":true,"href":"https:\/\/roveyayinevi.com.tr\/index.php\/wp-json\/wp\/v2\/product_brand?post=714120"},{"taxonomy":"product_cat","embeddable":true,"href":"https:\/\/roveyayinevi.com.tr\/index.php\/wp-json\/wp\/v2\/product_cat?post=714120"},{"taxonomy":"product_tag","embeddable":true,"href":"https:\/\/roveyayinevi.com.tr\/index.php\/wp-json\/wp\/v2\/product_tag?post=714120"}],"curies":[{"name":"wp","href":"https:\/\/api.w.org\/{rel}","templated":true}]}}