{"id":714116,"date":"2025-08-27T17:15:13","date_gmt":"2025-08-27T14:15:13","guid":{"rendered":"https:\/\/roveyayinevi.com.tr\/index.php\/urun\/dovus-kulubu-2-sayi-1\/"},"modified":"2026-04-16T02:22:42","modified_gmt":"2026-04-15T23:22:42","slug":"dovus-kulubu-2-sayi-1","status":"publish","type":"product","link":"https:\/\/roveyayinevi.com.tr\/index.php\/urun\/dovus-kulubu-2-sayi-1\/","title":{"rendered":"D\u00f6v\u00fc\u015f Kul\u00fcb\u00fc 2 Say\u0131: 1"},"content":{"rendered":"<p>&#8220;Baz\u0131 hayali arkada\u015flar asla \u00e7ekip gitmez!&#8221;\u0130lk kez yay\u0131mland\u0131\u011f\u0131 1996&#8217;dan beri bir yeralt\u0131 klasi\u011fi olarak an\u0131lan D\u00f6v\u00fc\u015f Kul\u00fcb\u00fc, bir anti-\u00fctopya \u00f6yk\u00fcs\u00fcn\u00fc anlat\u0131yordu. Chuck Palahniuk&#8217;un ilk roman\u0131, kapitalizmin t\u00fcketim k\u00fclt\u00fcr\u00fcne, insan tekindeki h\u0131rs ve \u00fcst\u00fcnl\u00fck duygusuna, g\u00fczellik idealine ve elbette i\u015f d\u00fcnyas\u0131na zehir zemberek bir ele\u015ftiri hamlesiydi: K\u0131\u015fk\u0131rt\u0131c\u0131, yad\u0131rgat\u0131c\u0131, y\u0131k\u0131c\u0131 bir hamle. Ve i\u015fte \u015fimdi ayn\u0131 hamle, ayn\u0131 g\u00f6z\u00fcpeklikle, ayn\u0131 kar\u015f\u0131-ses ataklar\u0131yla ve sonuna kadar s\u00fcrd\u00fcr\u00fclen bir ele\u015ftirellikle kald\u0131\u011f\u0131 yerden devam ediyor!Son y\u0131llar\u0131n en \u00f6zg\u00fcn, en sars\u0131c\u0131 romanlar\u0131 aras\u0131nda say\u0131lan D\u00f6v\u00fc\u015f Kul\u00fcb\u00fc 2 okurlarla bulu\u015fuyor, ama bu kez farkl\u0131 bir bi\u00e7imde. \u00c7izgi roman olarak haz\u0131rlanan D\u00f6v\u00fc\u015f Kul\u00fcb\u00fc 2, on ayr\u0131 fasik\u00fcl olarak yay\u0131mlanacak. Ayr\u0131nt\u0131 Yay\u0131nlar\u0131, D\u00f6v\u00fc\u015f Kul\u00fcb\u00fc 2&#8217;nin her say\u0131s\u0131n\u0131 Amerika&#8217;daki orijinal bask\u0131larla e\u015f zamanl\u0131 olarak yay\u0131mlayacak. Palahniuk, karanl\u0131k bir mizahla destekledi\u011fi g\u00fc\u00e7l\u00fc ve \u00e7arp\u0131c\u0131 \u00fcslubuyla, ya\u015fad\u0131\u011f\u0131m\u0131z d\u00fcnyan\u0131n \u00e7irkin suretine yine ayna tutuyor. Korku ve \u00f6fkeyi, karamsarl\u0131k ve umudu bir arada veriyor. <\/p>\n","protected":false},"excerpt":{"rendered":"<p>&#8220;Baz\u0131 hayali arkada\u015flar asla \u00e7ekip gitmez!&#8221;\u0130lk kez yay\u0131mland\u0131\u011f\u0131 1996&#8217;dan beri bir yeralt\u0131 klasi\u011fi olarak an\u0131lan D\u00f6v\u00fc\u015f Kul\u00fcb\u00fc, bir anti-\u00fctopya \u00f6yk\u00fcs\u00fcn\u00fc anlat\u0131yordu. Chuck Palahniuk&#8217;un ilk roman\u0131, kapitalizmin<span class=\"excerpt-hellip\"> [\u2026]<\/span><\/p>\n","protected":false},"featured_media":0,"template":"","meta":{"_monsterinsights_skip_tracking":false,"_monsterinsights_sitenote_active":false,"_monsterinsights_sitenote_note":"","_monsterinsights_sitenote_category":0},"product_brand":[],"product_cat":[12416,12291],"product_tag":[],"class_list":{"0":"post-714116","1":"product","2":"type-product","3":"status-publish","5":"product_cat-cizgi-roman","6":"product_cat-edebiyat","7":"pa_cilt-ciltsiz","8":"pa_tur-kitap","9":"pa_yayinevi-ayrinti-yayinlari","10":"pa_yazar-chuck-palahniuk","12":"first","13":"instock","14":"sale","15":"shipping-taxable","16":"purchasable","17":"product-type-simple"},"_links":{"self":[{"href":"https:\/\/roveyayinevi.com.tr\/index.php\/wp-json\/wp\/v2\/product\/714116","targetHints":{"allow":["GET"]}}],"collection":[{"href":"https:\/\/roveyayinevi.com.tr\/index.php\/wp-json\/wp\/v2\/product"}],"about":[{"href":"https:\/\/roveyayinevi.com.tr\/index.php\/wp-json\/wp\/v2\/types\/product"}],"wp:attachment":[{"href":"https:\/\/roveyayinevi.com.tr\/index.php\/wp-json\/wp\/v2\/media?parent=714116"}],"wp:term":[{"taxonomy":"product_brand","embeddable":true,"href":"https:\/\/roveyayinevi.com.tr\/index.php\/wp-json\/wp\/v2\/product_brand?post=714116"},{"taxonomy":"product_cat","embeddable":true,"href":"https:\/\/roveyayinevi.com.tr\/index.php\/wp-json\/wp\/v2\/product_cat?post=714116"},{"taxonomy":"product_tag","embeddable":true,"href":"https:\/\/roveyayinevi.com.tr\/index.php\/wp-json\/wp\/v2\/product_tag?post=714116"}],"curies":[{"name":"wp","href":"https:\/\/api.w.org\/{rel}","templated":true}]}}