{"id":714115,"date":"2025-08-27T17:15:13","date_gmt":"2025-08-27T14:15:13","guid":{"rendered":"https:\/\/roveyayinevi.com.tr\/index.php\/urun\/tarihi-sozler-antolojisi\/"},"modified":"2026-04-16T02:22:42","modified_gmt":"2026-04-15T23:22:42","slug":"tarihi-sozler-antolojisi","status":"publish","type":"product","link":"https:\/\/roveyayinevi.com.tr\/index.php\/urun\/tarihi-sozler-antolojisi\/","title":{"rendered":"Tarihi S\u00f6zler Antolojisi"},"content":{"rendered":"<p>S\u00d6ZE DA\u0130R S\u00f6z ola kese sava\u015f\u0131 s\u00f6z ola bit\u00fcre ba\u015f\u0131 S\u00f6z ola agulu a\u015f\u0131 bala yag ide bir s\u00f6z              Yunus Emre Yunus Emre\u2019nin yukar\u0131daki m\u0131sralar\u0131nda ifadesini bulan s\u00f6ze dair k\u00fclt\u00fcr\u00fcm\u00fczde \u015fiirler yaz\u0131lm\u0131\u015f, vecizeler ve atas\u00f6zleri s\u00f6ylenmi\u015ftir.\u201d Tatl\u0131 s\u00f6z y\u0131lan\u0131 deli\u011finden \u00e7\u0131kar\u0131r\u201d diyerek insanlar\u0131 halimane davranmak gerekti\u011fini belirten veya \u201cBin d\u00fc\u015f\u00fcn, bir s\u00f6yle \u201c tavsiyesiyle \u201c\u00d6fkeyle kalk\u0131p zararla oturma\u201dm\u0131z\u0131 engelleyen atas\u00f6zlerimiz \u00e7oktur. Bilindi\u011fi gibi atas\u00f6z\u00fcn\u00fcn en temel \u00f6zelli\u011fi s\u00f6yleyenin belli olmamas\u0131d\u0131r.Yani bir ki\u015fi taraf\u0131ndan s\u00f6ylenen veciz bir s\u00f6zken s\u00f6zl\u00fc edebiyat\u0131n oldu\u011fu d\u00f6nemde zamanla s\u00f6yleyeni unutulmu\u015ftur. Elinizdeki kitap, hem Do\u011fu hem Bat\u0131 medeniyetlerinde yeti\u015fmi\u015f ayd\u0131nlar\u0131n unutulmamas\u0131 ve s\u00f6zlerin daha geni\u015f kitlelere duyurulmas\u0131 amac\u0131yla derlenmi\u015f. E\u011fitim uzman\u0131 Murat Ertan, \u201cGelece\u011fi belirlemek i\u00e7in, ge\u00e7mi\u015fi de\u011ferlendirip bug\u00fcnden gelecek i\u00e7in plan yapmal\u0131y\u0131z.\u201ddemektedir. Tarihi S\u00f6zler Antolojisi adl\u0131 kitab\u0131n\u0131n, bu d\u00fc\u015f\u00fcncesinin \u00fcr\u00fcn\u00fc oldu\u011funu s\u00f6yleyebiliriz. Ge\u00e7mi\u015fteki g\u00fczel s\u00f6zleri gelece\u011fe aktarma gayreti g\u00f6steren Murat Ertan, gelecekte de var olabilme umuduyla bu eseri kaleme alm\u0131\u015ft\u0131r. \u00c7\u00fcnk\u00fc zaman, \u201cBaki kalan bu kubbede ho\u015f bir seda imi\u015f\u201d diyen Baki\u2019yi hakl\u0131 \u00e7\u0131karm\u0131\u015ft\u0131r. Prof .Dr. Nizami AKT\u00dcRK Gazi \u00dcniversitesi Rekt\u00f6r Yard\u0131mc\u0131s\u0131 <\/p>\n","protected":false},"excerpt":{"rendered":"<p>S\u00d6ZE DA\u0130R S\u00f6z ola kese sava\u015f\u0131 s\u00f6z ola bit\u00fcre ba\u015f\u0131 S\u00f6z ola agulu a\u015f\u0131 bala yag ide bir s\u00f6z Yunus Emre Yunus Emre\u2019nin yukar\u0131daki m\u0131sralar\u0131nda ifadesini<span class=\"excerpt-hellip\"> [\u2026]<\/span><\/p>\n","protected":false},"featured_media":0,"template":"","meta":{"_monsterinsights_skip_tracking":false,"_monsterinsights_sitenote_active":false,"_monsterinsights_sitenote_note":"","_monsterinsights_sitenote_category":0},"product_brand":[],"product_cat":[12364,12376],"product_tag":[],"class_list":{"0":"post-714115","1":"product","2":"type-product","3":"status-publish","5":"product_cat-genel-konular","6":"product_cat-kisisel-gelisim","7":"pa_cilt-ciltsiz","8":"pa_tur-kitap","9":"pa_yayinevi-fark-yayinlari","10":"pa_yazar-murat-ertan","12":"first","13":"instock","14":"sale","15":"shipping-taxable","16":"purchasable","17":"product-type-simple"},"_links":{"self":[{"href":"https:\/\/roveyayinevi.com.tr\/index.php\/wp-json\/wp\/v2\/product\/714115","targetHints":{"allow":["GET"]}}],"collection":[{"href":"https:\/\/roveyayinevi.com.tr\/index.php\/wp-json\/wp\/v2\/product"}],"about":[{"href":"https:\/\/roveyayinevi.com.tr\/index.php\/wp-json\/wp\/v2\/types\/product"}],"wp:attachment":[{"href":"https:\/\/roveyayinevi.com.tr\/index.php\/wp-json\/wp\/v2\/media?parent=714115"}],"wp:term":[{"taxonomy":"product_brand","embeddable":true,"href":"https:\/\/roveyayinevi.com.tr\/index.php\/wp-json\/wp\/v2\/product_brand?post=714115"},{"taxonomy":"product_cat","embeddable":true,"href":"https:\/\/roveyayinevi.com.tr\/index.php\/wp-json\/wp\/v2\/product_cat?post=714115"},{"taxonomy":"product_tag","embeddable":true,"href":"https:\/\/roveyayinevi.com.tr\/index.php\/wp-json\/wp\/v2\/product_tag?post=714115"}],"curies":[{"name":"wp","href":"https:\/\/api.w.org\/{rel}","templated":true}]}}