{"id":714114,"date":"2025-08-27T17:15:12","date_gmt":"2025-08-27T14:15:12","guid":{"rendered":"https:\/\/roveyayinevi.com.tr\/index.php\/urun\/tarihi-oykuler\/"},"modified":"2026-04-16T02:22:42","modified_gmt":"2026-04-15T23:22:42","slug":"tarihi-oykuler","status":"publish","type":"product","link":"https:\/\/roveyayinevi.com.tr\/index.php\/urun\/tarihi-oykuler\/","title":{"rendered":"Tarihi \u00d6yk\u00fcler"},"content":{"rendered":"<p>SOKRATES\u2019E G\u00d6RE E\u011e\u0130T\u0130ML\u0130 \u0130NSAN Kime e\u011fitimli diyece\u011fim? Ben, \u00f6ncelikle ko\u015fullar taraf\u0131ndan y\u00f6netilmek yerine onlara egemen olan, her f\u0131rsat\u0131 yi\u011fit\u00e7e kar\u015f\u0131layan ve zekice hareket eden, t\u00fcm i\u015f ve ili\u015fkilerinde onurlu olan, huysuz ki\u015filere ve olumsuzluklara iyi yakla\u015fan, ayr\u0131ca zevklerini kontrol alt\u0131nda tutan ve talihsizliklere boyun e\u011fmeyen, ba\u015far\u0131yla \u015f\u0131marmayan insanlara e\u011fitimli derim. SOKRATES <\/p>\n","protected":false},"excerpt":{"rendered":"<p>SOKRATES\u2019E G\u00d6RE E\u011e\u0130T\u0130ML\u0130 \u0130NSAN Kime e\u011fitimli diyece\u011fim? Ben, \u00f6ncelikle ko\u015fullar taraf\u0131ndan y\u00f6netilmek yerine onlara egemen olan, her f\u0131rsat\u0131 yi\u011fit\u00e7e kar\u015f\u0131layan ve zekice hareket eden, t\u00fcm i\u015f<span class=\"excerpt-hellip\"> [\u2026]<\/span><\/p>\n","protected":false},"featured_media":0,"template":"","meta":{"_monsterinsights_skip_tracking":false,"_monsterinsights_sitenote_active":false,"_monsterinsights_sitenote_note":"","_monsterinsights_sitenote_category":0},"product_brand":[],"product_cat":[12364,12376],"product_tag":[],"class_list":{"0":"post-714114","1":"product","2":"type-product","3":"status-publish","5":"product_cat-genel-konular","6":"product_cat-kisisel-gelisim","7":"pa_cilt-ciltsiz","8":"pa_tur-kitap","9":"pa_yayinevi-fark-yayinlari","10":"pa_yazar-murat-ertan","12":"first","13":"instock","14":"sale","15":"shipping-taxable","16":"purchasable","17":"product-type-simple"},"_links":{"self":[{"href":"https:\/\/roveyayinevi.com.tr\/index.php\/wp-json\/wp\/v2\/product\/714114","targetHints":{"allow":["GET"]}}],"collection":[{"href":"https:\/\/roveyayinevi.com.tr\/index.php\/wp-json\/wp\/v2\/product"}],"about":[{"href":"https:\/\/roveyayinevi.com.tr\/index.php\/wp-json\/wp\/v2\/types\/product"}],"wp:attachment":[{"href":"https:\/\/roveyayinevi.com.tr\/index.php\/wp-json\/wp\/v2\/media?parent=714114"}],"wp:term":[{"taxonomy":"product_brand","embeddable":true,"href":"https:\/\/roveyayinevi.com.tr\/index.php\/wp-json\/wp\/v2\/product_brand?post=714114"},{"taxonomy":"product_cat","embeddable":true,"href":"https:\/\/roveyayinevi.com.tr\/index.php\/wp-json\/wp\/v2\/product_cat?post=714114"},{"taxonomy":"product_tag","embeddable":true,"href":"https:\/\/roveyayinevi.com.tr\/index.php\/wp-json\/wp\/v2\/product_tag?post=714114"}],"curies":[{"name":"wp","href":"https:\/\/api.w.org\/{rel}","templated":true}]}}