{"id":714113,"date":"2025-08-27T17:15:12","date_gmt":"2025-08-27T14:15:12","guid":{"rendered":"https:\/\/roveyayinevi.com.tr\/index.php\/urun\/simsicak-aile-oykuleri\/"},"modified":"2026-04-16T02:22:42","modified_gmt":"2026-04-15T23:22:42","slug":"simsicak-aile-oykuleri","status":"publish","type":"product","link":"https:\/\/roveyayinevi.com.tr\/index.php\/urun\/simsicak-aile-oykuleri\/","title":{"rendered":"S\u0131ms\u0131cak Aile \u00d6yk\u00fcleri"},"content":{"rendered":"<p>SEVG\u0130 VE \u00d6P\u00dcC\u00dcK HED\u0130YES\u0130 Adam 3 ya\u015f\u0131ndaki k\u0131z\u0131n\u0131, pahal\u0131 bir hediyelik kaplama k\u00e2\u011f\u0131d\u0131n\u0131 ziyan etti\u011fi i\u00e7in azarlam\u0131\u015ft\u0131. K\u00fc\u00e7\u00fck k\u0131z, koskoca bir paket alt\u0131n yald\u0131zl\u0131 k\u00e2\u011f\u0131d\u0131 bir kutuyu e\u011fri b\u00fc\u011fr\u00fc sarmak i\u00e7in kullanm\u0131\u015ft\u0131&#8230; Y\u0131lba\u015f\u0131 sabah\u0131 k\u00fc\u00e7\u00fck k\u0131z\u0131, paketi getirip, \u201cBu senin babac\u0131\u011f\u0131m.\u201d Dedi\u011finde \u00fcz\u00fcld\u00fc. Acaba gere\u011finden fazla m\u0131 tepki g\u00f6stermi\u015fti k\u0131z\u0131na. Bir gece \u00f6nce yapt\u0131\u011f\u0131ndan utand\u0131. Ne var ki paketi a\u00e7\u0131nca yeniden \u00f6fkelendi. Kutunun i\u00e7i bo\u015ftu. K\u0131z\u0131na gene ba\u011f\u0131rd\u0131: \u2014Birisine   bir hediye verdi\u011finde, kutunun i\u00e7inde bir \u015fey olmas\u0131 laz\u0131m. Bunu da m\u0131 bilmiyorsun k\u00fc\u00e7\u00fck han\u0131m? K\u00fc\u00e7\u00fck k\u0131z g\u00f6zlerinde ya\u015flarla babas\u0131na bakt\u0131, \u201cO kutu bo\u015f de\u011fil ki baba\u201d dedi. \u201c\u0130\u00e7ini \u00f6p\u00fcc\u00fcklerimle doldurmu\u015ftum!\u201d Adam \u00f6yle fena oldu ki&#8230; Ko\u015ftu&#8230; K\u0131z\u0131na sar\u0131ld\u0131&#8230; Beraberce a\u011flad\u0131lar. <\/p>\n","protected":false},"excerpt":{"rendered":"<p>SEVG\u0130 VE \u00d6P\u00dcC\u00dcK HED\u0130YES\u0130 Adam 3 ya\u015f\u0131ndaki k\u0131z\u0131n\u0131, pahal\u0131 bir hediyelik kaplama k\u00e2\u011f\u0131d\u0131n\u0131 ziyan etti\u011fi i\u00e7in azarlam\u0131\u015ft\u0131. K\u00fc\u00e7\u00fck k\u0131z, koskoca bir paket alt\u0131n yald\u0131zl\u0131 k\u00e2\u011f\u0131d\u0131 bir<span class=\"excerpt-hellip\"> [\u2026]<\/span><\/p>\n","protected":false},"featured_media":0,"template":"","meta":{"_monsterinsights_skip_tracking":false,"_monsterinsights_sitenote_active":false,"_monsterinsights_sitenote_note":"","_monsterinsights_sitenote_category":0},"product_brand":[],"product_cat":[12364,12376],"product_tag":[],"class_list":{"0":"post-714113","1":"product","2":"type-product","3":"status-publish","5":"product_cat-genel-konular","6":"product_cat-kisisel-gelisim","7":"pa_cilt-ciltsiz","8":"pa_tur-kitap","9":"pa_yayinevi-fark-yayinlari","10":"pa_yazar-murat-ertan","12":"first","13":"instock","14":"sale","15":"shipping-taxable","16":"purchasable","17":"product-type-simple"},"_links":{"self":[{"href":"https:\/\/roveyayinevi.com.tr\/index.php\/wp-json\/wp\/v2\/product\/714113","targetHints":{"allow":["GET"]}}],"collection":[{"href":"https:\/\/roveyayinevi.com.tr\/index.php\/wp-json\/wp\/v2\/product"}],"about":[{"href":"https:\/\/roveyayinevi.com.tr\/index.php\/wp-json\/wp\/v2\/types\/product"}],"wp:attachment":[{"href":"https:\/\/roveyayinevi.com.tr\/index.php\/wp-json\/wp\/v2\/media?parent=714113"}],"wp:term":[{"taxonomy":"product_brand","embeddable":true,"href":"https:\/\/roveyayinevi.com.tr\/index.php\/wp-json\/wp\/v2\/product_brand?post=714113"},{"taxonomy":"product_cat","embeddable":true,"href":"https:\/\/roveyayinevi.com.tr\/index.php\/wp-json\/wp\/v2\/product_cat?post=714113"},{"taxonomy":"product_tag","embeddable":true,"href":"https:\/\/roveyayinevi.com.tr\/index.php\/wp-json\/wp\/v2\/product_tag?post=714113"}],"curies":[{"name":"wp","href":"https:\/\/api.w.org\/{rel}","templated":true}]}}