{"id":714112,"date":"2025-08-27T17:15:11","date_gmt":"2025-08-27T14:15:11","guid":{"rendered":"https:\/\/roveyayinevi.com.tr\/index.php\/urun\/sevgi-ve-mutluluk-oykuleri\/"},"modified":"2026-04-16T02:22:42","modified_gmt":"2026-04-15T23:22:42","slug":"sevgi-ve-mutluluk-oykuleri","status":"publish","type":"product","link":"https:\/\/roveyayinevi.com.tr\/index.php\/urun\/sevgi-ve-mutluluk-oykuleri\/","title":{"rendered":"Sevgi ve Mutluluk \u00d6yk\u00fcleri"},"content":{"rendered":"<p>Osmanl\u0131 analar\u0131ndan bir kad\u0131n evine bir tablo asar.Ak\u015fam evin efendisi eve geldi\u011finde, han\u0131m, beyine ast\u0131\u011f\u0131 resim tablosunu g\u00f6sterir. Adam: \u201cG\u00fczel\u201d der. \u201cBuraya de\u011fil de \u015furaya assayd\u0131n belki daha g\u00fczel olurdu\u201d. Kad\u0131n d\u00fc\u015fer, bay\u0131l\u0131r.Kendine gelince, \u201cNe oldu, ni\u00e7in bay\u0131ld\u0131n\u201d derler. Bunca y\u0131ll\u0131k e\u015fiyim, g\u00f6nl\u00fcnden ge\u00e7eni g\u00f6nl\u00fcm de duyacak kadar onu anlayamam\u0131\u015f\u0131m, ona \u00fcz\u00fcld\u00fc\u011f\u00fcm i\u00e7in bay\u0131ld\u0131m, cevab\u0131n\u0131 verir. <\/p>\n","protected":false},"excerpt":{"rendered":"<p>Osmanl\u0131 analar\u0131ndan bir kad\u0131n evine bir tablo asar.Ak\u015fam evin efendisi eve geldi\u011finde, han\u0131m, beyine ast\u0131\u011f\u0131 resim tablosunu g\u00f6sterir. Adam: \u201cG\u00fczel\u201d der. \u201cBuraya de\u011fil de \u015furaya assayd\u0131n<span class=\"excerpt-hellip\"> [\u2026]<\/span><\/p>\n","protected":false},"featured_media":0,"template":"","meta":{"_monsterinsights_skip_tracking":false,"_monsterinsights_sitenote_active":false,"_monsterinsights_sitenote_note":"","_monsterinsights_sitenote_category":0},"product_brand":[],"product_cat":[12364,12376],"product_tag":[],"class_list":{"0":"post-714112","1":"product","2":"type-product","3":"status-publish","5":"product_cat-genel-konular","6":"product_cat-kisisel-gelisim","7":"pa_cilt-ciltsiz","8":"pa_tur-kitap","9":"pa_yayinevi-fark-yayinlari","10":"pa_yazar-murat-ertan","12":"first","13":"instock","14":"sale","15":"shipping-taxable","16":"purchasable","17":"product-type-simple"},"_links":{"self":[{"href":"https:\/\/roveyayinevi.com.tr\/index.php\/wp-json\/wp\/v2\/product\/714112","targetHints":{"allow":["GET"]}}],"collection":[{"href":"https:\/\/roveyayinevi.com.tr\/index.php\/wp-json\/wp\/v2\/product"}],"about":[{"href":"https:\/\/roveyayinevi.com.tr\/index.php\/wp-json\/wp\/v2\/types\/product"}],"wp:attachment":[{"href":"https:\/\/roveyayinevi.com.tr\/index.php\/wp-json\/wp\/v2\/media?parent=714112"}],"wp:term":[{"taxonomy":"product_brand","embeddable":true,"href":"https:\/\/roveyayinevi.com.tr\/index.php\/wp-json\/wp\/v2\/product_brand?post=714112"},{"taxonomy":"product_cat","embeddable":true,"href":"https:\/\/roveyayinevi.com.tr\/index.php\/wp-json\/wp\/v2\/product_cat?post=714112"},{"taxonomy":"product_tag","embeddable":true,"href":"https:\/\/roveyayinevi.com.tr\/index.php\/wp-json\/wp\/v2\/product_tag?post=714112"}],"curies":[{"name":"wp","href":"https:\/\/api.w.org\/{rel}","templated":true}]}}