{"id":714111,"date":"2025-08-27T17:15:11","date_gmt":"2025-08-27T14:15:11","guid":{"rendered":"https:\/\/roveyayinevi.com.tr\/index.php\/urun\/hayat-ve-egitim-oykuleri\/"},"modified":"2026-04-08T02:29:15","modified_gmt":"2026-04-07T23:29:15","slug":"hayat-ve-egitim-oykuleri","status":"publish","type":"product","link":"https:\/\/roveyayinevi.com.tr\/index.php\/urun\/hayat-ve-egitim-oykuleri\/","title":{"rendered":"Hayat ve E\u011fitim \u00d6yk\u00fcleri"},"content":{"rendered":"<p>Sokrates, bald\u0131ran zehrini i\u00e7meden (idam edilmeden) az \u00f6nce, bir \u00f6\u011frencisinin elinde, ne oldu\u011funu bilmedi\u011fi bir m\u00fczik aleti g\u00f6r\u00fcr. \u201cBana bunun nas\u0131l \u00e7al\u0131nd\u0131\u011f\u0131n\u0131 anlat\u201d der. \u00d6\u011frenci, \u00fczg\u00fcn bir \u015fekilde: \u201c\u00d6\u011freteyim ama Hocam, san\u0131r\u0131m bunu \u00e7al\u0131p keyif alacak zaman\u0131n olmayacak\u201d der. Sokrates de: \u201cEvet, bunu \u00e7al\u0131p keyif alacak zaman\u0131m yok; ama \u00f6\u011frenmenin keyfi var ya\u2026\u201d der. <\/p>\n","protected":false},"excerpt":{"rendered":"<p>Sokrates, bald\u0131ran zehrini i\u00e7meden (idam edilmeden) az \u00f6nce, bir \u00f6\u011frencisinin elinde, ne oldu\u011funu bilmedi\u011fi bir m\u00fczik aleti g\u00f6r\u00fcr. \u201cBana bunun nas\u0131l \u00e7al\u0131nd\u0131\u011f\u0131n\u0131 anlat\u201d der. \u00d6\u011frenci, \u00fczg\u00fcn<span class=\"excerpt-hellip\"> [\u2026]<\/span><\/p>\n","protected":false},"featured_media":0,"template":"","meta":{"_monsterinsights_skip_tracking":false,"_monsterinsights_sitenote_active":false,"_monsterinsights_sitenote_note":"","_monsterinsights_sitenote_category":0},"product_brand":[],"product_cat":[12364,12376],"product_tag":[],"class_list":{"0":"post-714111","1":"product","2":"type-product","3":"status-publish","5":"product_cat-genel-konular","6":"product_cat-kisisel-gelisim","7":"pa_cilt-ciltsiz","8":"pa_tur-kitap","9":"pa_yayinevi-fark-yayinlari","10":"pa_yazar-murat-ertan","12":"first","13":"instock","14":"sale","15":"shipping-taxable","16":"purchasable","17":"product-type-simple"},"_links":{"self":[{"href":"https:\/\/roveyayinevi.com.tr\/index.php\/wp-json\/wp\/v2\/product\/714111","targetHints":{"allow":["GET"]}}],"collection":[{"href":"https:\/\/roveyayinevi.com.tr\/index.php\/wp-json\/wp\/v2\/product"}],"about":[{"href":"https:\/\/roveyayinevi.com.tr\/index.php\/wp-json\/wp\/v2\/types\/product"}],"wp:attachment":[{"href":"https:\/\/roveyayinevi.com.tr\/index.php\/wp-json\/wp\/v2\/media?parent=714111"}],"wp:term":[{"taxonomy":"product_brand","embeddable":true,"href":"https:\/\/roveyayinevi.com.tr\/index.php\/wp-json\/wp\/v2\/product_brand?post=714111"},{"taxonomy":"product_cat","embeddable":true,"href":"https:\/\/roveyayinevi.com.tr\/index.php\/wp-json\/wp\/v2\/product_cat?post=714111"},{"taxonomy":"product_tag","embeddable":true,"href":"https:\/\/roveyayinevi.com.tr\/index.php\/wp-json\/wp\/v2\/product_tag?post=714111"}],"curies":[{"name":"wp","href":"https:\/\/api.w.org\/{rel}","templated":true}]}}