{"id":714106,"date":"2025-08-27T17:15:08","date_gmt":"2025-08-27T14:15:08","guid":{"rendered":"https:\/\/roveyayinevi.com.tr\/index.php\/urun\/tekir-kedi-ile-kirlangic-hanim-bir-ask-hikayesi\/"},"modified":"2026-04-16T02:22:42","modified_gmt":"2026-04-15T23:22:42","slug":"tekir-kedi-ile-kirlangic-hanim-bir-ask-hikayesi","status":"publish","type":"product","link":"https:\/\/roveyayinevi.com.tr\/index.php\/urun\/tekir-kedi-ile-kirlangic-hanim-bir-ask-hikayesi\/","title":{"rendered":"Tekir Kedi \u0130le K\u0131rlang\u0131\u00e7 Han\u0131m Bir A\u015fk Hikayesi"},"content":{"rendered":"<p>Bizden duymu\u015f olmay\u0131n ama parkta ya\u015fayan hayvanlar\u0131n korkulu r\u00fcyas\u0131, herkesin k\u00f6\u015fe bucak ka\u00e7t\u0131\u011f\u0131, sinirli, huysuz ve ac\u0131mas\u0131z Tekir Kedi var ya? Hah, i\u015fte o korkun\u00e7 yarat\u0131k; zarif mi zarif, cilveli mi cilveli K\u0131rlang\u0131\u00e7 Han\u0131m\u2019a \u00e2\u015f\u0131k olmu\u015f! Aman siz bunu y\u00fcksek sesle s\u00f6ylemeyin, Tekir Kedi her yerde olabilir&#8230; \u015e\u0131\u015fttt! Usta yazar Jorge Amado bu \u00f6yk\u00fcy\u00fc 1948 y\u0131l\u0131nda, o\u011flu bir ya\u015f\u0131na bast\u0131\u011f\u0131 zaman ona do\u011fum g\u00fcn\u00fc hediyesi olarak yazm\u0131\u015f. Jo\u00e3o b\u00fcy\u00fcyene kadar bir\u00e7ok kez dinlemi\u015f Tekir Kedi ile K\u0131rlang\u0131\u00e7 Han\u0131m masal\u0131n\u0131 ama babas\u0131n\u0131n daktiloyla yazd\u0131\u011f\u0131 as\u0131l metni ancak 1976 y\u0131l\u0131nda bulmu\u015f. Ve okudu\u011funda o kadar be\u011fenmi\u015f ki, \u00fcstat Caryb\u00e9\u2019ye g\u00f6ndermi\u015f. O da hem ho\u015funa gitti\u011fi i\u00e7in hem de dostluk olsun diye, daktiloyla yaz\u0131lm\u0131\u015f sayfalar\u0131n \u00fcst\u00fcne o kadar g\u00fczel resimler \u00e7izmi\u015f ki herkes hayran kalm\u0131\u015f. <\/p>\n","protected":false},"excerpt":{"rendered":"<p>Bizden duymu\u015f olmay\u0131n ama parkta ya\u015fayan hayvanlar\u0131n korkulu r\u00fcyas\u0131, herkesin k\u00f6\u015fe bucak ka\u00e7t\u0131\u011f\u0131, sinirli, huysuz ve ac\u0131mas\u0131z Tekir Kedi var ya? Hah, i\u015fte o korkun\u00e7 yarat\u0131k;<span class=\"excerpt-hellip\"> [\u2026]<\/span><\/p>\n","protected":false},"featured_media":0,"template":"","meta":{"_monsterinsights_skip_tracking":false,"_monsterinsights_sitenote_active":false,"_monsterinsights_sitenote_note":"","_monsterinsights_sitenote_category":0},"product_brand":[],"product_cat":[12275,12274],"product_tag":[],"class_list":{"0":"post-714106","1":"product","2":"type-product","3":"status-publish","5":"product_cat-6-12-yas-kitaplari","6":"product_cat-cocuk-ve-genclik-kitaplari","7":"pa_cilt-ciltsiz","8":"pa_tur-kitap","9":"pa_yayinevi-kirmizi-kedi-yayinevi","10":"pa_yazar-jorge-amado","12":"first","13":"instock","14":"sale","15":"shipping-taxable","16":"purchasable","17":"product-type-simple"},"_links":{"self":[{"href":"https:\/\/roveyayinevi.com.tr\/index.php\/wp-json\/wp\/v2\/product\/714106","targetHints":{"allow":["GET"]}}],"collection":[{"href":"https:\/\/roveyayinevi.com.tr\/index.php\/wp-json\/wp\/v2\/product"}],"about":[{"href":"https:\/\/roveyayinevi.com.tr\/index.php\/wp-json\/wp\/v2\/types\/product"}],"wp:attachment":[{"href":"https:\/\/roveyayinevi.com.tr\/index.php\/wp-json\/wp\/v2\/media?parent=714106"}],"wp:term":[{"taxonomy":"product_brand","embeddable":true,"href":"https:\/\/roveyayinevi.com.tr\/index.php\/wp-json\/wp\/v2\/product_brand?post=714106"},{"taxonomy":"product_cat","embeddable":true,"href":"https:\/\/roveyayinevi.com.tr\/index.php\/wp-json\/wp\/v2\/product_cat?post=714106"},{"taxonomy":"product_tag","embeddable":true,"href":"https:\/\/roveyayinevi.com.tr\/index.php\/wp-json\/wp\/v2\/product_tag?post=714106"}],"curies":[{"name":"wp","href":"https:\/\/api.w.org\/{rel}","templated":true}]}}