{"id":714105,"date":"2025-08-27T17:15:07","date_gmt":"2025-08-27T14:15:07","guid":{"rendered":"https:\/\/roveyayinevi.com.tr\/index.php\/urun\/benim-kucuk-imparatorlugum-murtaza-celikel-kitabi\/"},"modified":"2026-04-16T02:22:42","modified_gmt":"2026-04-15T23:22:42","slug":"benim-kucuk-imparatorlugum-murtaza-celikel-kitabi","status":"publish","type":"product","link":"https:\/\/roveyayinevi.com.tr\/index.php\/urun\/benim-kucuk-imparatorlugum-murtaza-celikel-kitabi\/","title":{"rendered":"Benim K\u00fc\u00e7\u00fck \u0130mparatorlu\u011fum Murtaza \u00c7elikel Kitab\u0131"},"content":{"rendered":"<p>kiye i\u015f, ekonomi ve siyaset d\u00fcnyas\u0131n\u0131n tan\u0131nm\u0131\u015f isimlerinden Murtaza \u00c7elikel, Benim K\u00fc\u00e7\u00fck \u0130mparatorlu\u011fum\u2019da ya\u015fad\u0131klar\u0131n\u0131, tan\u0131kl\u0131klar\u0131n\u0131 ve \u00e7al\u0131\u015fma ya\u015fam\u0131n\u0131 anlat\u0131yor, bir anlamda \u201cd\u00fcnyas\u0131n\u0131 a\u00e7\u0131yor\u201d.  Bu ya\u015fam \u00f6yk\u00fcs\u00fc, okurlara ayn\u0131 zamanda T\u00fcrkiye\u2019nin son 70 y\u0131ll\u0131k ser\u00fcvenini sunarken yak\u0131n d\u00f6nem tarihimizdeki hal ve gidi\u015fe dair \u00e7arp\u0131c\u0131 notlar, an\u0131lar, isimleri, \u00c7elikel\u2019in tad\u0131na doyulmaz \u00fcslubuyla aktar\u0131yor. \u201cDostum Murtaza \u00c7elikel\u2019in, i\u015fadaml\u0131\u011f\u0131n\u0131 \u2018k\u00fc\u00e7\u00fck imparatorlu\u011fu\u2019 i\u00e7inde s\u00fcrd\u00fcr\u00fcrken kat\u0131ld\u0131\u011f\u0131 siyasetin \u00e7izgisi, sa\u011fl\u0131ks\u0131z geli\u015fmenin d\u0131\u015f\u0131nda kalan nadir \u00f6rneklerden biridir. \u00c7elikel, demokrasimizin daha ilk d\u00f6nemlerinden itibaren, gelip ge\u00e7en iktidarlardan, sivil olanlar\u0131n\u0131n da askeri olanlar\u0131n\u0131n da i\u015f insanlar\u0131na kar\u015f\u0131 her t\u00fcrl\u00fc bask\u0131c\u0131 \u00f6nlemlerine muhatap olmu\u015ftur. Ama siyaset hayat\u0131n\u0131n \u2018ortan\u0131n solundaki\u2019 \u00e7izgisi \u00fczerinde aktif g\u00f6revler almaktan \u00e7ekinmemi\u015f, d\u00fc\u015f\u00fcnd\u00fc\u011f\u00fcn\u00fc s\u00f6ylemekten ve uygulamaktan geri kalmam\u0131\u015ft\u0131r.\u201d Altan \u00d6ymen \u201c\u00c7elikel\u2019in an\u0131lar\u0131nda 6-7 Eyl\u00fcl olaylar\u0131ndan 27 May\u0131s\u2019a, 14\u2019ler olay\u0131ndan 22 \u015eubat ve 21 May\u0131s ayaklanmalar\u0131na kadar bir\u00e7ok \u00f6nemli olay ve Nihat Erim\u2019den Aziz Nesin\u2019e, S\u00fcleyman Demirel\u2019den Zekeriya Sertel\u2019e kadar bir\u00e7ok \u00f6nemli isim yer al\u0131yor.\u201d  Burhan \u015eenatalar <\/p>\n","protected":false},"excerpt":{"rendered":"<p>kiye i\u015f, ekonomi ve siyaset d\u00fcnyas\u0131n\u0131n tan\u0131nm\u0131\u015f isimlerinden Murtaza \u00c7elikel, Benim K\u00fc\u00e7\u00fck \u0130mparatorlu\u011fum\u2019da ya\u015fad\u0131klar\u0131n\u0131, tan\u0131kl\u0131klar\u0131n\u0131 ve \u00e7al\u0131\u015fma ya\u015fam\u0131n\u0131 anlat\u0131yor, bir anlamda \u201cd\u00fcnyas\u0131n\u0131 a\u00e7\u0131yor\u201d. Bu ya\u015fam \u00f6yk\u00fcs\u00fc,<span class=\"excerpt-hellip\"> [\u2026]<\/span><\/p>\n","protected":false},"featured_media":0,"template":"","meta":{"_monsterinsights_skip_tracking":false,"_monsterinsights_sitenote_active":false,"_monsterinsights_sitenote_note":"","_monsterinsights_sitenote_category":0},"product_brand":[],"product_cat":[13701,12291],"product_tag":[],"class_list":{"0":"post-714105","1":"product","2":"type-product","3":"status-publish","5":"product_cat-ani-mektup-gunluk","6":"product_cat-edebiyat","7":"pa_cilt-ciltsiz","8":"pa_tur-kitap","9":"pa_yayinevi-kirmizi-kedi-yayinevi","10":"pa_yazar-berat-guncikan","12":"first","13":"instock","14":"sale","15":"shipping-taxable","16":"purchasable","17":"product-type-simple"},"_links":{"self":[{"href":"https:\/\/roveyayinevi.com.tr\/index.php\/wp-json\/wp\/v2\/product\/714105","targetHints":{"allow":["GET"]}}],"collection":[{"href":"https:\/\/roveyayinevi.com.tr\/index.php\/wp-json\/wp\/v2\/product"}],"about":[{"href":"https:\/\/roveyayinevi.com.tr\/index.php\/wp-json\/wp\/v2\/types\/product"}],"wp:attachment":[{"href":"https:\/\/roveyayinevi.com.tr\/index.php\/wp-json\/wp\/v2\/media?parent=714105"}],"wp:term":[{"taxonomy":"product_brand","embeddable":true,"href":"https:\/\/roveyayinevi.com.tr\/index.php\/wp-json\/wp\/v2\/product_brand?post=714105"},{"taxonomy":"product_cat","embeddable":true,"href":"https:\/\/roveyayinevi.com.tr\/index.php\/wp-json\/wp\/v2\/product_cat?post=714105"},{"taxonomy":"product_tag","embeddable":true,"href":"https:\/\/roveyayinevi.com.tr\/index.php\/wp-json\/wp\/v2\/product_tag?post=714105"}],"curies":[{"name":"wp","href":"https:\/\/api.w.org\/{rel}","templated":true}]}}