{"id":714104,"date":"2025-08-27T17:15:06","date_gmt":"2025-08-27T14:15:06","guid":{"rendered":"https:\/\/roveyayinevi.com.tr\/index.php\/urun\/dinler-mitolojiler-sozlugu-2\/"},"modified":"2026-04-16T02:22:42","modified_gmt":"2026-04-15T23:22:42","slug":"dinler-mitolojiler-sozlugu-2","status":"publish","type":"product","link":"https:\/\/roveyayinevi.com.tr\/index.php\/urun\/dinler-mitolojiler-sozlugu-2\/","title":{"rendered":"Dinler Mitolojiler S\u00f6zl\u00fc\u011f\u00fc 2"},"content":{"rendered":"<p>\u201cG\u00fc\u00e7l\u00fc mitler taraf\u0131ndan y\u00f6netilen bir d\u00fcnyada,ba\u011fl\u0131 oldu\u011fumuz mitolojik sistemlerin, sosyal kurumlar\u0131n ve ak\u0131mlar\u0131n birbirlerini nas\u0131l beslediklerini daha dikkatli d\u00fc\u015f\u00fcnerek, hem kendimizi hem de ba\u015fkalar\u0131n\u0131 kavray\u0131\u015f\u0131m\u0131z\u0131 derinle\u015ftirmek zorunday\u0131z. Yves Bonnefoy\u2019un Mitolojiler\u2019i sadece bu do\u011frultuda yap\u0131lm\u0131\u015f olan ilerlemeyi \u00f6zetlemekle kalm\u0131yor, ayn\u0131 zamanda \u00f6n\u00fcm\u00fczdeki g\u00fc\u00e7 i\u015fin de temellerini at\u0131yor.\u201d-Mark C. Taylor, New York Times \u201cYaln\u0131zca mitler ve kutsal anlat\u0131lar hakk\u0131nda bir kitap de\u011fil &#8230; Yaln\u0131zca bir s\u00f6zl\u00fck ya da ansiklopedi de de\u011fil,\u201d ama \u201cbir grup mitoloji uzman\u0131n\u0131n mitoloji (ve mitoloji sistemleri, hatta mitoloji hakk\u0131nda d\u00fc\u015f\u00fcnce sistemleri) \u00fczerine yazd\u0131\u011f\u0131 \u00f6zg\u00fcn makalelerden olu\u015fan al\u0131\u015f\u0131lmad\u0131k bir kitap.\u201d-Wendy Doniger <\/p>\n","protected":false},"excerpt":{"rendered":"<p>\u201cG\u00fc\u00e7l\u00fc mitler taraf\u0131ndan y\u00f6netilen bir d\u00fcnyada,ba\u011fl\u0131 oldu\u011fumuz mitolojik sistemlerin, sosyal kurumlar\u0131n ve ak\u0131mlar\u0131n birbirlerini nas\u0131l beslediklerini daha dikkatli d\u00fc\u015f\u00fcnerek, hem kendimizi hem de ba\u015fkalar\u0131n\u0131 kavray\u0131\u015f\u0131m\u0131z\u0131 derinle\u015ftirmek<span class=\"excerpt-hellip\"> [\u2026]<\/span><\/p>\n","protected":false},"featured_media":0,"template":"","meta":{"_monsterinsights_skip_tracking":false,"_monsterinsights_sitenote_active":false,"_monsterinsights_sitenote_note":"","_monsterinsights_sitenote_category":0},"product_brand":[],"product_cat":[12718,12858],"product_tag":[],"class_list":{"0":"post-714104","1":"product","2":"type-product","3":"status-publish","5":"product_cat-din","6":"product_cat-mitolojiler","7":"pa_cilt-ciltli","8":"pa_tur-kitap","9":"pa_yayinevi-alfa-yayinlari","10":"pa_yazar-yves-bonnefoy","12":"first","13":"instock","14":"sale","15":"shipping-taxable","16":"purchasable","17":"product-type-simple"},"_links":{"self":[{"href":"https:\/\/roveyayinevi.com.tr\/index.php\/wp-json\/wp\/v2\/product\/714104","targetHints":{"allow":["GET"]}}],"collection":[{"href":"https:\/\/roveyayinevi.com.tr\/index.php\/wp-json\/wp\/v2\/product"}],"about":[{"href":"https:\/\/roveyayinevi.com.tr\/index.php\/wp-json\/wp\/v2\/types\/product"}],"wp:attachment":[{"href":"https:\/\/roveyayinevi.com.tr\/index.php\/wp-json\/wp\/v2\/media?parent=714104"}],"wp:term":[{"taxonomy":"product_brand","embeddable":true,"href":"https:\/\/roveyayinevi.com.tr\/index.php\/wp-json\/wp\/v2\/product_brand?post=714104"},{"taxonomy":"product_cat","embeddable":true,"href":"https:\/\/roveyayinevi.com.tr\/index.php\/wp-json\/wp\/v2\/product_cat?post=714104"},{"taxonomy":"product_tag","embeddable":true,"href":"https:\/\/roveyayinevi.com.tr\/index.php\/wp-json\/wp\/v2\/product_tag?post=714104"}],"curies":[{"name":"wp","href":"https:\/\/api.w.org\/{rel}","templated":true}]}}