{"id":714103,"date":"2025-08-27T17:15:06","date_gmt":"2025-08-27T14:15:06","guid":{"rendered":"https:\/\/roveyayinevi.com.tr\/index.php\/urun\/cagdas-cocuk-yazini-yazin-egitimine-atilan-ilk-adim\/"},"modified":"2026-04-16T02:22:42","modified_gmt":"2026-04-15T23:22:42","slug":"cagdas-cocuk-yazini-yazin-egitimine-atilan-ilk-adim","status":"publish","type":"product","link":"https:\/\/roveyayinevi.com.tr\/index.php\/urun\/cagdas-cocuk-yazini-yazin-egitimine-atilan-ilk-adim\/","title":{"rendered":"\u00c7a\u011fda\u015f \u00c7ocuk Yaz\u0131n\u0131 &#8211; Yaz\u0131n E\u011fitimine At\u0131lan \u0130lk Ad\u0131m"},"content":{"rendered":"<p>\u00c7a\u011fda\u015f \u00e7ocuk yaz\u0131n\u0131 mercek alt\u0131nda!\u00c7ocuk ve gen\u00e7lik yaz\u0131n\u0131 alan\u0131ndaki \u00e7al\u0131\u015fmalar\u0131yla tan\u0131nan Prof. Dr. Selahattin Dilid\u00fczg\u00fcn\u2019den, \u00e7ocuklar\u0131 \u201cokur\u201d k\u0131lmak isteyen \u00f6\u011fretmenlere ve ebeveynlere yol g\u00f6stermesi i\u00e7in haz\u0131rlanan kapsaml\u0131 bir ba\u015fvuru kitab\u0131: \u00c7a\u011fda\u015f \u00c7ocuk Yaz\u0131n\u0131Bu kitap, \u00e7ocuk yaz\u0131n\u0131n\u0131n, bireyin yaz\u0131n e\u011fitimine olan katk\u0131lar\u0131n\u0131 bilimsel olarak tart\u0131\u015fman\u0131n yan\u0131 s\u0131ra, \u00e7ocuk yaz\u0131n\u0131ndaki farkl\u0131 edebi t\u00fcrlere kar\u015f\u0131 duyulan \u00f6nyarg\u0131lar\u0131n giderilmesine katk\u0131da bulunuyor.  Salt kuramsall\u0131\u011fa ka\u00e7madan, \u00e2deta okuruyla kar\u015f\u0131l\u0131kl\u0131 konu\u015fur ya da tart\u0131\u015ft\u0131r\u0131rcas\u0131na bir \u00fcslup geli\u015ftiren \u00c7a\u011fda\u015f \u00c7ocuk Yaz\u0131n\u0131, a\u00e7\u0131klay\u0131c\u0131, \u00f6rneklerle zenginle\u015ftirilmi\u015f i\u00e7eri\u011fiyle, y\u00f6nlendirici ve ufuk a\u00e7\u0131c\u0131 bir kitap.Prof. Dr. Selahattin Dilid\u00fczg\u00fcn, \u00e7ocuk yaz\u0131n\u0131na giri\u015f niteli\u011findeki bu ba\u015fvuru kitab\u0131yla, \u00e7ocuk yaz\u0131n\u0131na merak uyand\u0131rmaya \u00e7al\u0131\u015farak, ilgili t\u00fcm \u00f6zneleri daha fazla okumaya, ara\u015ft\u0131rmaya ve sorgulamaya y\u00f6nlendiriyor. \u00c7e\u015fitli \u00f6rneklerle zenginle\u015ftirilmi\u015f kapsaml\u0131 i\u00e7eri\u011fini \u201cT\u00fcrkiye\u2019de Yaz\u0131n E\u011fitimi ve \u00c7ocuk Yaz\u0131n\u0131\u201d, \u201cMasallar\u201d, \u201cFantastik \u00c7ocuk Kitaplar\u0131\u201d, \u201cGer\u00e7ek\u00e7i \u00c7ocuk Yaz\u0131n\u0131\u201d olmak \u00fczere d\u00f6rt ana ba\u015fl\u0131kta toplayan \u00c7a\u011fda\u015f \u00c7ocuk Yaz\u0131n\u0131, \u00f6zg\u00fcn metniyle bu alanda haz\u0131rlanm\u0131\u015f di\u011fer b\u00fct\u00fcn kitaplardan ayr\u0131\u015f\u0131yor.   \u00c7ocuk yaz\u0131n\u0131n\u0131n d\u00fcnyadaki ve T\u00fcrkiye\u2019deki varl\u0131\u011f\u0131na ve geli\u015fimine dair bilgi ve g\u00f6r\u00fc\u015flerini aktar\u0131rken kusursuz bir kar\u015f\u0131la\u015ft\u0131rmal\u0131 ara\u015ft\u0131rma y\u00f6ntemi sergileyen \u00c7a\u011fda\u015f \u00c7ocuk Yaz\u0131n\u0131, payla\u015ft\u0131\u011f\u0131 \u00f6rneklerin yard\u0131m\u0131yla, farkl\u0131 edebi t\u00fcrlerde verilen yap\u0131tlar\u0131n \u00e7ocuklar\u0131n okurluk ya\u015fam\u0131na nas\u0131l katk\u0131da bulunabilece\u011fini tart\u0131\u015f\u0131yor. \u00d6nceki y\u0131llarda iki ayr\u0131 bask\u0131 yapan \u00c7a\u011fda\u015f \u00c7ocuk Yaz\u0131n\u0131, g\u00f6zden ge\u00e7irilmi\u015f metni, Ferit Avc\u0131 imzal\u0131 yeni kapak g\u00f6rseli ve \u00f6zenli bask\u0131s\u0131yla Tudem Yay\u0131nlar\u0131 taraf\u0131ndan yeniden okurla bulu\u015fturuluyor. <\/p>\n","protected":false},"excerpt":{"rendered":"<p>\u00c7a\u011fda\u015f \u00e7ocuk yaz\u0131n\u0131 mercek alt\u0131nda!\u00c7ocuk ve gen\u00e7lik yaz\u0131n\u0131 alan\u0131ndaki \u00e7al\u0131\u015fmalar\u0131yla tan\u0131nan Prof. Dr. Selahattin Dilid\u00fczg\u00fcn\u2019den, \u00e7ocuklar\u0131 \u201cokur\u201d k\u0131lmak isteyen \u00f6\u011fretmenlere ve ebeveynlere yol g\u00f6stermesi i\u00e7in haz\u0131rlanan<span class=\"excerpt-hellip\"> [\u2026]<\/span><\/p>\n","protected":false},"featured_media":0,"template":"","meta":{"_monsterinsights_skip_tracking":false,"_monsterinsights_sitenote_active":false,"_monsterinsights_sitenote_note":"","_monsterinsights_sitenote_category":0},"product_brand":[],"product_cat":[13072,12291],"product_tag":[],"class_list":{"0":"post-714103","1":"product","2":"type-product","3":"status-publish","5":"product_cat-arastirma-inceleme-referans","6":"product_cat-edebiyat","7":"pa_cilt-ciltsiz","8":"pa_tur-kitap","9":"pa_yayinevi-tudem-yayinlari","10":"pa_yazar-selahattin-diliduzgun","12":"first","13":"instock","14":"sale","15":"shipping-taxable","16":"purchasable","17":"product-type-simple"},"_links":{"self":[{"href":"https:\/\/roveyayinevi.com.tr\/index.php\/wp-json\/wp\/v2\/product\/714103","targetHints":{"allow":["GET"]}}],"collection":[{"href":"https:\/\/roveyayinevi.com.tr\/index.php\/wp-json\/wp\/v2\/product"}],"about":[{"href":"https:\/\/roveyayinevi.com.tr\/index.php\/wp-json\/wp\/v2\/types\/product"}],"wp:attachment":[{"href":"https:\/\/roveyayinevi.com.tr\/index.php\/wp-json\/wp\/v2\/media?parent=714103"}],"wp:term":[{"taxonomy":"product_brand","embeddable":true,"href":"https:\/\/roveyayinevi.com.tr\/index.php\/wp-json\/wp\/v2\/product_brand?post=714103"},{"taxonomy":"product_cat","embeddable":true,"href":"https:\/\/roveyayinevi.com.tr\/index.php\/wp-json\/wp\/v2\/product_cat?post=714103"},{"taxonomy":"product_tag","embeddable":true,"href":"https:\/\/roveyayinevi.com.tr\/index.php\/wp-json\/wp\/v2\/product_tag?post=714103"}],"curies":[{"name":"wp","href":"https:\/\/api.w.org\/{rel}","templated":true}]}}