{"id":714102,"date":"2025-08-27T17:15:05","date_gmt":"2025-08-27T14:15:05","guid":{"rendered":"https:\/\/roveyayinevi.com.tr\/index.php\/urun\/din-ve-iktisadi-faaliyet-protestan-ahlak-kapitalizmin-yukselisi-ve-bilginin-suistimali\/"},"modified":"2026-04-16T02:22:42","modified_gmt":"2026-04-15T23:22:42","slug":"din-ve-iktisadi-faaliyet-protestan-ahlak-kapitalizmin-yukselisi-ve-bilginin-suistimali","status":"publish","type":"product","link":"https:\/\/roveyayinevi.com.tr\/index.php\/urun\/din-ve-iktisadi-faaliyet-protestan-ahlak-kapitalizmin-yukselisi-ve-bilginin-suistimali\/","title":{"rendered":"Din ve \u0130ktisadi Faaliyet &#8211; Protestan Ahlak, Kapitalizmin Y\u00fckseli\u015fi ve Bilginin Suistimali"},"content":{"rendered":"<p>Kapitalizmin P\u00fcriten Protestan ahl\u00e2k de\u011ferleri ile geli\u015fti\u011fi d\u00fc\u015f\u00fcncesi, iktisat tarih\u00e7ileri aras\u0131nda ilgi uyand\u0131rd\u0131. \u0130lk kez Max Weber taraf\u0131ndan dile getirilen bu tez, R. H. Tawney\u2019in yaz\u0131lar\u0131yla yay\u0131ld\u0131. Samuelsson, bu kitapta Weber\u2019in tezlerine ve Tawney\u2019in d\u00fc\u015f\u00fcncelerinin \u00e7o\u011funa itiraz ediyor ve kar\u015f\u0131 tezler ileri s\u00fcr\u00fcyor. O, P\u00fcritan ahl\u00e2k\u0131 ile kapitalizmin ruhu aras\u0131nda kurulan ili\u015fkinin tutarl\u0131 olmad\u0131\u011f\u0131n\u0131 ve bu tezin akademik suistimale varacak \u015fekilde pop\u00fcler h\u00e2le gelmesini ele\u015ftiriyor. Bu kitap, kapitalizmin geli\u015finin alt\u0131nda yatan ba\u015fka etkenlere dikkat \u00e7ekiyor; bu y\u00f6n\u00fcyle din ve iktisat ili\u015fkisine ilgi duyanlar\u0131n zevkle okuyacaklar\u0131 bir \u00e7al\u0131\u015fmad\u0131r. \ufffcTan\u0131t\u0131m Metni<\/p>\n","protected":false},"excerpt":{"rendered":"<p>Kapitalizmin P\u00fcriten Protestan ahl\u00e2k de\u011ferleri ile geli\u015fti\u011fi d\u00fc\u015f\u00fcncesi, iktisat tarih\u00e7ileri aras\u0131nda ilgi uyand\u0131rd\u0131. \u0130lk kez Max Weber taraf\u0131ndan dile getirilen bu tez, R. H. Tawney\u2019in yaz\u0131lar\u0131yla<span class=\"excerpt-hellip\"> [\u2026]<\/span><\/p>\n","protected":false},"featured_media":0,"template":"","meta":{"_monsterinsights_skip_tracking":false,"_monsterinsights_sitenote_active":false,"_monsterinsights_sitenote_note":"","_monsterinsights_sitenote_category":0},"product_brand":[],"product_cat":[12388,15536],"product_tag":[],"class_list":{"0":"post-714102","1":"product","2":"type-product","3":"status-publish","5":"product_cat-felsefe","6":"product_cat-siyaset-felsefesi","7":"pa_cilt-ciltsiz","8":"pa_tur-kitap","9":"pa_yayinevi-liberte-yayinlari","10":"pa_yazar-kurt-samuelsson","12":"first","13":"instock","14":"sale","15":"shipping-taxable","16":"purchasable","17":"product-type-simple"},"_links":{"self":[{"href":"https:\/\/roveyayinevi.com.tr\/index.php\/wp-json\/wp\/v2\/product\/714102","targetHints":{"allow":["GET"]}}],"collection":[{"href":"https:\/\/roveyayinevi.com.tr\/index.php\/wp-json\/wp\/v2\/product"}],"about":[{"href":"https:\/\/roveyayinevi.com.tr\/index.php\/wp-json\/wp\/v2\/types\/product"}],"wp:attachment":[{"href":"https:\/\/roveyayinevi.com.tr\/index.php\/wp-json\/wp\/v2\/media?parent=714102"}],"wp:term":[{"taxonomy":"product_brand","embeddable":true,"href":"https:\/\/roveyayinevi.com.tr\/index.php\/wp-json\/wp\/v2\/product_brand?post=714102"},{"taxonomy":"product_cat","embeddable":true,"href":"https:\/\/roveyayinevi.com.tr\/index.php\/wp-json\/wp\/v2\/product_cat?post=714102"},{"taxonomy":"product_tag","embeddable":true,"href":"https:\/\/roveyayinevi.com.tr\/index.php\/wp-json\/wp\/v2\/product_tag?post=714102"}],"curies":[{"name":"wp","href":"https:\/\/api.w.org\/{rel}","templated":true}]}}