{"id":714099,"date":"2025-08-27T17:15:03","date_gmt":"2025-08-27T14:15:03","guid":{"rendered":"https:\/\/roveyayinevi.com.tr\/index.php\/urun\/kar-benek-kara-benek\/"},"modified":"2026-04-16T02:22:27","modified_gmt":"2026-04-15T23:22:27","slug":"kar-benek-kara-benek","status":"publish","type":"product","link":"https:\/\/roveyayinevi.com.tr\/index.php\/urun\/kar-benek-kara-benek\/","title":{"rendered":"Kar Benek Kara Benek"},"content":{"rendered":"<p>Buz Adas\u0131\u2019nda ya\u015fayan Kara Benekli Kar K\u00f6pekleri ve Tuz Adas\u0131\u2019nda ya\u015fayan Kar Benekli Kara K\u00f6pekler\u2026 Adalar gittik\u00e7e birbirine yakla\u015f\u0131yor, yakla\u015ft\u0131k\u00e7a da r\u00fczg\u00e2r iki ada aras\u0131nda k\u00f6peklerin kokusunu ta\u015f\u0131yor. Yabanc\u0131 k\u00f6pekler, di\u011fer yabanc\u0131 k\u00f6peklerin yabanc\u0131 kokular\u0131ndan hi\u00e7 ama hi\u00e7 ho\u015flanm\u0131yor&#8230; K\u00f6peklerin h\u0131rrrlamalar\u0131n\u0131 duyuyor musunuz? Peki uzaklardan gelen \u0131sl\u0131k sesini? <\/p>\n","protected":false},"excerpt":{"rendered":"<p>Buz Adas\u0131\u2019nda ya\u015fayan Kara Benekli Kar K\u00f6pekleri ve Tuz Adas\u0131\u2019nda ya\u015fayan Kar Benekli Kara K\u00f6pekler\u2026 Adalar gittik\u00e7e birbirine yakla\u015f\u0131yor, yakla\u015ft\u0131k\u00e7a da r\u00fczg\u00e2r iki ada aras\u0131nda k\u00f6peklerin<span class=\"excerpt-hellip\"> [\u2026]<\/span><\/p>\n","protected":false},"featured_media":0,"template":"","meta":{"_monsterinsights_skip_tracking":false,"_monsterinsights_sitenote_active":false,"_monsterinsights_sitenote_note":"","_monsterinsights_sitenote_category":0},"product_brand":[],"product_cat":[12913,12274],"product_tag":[],"class_list":{"0":"post-714099","1":"product","2":"type-product","3":"status-publish","5":"product_cat-3-6-yas-kitaplari","6":"product_cat-cocuk-ve-genclik-kitaplari","7":"pa_cilt-ciltsiz","8":"pa_tur-kitap","9":"pa_yayinevi-kuraldisi-yayinevi","10":"pa_yazar-siirsel-tas","12":"first","13":"instock","14":"sale","15":"shipping-taxable","16":"purchasable","17":"product-type-simple"},"_links":{"self":[{"href":"https:\/\/roveyayinevi.com.tr\/index.php\/wp-json\/wp\/v2\/product\/714099","targetHints":{"allow":["GET"]}}],"collection":[{"href":"https:\/\/roveyayinevi.com.tr\/index.php\/wp-json\/wp\/v2\/product"}],"about":[{"href":"https:\/\/roveyayinevi.com.tr\/index.php\/wp-json\/wp\/v2\/types\/product"}],"wp:attachment":[{"href":"https:\/\/roveyayinevi.com.tr\/index.php\/wp-json\/wp\/v2\/media?parent=714099"}],"wp:term":[{"taxonomy":"product_brand","embeddable":true,"href":"https:\/\/roveyayinevi.com.tr\/index.php\/wp-json\/wp\/v2\/product_brand?post=714099"},{"taxonomy":"product_cat","embeddable":true,"href":"https:\/\/roveyayinevi.com.tr\/index.php\/wp-json\/wp\/v2\/product_cat?post=714099"},{"taxonomy":"product_tag","embeddable":true,"href":"https:\/\/roveyayinevi.com.tr\/index.php\/wp-json\/wp\/v2\/product_tag?post=714099"}],"curies":[{"name":"wp","href":"https:\/\/api.w.org\/{rel}","templated":true}]}}