{"id":714098,"date":"2025-08-27T17:15:03","date_gmt":"2025-08-27T14:15:03","guid":{"rendered":"https:\/\/roveyayinevi.com.tr\/index.php\/urun\/hmm-dedi-doktor-anjio-olmaniz-gerekiyor\/"},"modified":"2026-04-16T02:22:27","modified_gmt":"2026-04-15T23:22:27","slug":"hmm-dedi-doktor-anjio-olmaniz-gerekiyor","status":"publish","type":"product","link":"https:\/\/roveyayinevi.com.tr\/index.php\/urun\/hmm-dedi-doktor-anjio-olmaniz-gerekiyor\/","title":{"rendered":"Hmm! Dedi Doktor; Anjio Olman\u0131z Gerekiyor&#8230;"},"content":{"rendered":"<p>Merhaba, Ben Prof. Dr. Sadi G\u00fcle\u00e7. Kalp hastal\u0131klar\u0131 uzman\u0131y\u0131m. Bu sat\u0131rlar\u0131 okudu\u011funuza g\u00f6re siz ya da sevdiklerinizin kalbinde bir sorun var demektir. Hay\u0131r, yok diyorsan\u0131z yak\u0131nlarda anjiyo yap\u0131lmas\u0131 planlanan, stent tak\u0131lmaya aday biri olmal\u0131s\u0131n\u0131z. O da m\u0131 de\u011fil? O zaman muhtemelen kalp damar hastal\u0131klar\u0131n\u0131 merak eden bir kitapseversiniz. Bu kitab\u0131n yaz\u0131lma nedeni hekimlerle hastalar aras\u0131ndaki ileti\u015fim eksikli\u011fidir. Hekimler s\u00fcrekli yo\u011fundur, yorgundur, b\u0131kk\u0131nd\u0131r. Hata yapmamak i\u00e7in t\u00fcm dikkatlerini, enerjilerini hastal\u0131\u011f\u0131 \u00e7\u00f6zmeye, o stenti o damara yerle\u015ftirmeye harcarlar. Hastalar ise kayg\u0131l\u0131d\u0131r, k\u0131r\u0131lgand\u0131r, meraktad\u0131r. Konu\u015fmak isterler. Ak\u0131llar\u0131ndaki her \u015feyi sormak isterler. Ayr\u0131ca \u015fefkat isterler, umut isterler. Hastad\u0131rlar, hakl\u0131d\u0131rlar. Olur da bu kitab\u0131 okursan\u0131z, anjiyo, stent, baypas vb. hakk\u0131nda akl\u0131n\u0131za gelebilecek sorular\u0131n yan\u0131tland\u0131\u011f\u0131n\u0131 g\u00f6receksiniz. Zaman zaman sat\u0131r aralar\u0131nda \u015fefkat ve umut k\u0131r\u0131nt\u0131lar\u0131 da bulacaks\u0131n\u0131z. Sahip olaca\u011f\u0131n\u0131z bilgilerle hem kendinizin hem de kalp damar hastas\u0131 olan sevdiklerinizin sa\u011fl\u0131k ve mutlulu\u011funa katk\u0131 sa\u011flayacak, e\u015fe dosta do\u011fru tavsiyelerde bulunacaks\u0131n\u0131z. Bundan da b\u00fcy\u00fck keyif alacaks\u0131n\u0131z. En az\u0131ndan ben b\u00f6yle umut ediyorum\u2026 <\/p>\n","protected":false},"excerpt":{"rendered":"<p>Merhaba, Ben Prof. Dr. Sadi G\u00fcle\u00e7. Kalp hastal\u0131klar\u0131 uzman\u0131y\u0131m. Bu sat\u0131rlar\u0131 okudu\u011funuza g\u00f6re siz ya da sevdiklerinizin kalbinde bir sorun var demektir. Hay\u0131r, yok diyorsan\u0131z yak\u0131nlarda<span class=\"excerpt-hellip\"> [\u2026]<\/span><\/p>\n","protected":false},"featured_media":0,"template":"","meta":{"_monsterinsights_skip_tracking":false,"_monsterinsights_sitenote_active":false,"_monsterinsights_sitenote_note":"","_monsterinsights_sitenote_category":0},"product_brand":[],"product_cat":[16965,13365],"product_tag":[],"class_list":{"0":"post-714098","1":"product","2":"type-product","3":"status-publish","5":"product_cat-genel-saglik-kitaplari","6":"product_cat-saglik","7":"pa_cilt-ciltsiz","8":"pa_tur-kitap","9":"pa_yayinevi-bilgi-yayinevi","10":"pa_yazar-sadi-gulec","12":"first","13":"instock","14":"sale","15":"shipping-taxable","16":"purchasable","17":"product-type-simple"},"_links":{"self":[{"href":"https:\/\/roveyayinevi.com.tr\/index.php\/wp-json\/wp\/v2\/product\/714098","targetHints":{"allow":["GET"]}}],"collection":[{"href":"https:\/\/roveyayinevi.com.tr\/index.php\/wp-json\/wp\/v2\/product"}],"about":[{"href":"https:\/\/roveyayinevi.com.tr\/index.php\/wp-json\/wp\/v2\/types\/product"}],"wp:attachment":[{"href":"https:\/\/roveyayinevi.com.tr\/index.php\/wp-json\/wp\/v2\/media?parent=714098"}],"wp:term":[{"taxonomy":"product_brand","embeddable":true,"href":"https:\/\/roveyayinevi.com.tr\/index.php\/wp-json\/wp\/v2\/product_brand?post=714098"},{"taxonomy":"product_cat","embeddable":true,"href":"https:\/\/roveyayinevi.com.tr\/index.php\/wp-json\/wp\/v2\/product_cat?post=714098"},{"taxonomy":"product_tag","embeddable":true,"href":"https:\/\/roveyayinevi.com.tr\/index.php\/wp-json\/wp\/v2\/product_tag?post=714098"}],"curies":[{"name":"wp","href":"https:\/\/api.w.org\/{rel}","templated":true}]}}