{"id":714096,"date":"2025-08-27T17:15:02","date_gmt":"2025-08-27T14:15:02","guid":{"rendered":"https:\/\/roveyayinevi.com.tr\/index.php\/urun\/ask-i-memnu-6\/"},"modified":"2026-04-16T02:22:27","modified_gmt":"2026-04-15T23:22:27","slug":"ask-i-memnu-6","status":"publish","type":"product","link":"https:\/\/roveyayinevi.com.tr\/index.php\/urun\/ask-i-memnu-6\/","title":{"rendered":"A\u015fk-\u0131 Memnu"},"content":{"rendered":"<p>Servet-i F\u00fcnun edebiyat\u0131n\u0131n en b\u00fcy\u00fck yazar\u0131 kabul edilen Halid Ziya U\u015fakl\u0131gil\u2019in 1898-1900 aras\u0131nda yazd\u0131\u011f\u0131 ve Servet-i F\u00fcnun\u2019da tefrika edilen A\u015fk-\u0131 Memnu ilk b\u00fcy\u00fck T\u00fcrk roman\u0131 kabul edilir. Sa\u011flam bir yap\u0131s\u0131 ve tekni\u011fi olan yap\u0131tta, varl\u0131kl\u0131 bir ya\u015fam hayaliyle ya\u015fl\u0131, zengin ve \u00e7ocuklar\u0131 olan bir adamla evlenen gen\u00e7 ve g\u00fczel bir kad\u0131n\u0131n, kocas\u0131na sad\u0131k kalmak karar\u0131na kar\u015f\u0131n, elinde olmayarak yasak bir a\u015fka tutkuyla s\u00fcr\u00fckleni\u015fi, olay\u0131n psikolojik nedenleri \u00fcst\u00fcnde de durularak ger\u00e7ek\u00e7i bir bi\u00e7imde anlat\u0131l\u0131r. Halid Ziya U\u015fakl\u0131gil\u2019in T\u00fcrk edebiyat\u0131na kazand\u0131rd\u0131\u011f\u0131 bu eser, 1975 ve 2008 y\u0131llar\u0131nda televizyon dizisi olarak da seyirciye sunulmu\u015ftur. <\/p>\n","protected":false},"excerpt":{"rendered":"<p>Servet-i F\u00fcnun edebiyat\u0131n\u0131n en b\u00fcy\u00fck yazar\u0131 kabul edilen Halid Ziya U\u015fakl\u0131gil\u2019in 1898-1900 aras\u0131nda yazd\u0131\u011f\u0131 ve Servet-i F\u00fcnun\u2019da tefrika edilen A\u015fk-\u0131 Memnu ilk b\u00fcy\u00fck T\u00fcrk roman\u0131 kabul<span class=\"excerpt-hellip\"> [\u2026]<\/span><\/p>\n","protected":false},"featured_media":0,"template":"","meta":{"_monsterinsights_skip_tracking":false,"_monsterinsights_sitenote_active":false,"_monsterinsights_sitenote_note":"","_monsterinsights_sitenote_category":0},"product_brand":[],"product_cat":[12291,12292],"product_tag":[],"class_list":{"0":"post-714096","1":"product","2":"type-product","3":"status-publish","5":"product_cat-edebiyat","6":"product_cat-turk-edebiyati","7":"pa_cilt-ciltsiz","8":"pa_tur-kitap","9":"pa_yayinevi-bilgi-yayinevi","10":"pa_yazar-halid-ziya-usakligil","12":"first","13":"instock","14":"sale","15":"shipping-taxable","16":"purchasable","17":"product-type-simple"},"_links":{"self":[{"href":"https:\/\/roveyayinevi.com.tr\/index.php\/wp-json\/wp\/v2\/product\/714096","targetHints":{"allow":["GET"]}}],"collection":[{"href":"https:\/\/roveyayinevi.com.tr\/index.php\/wp-json\/wp\/v2\/product"}],"about":[{"href":"https:\/\/roveyayinevi.com.tr\/index.php\/wp-json\/wp\/v2\/types\/product"}],"wp:attachment":[{"href":"https:\/\/roveyayinevi.com.tr\/index.php\/wp-json\/wp\/v2\/media?parent=714096"}],"wp:term":[{"taxonomy":"product_brand","embeddable":true,"href":"https:\/\/roveyayinevi.com.tr\/index.php\/wp-json\/wp\/v2\/product_brand?post=714096"},{"taxonomy":"product_cat","embeddable":true,"href":"https:\/\/roveyayinevi.com.tr\/index.php\/wp-json\/wp\/v2\/product_cat?post=714096"},{"taxonomy":"product_tag","embeddable":true,"href":"https:\/\/roveyayinevi.com.tr\/index.php\/wp-json\/wp\/v2\/product_tag?post=714096"}],"curies":[{"name":"wp","href":"https:\/\/api.w.org\/{rel}","templated":true}]}}