{"id":714095,"date":"2025-08-27T17:15:01","date_gmt":"2025-08-27T14:15:01","guid":{"rendered":"https:\/\/roveyayinevi.com.tr\/index.php\/urun\/islamin-guleryuzu\/"},"modified":"2026-04-16T02:22:27","modified_gmt":"2026-04-15T23:22:27","slug":"islamin-guleryuzu","status":"publish","type":"product","link":"https:\/\/roveyayinevi.com.tr\/index.php\/urun\/islamin-guleryuzu\/","title":{"rendered":"\u0130slam&#8217;\u0131n G\u00fclery\u00fcz\u00fc"},"content":{"rendered":"<p>Aristokrat ve Katolik bir aile i\u00e7inde yeti\u015fti. Se\u00e7kin tabakaya mensup \u00e7ocuklar\u0131n okudu\u011fu okullarda e\u011fitim g\u00f6rd\u00fc. Profes\u00f6r oldu. Sorbonne ve Ezher ba\u015fta olmak \u00fczere bir\u00e7ok \u00fclkenin pek \u00e7ok \u00fcniversitesinde dersler, konferanslar verdi. Fransa\u2019n\u0131n d\u00fcnya \u00e7ap\u0131nda en sayg\u0131n bilim ve ara\u015ft\u0131rma kurumu, \u0130lm\u00ee Ara\u015ft\u0131rmalar Mill\u00ee Merkezi\u2019nde (CNRS), y\u00f6netici ve uzman olarak \u00e7al\u0131\u015ft\u0131. Y\u00fczy\u0131l\u0131m\u0131z\u0131n en \u00fcnl\u00fc bilim ve fikir adamlar\u0131yla beraber oldu, onlar\u0131 yak\u0131ndan tan\u0131d\u0131 ve kendileriyle ortak \u00e7al\u0131\u015fmalar yapt\u0131. Bir g\u00fcn \u0130kb\u00e2l\u2019i, onun arac\u0131l\u0131\u011f\u0131yla da Mevl\u00e2na\u2019y\u0131 ke\u015ffetti. O ikisi sayesinde \u0130sl\u00e2m\u2019a kavu\u015funca ara\u015ft\u0131r\u0131c\u0131, sorgulay\u0131c\u0131 ruhu nihayet s\u00fck\u00fbna erdi. Bu kitapta o de\u011ferli Han\u0131mefendi\u2019nin ger\u00e7e\u011fi aray\u0131\u015f\u0131 anlat\u0131l\u0131yor. Heyecan verici bu ser\u00fcven boyunca ya\u015fad\u0131\u011f\u0131 dikkate de\u011fer olaylar, tart\u0131\u015fmalar, d\u00fc\u015f\u00fcnen bir beynin sorular\u0131, teredd\u00fctleri, \u015f\u00fcpheleri kendi a\u011fz\u0131ndan soru cevap \u015feklinde aktar\u0131l\u0131yor. <\/p>\n","protected":false},"excerpt":{"rendered":"<p>Aristokrat ve Katolik bir aile i\u00e7inde yeti\u015fti. Se\u00e7kin tabakaya mensup \u00e7ocuklar\u0131n okudu\u011fu okullarda e\u011fitim g\u00f6rd\u00fc. Profes\u00f6r oldu. Sorbonne ve Ezher ba\u015fta olmak \u00fczere bir\u00e7ok \u00fclkenin pek<span class=\"excerpt-hellip\"> [\u2026]<\/span><\/p>\n","protected":false},"featured_media":0,"template":"","meta":{"_monsterinsights_skip_tracking":false,"_monsterinsights_sitenote_active":false,"_monsterinsights_sitenote_note":"","_monsterinsights_sitenote_category":0},"product_brand":[],"product_cat":[12718,12719,15238],"product_tag":[],"class_list":{"0":"post-714095","1":"product","2":"type-product","3":"status-publish","5":"product_cat-din","6":"product_cat-islam","7":"product_cat-tasavvuf","8":"pa_cilt-ciltsiz","9":"pa_tur-kitap","10":"pa_yayinevi-sufi-kitap","11":"pa_yazar-eva-de-vitray-meyerovitch","13":"first","14":"instock","15":"sale","16":"shipping-taxable","17":"purchasable","18":"product-type-simple"},"_links":{"self":[{"href":"https:\/\/roveyayinevi.com.tr\/index.php\/wp-json\/wp\/v2\/product\/714095","targetHints":{"allow":["GET"]}}],"collection":[{"href":"https:\/\/roveyayinevi.com.tr\/index.php\/wp-json\/wp\/v2\/product"}],"about":[{"href":"https:\/\/roveyayinevi.com.tr\/index.php\/wp-json\/wp\/v2\/types\/product"}],"wp:attachment":[{"href":"https:\/\/roveyayinevi.com.tr\/index.php\/wp-json\/wp\/v2\/media?parent=714095"}],"wp:term":[{"taxonomy":"product_brand","embeddable":true,"href":"https:\/\/roveyayinevi.com.tr\/index.php\/wp-json\/wp\/v2\/product_brand?post=714095"},{"taxonomy":"product_cat","embeddable":true,"href":"https:\/\/roveyayinevi.com.tr\/index.php\/wp-json\/wp\/v2\/product_cat?post=714095"},{"taxonomy":"product_tag","embeddable":true,"href":"https:\/\/roveyayinevi.com.tr\/index.php\/wp-json\/wp\/v2\/product_tag?post=714095"}],"curies":[{"name":"wp","href":"https:\/\/api.w.org\/{rel}","templated":true}]}}