{"id":714094,"date":"2025-08-27T17:15:00","date_gmt":"2025-08-27T14:15:00","guid":{"rendered":"https:\/\/roveyayinevi.com.tr\/index.php\/urun\/eglenceli-bilgi-zaman-makinesi\/"},"modified":"2026-04-13T02:27:45","modified_gmt":"2026-04-12T23:27:45","slug":"eglenceli-bilgi-zaman-makinesi","status":"publish","type":"product","link":"https:\/\/roveyayinevi.com.tr\/index.php\/urun\/eglenceli-bilgi-zaman-makinesi\/","title":{"rendered":"E\u011flenceli Bilgi &#8211; Zaman Makinesi"},"content":{"rendered":"<p>Zaman Makinesi size zamanla ilgili her \u015feyi \u00f6\u011fretecek. * Kara bir deli\u011fe yakla\u015f\u0131rsan\u0131z, ne olur? * Sinekler zaman\u0131 nas\u0131l alg\u0131lar? *Takvimler ve saatler nas\u0131l icat edilmi\u015ftir? *Ya\u015fland\u0131k\u00e7a zaman ni\u00e7in daha h\u0131zl\u0131 ge\u00e7er? *Enlemler ve boylamlar ne i\u015fe yarar? E\u011flenceli Bilgi dizisinin zamanla ilgili s\u0131rlar\u0131n\u0131 toplad\u0131\u011f\u0131m\u0131z bu kitab\u0131n\u0131 zevkle okuyacaks\u0131n\u0131z. Bir zaman makinesinin nas\u0131l icat edilebilece\u011fini ke\u015ffedecek, sizi sabah uyand\u0131racak kendi saatinizi yapmay\u0131 \u00f6\u011freneceksiniz. Akl\u0131n\u0131 ka\u00e7\u0131rm\u0131\u015f zaman dehalar\u0131yla bulu\u015facak ve zamanda yolculu\u011fun nas\u0131l olaca\u011f\u0131n\u0131 g\u00f6receksiniz. Muhte\u015fem bilgi dosyalar\u0131, zihin a\u00e7an sorular\u0131 ve \u00e7\u0131lg\u0131n karikat\u00fcrleriyle Zaman Makinesi beklemeye gelmez. \u00d6\u011frenmenin bir\u00e7ok yolu var, ama E\u011flenceli Bilgi gibisi yok. \ufffcTan\u0131t\u0131m Metni<\/p>\n","protected":false},"excerpt":{"rendered":"<p>Zaman Makinesi size zamanla ilgili her \u015feyi \u00f6\u011fretecek. * Kara bir deli\u011fe yakla\u015f\u0131rsan\u0131z, ne olur? * Sinekler zaman\u0131 nas\u0131l alg\u0131lar? *Takvimler ve saatler nas\u0131l icat edilmi\u015ftir?<span class=\"excerpt-hellip\"> [\u2026]<\/span><\/p>\n","protected":false},"featured_media":0,"template":"","meta":{"_monsterinsights_skip_tracking":false,"_monsterinsights_sitenote_active":false,"_monsterinsights_sitenote_note":"","_monsterinsights_sitenote_category":0},"product_brand":[],"product_cat":[13829,12274],"product_tag":[],"class_list":{"0":"post-714094","1":"product","2":"type-product","3":"status-publish","5":"product_cat-bilimsel-kitaplar","6":"product_cat-cocuk-ve-genclik-kitaplari","7":"pa_cilt-ciltsiz","8":"pa_tur-kitap","9":"pa_yayinevi-eglenceli-bilgi-yayinlari","10":"pa_yazar-nick-arnold","12":"first","13":"instock","14":"sale","15":"shipping-taxable","16":"purchasable","17":"product-type-simple"},"_links":{"self":[{"href":"https:\/\/roveyayinevi.com.tr\/index.php\/wp-json\/wp\/v2\/product\/714094","targetHints":{"allow":["GET"]}}],"collection":[{"href":"https:\/\/roveyayinevi.com.tr\/index.php\/wp-json\/wp\/v2\/product"}],"about":[{"href":"https:\/\/roveyayinevi.com.tr\/index.php\/wp-json\/wp\/v2\/types\/product"}],"wp:attachment":[{"href":"https:\/\/roveyayinevi.com.tr\/index.php\/wp-json\/wp\/v2\/media?parent=714094"}],"wp:term":[{"taxonomy":"product_brand","embeddable":true,"href":"https:\/\/roveyayinevi.com.tr\/index.php\/wp-json\/wp\/v2\/product_brand?post=714094"},{"taxonomy":"product_cat","embeddable":true,"href":"https:\/\/roveyayinevi.com.tr\/index.php\/wp-json\/wp\/v2\/product_cat?post=714094"},{"taxonomy":"product_tag","embeddable":true,"href":"https:\/\/roveyayinevi.com.tr\/index.php\/wp-json\/wp\/v2\/product_tag?post=714094"}],"curies":[{"name":"wp","href":"https:\/\/api.w.org\/{rel}","templated":true}]}}