{"id":714093,"date":"2025-08-27T17:15:00","date_gmt":"2025-08-27T14:15:00","guid":{"rendered":"https:\/\/roveyayinevi.com.tr\/index.php\/urun\/eglenceli-bilgi-mimar-sinan\/"},"modified":"2026-04-16T02:22:27","modified_gmt":"2026-04-15T23:22:27","slug":"eglenceli-bilgi-mimar-sinan","status":"publish","type":"product","link":"https:\/\/roveyayinevi.com.tr\/index.php\/urun\/eglenceli-bilgi-mimar-sinan\/","title":{"rendered":"E\u011flenceli Bilgi &#8211; Mimar Sinan"},"content":{"rendered":"<p>Milyonlarca insan Mimar Sinan&#8217;\u0131 pek \u00e7ok muhte\u015fem esere imza atan bir mimar olarak tan\u0131r. Ancak o, yaln\u0131zca bir mimar de\u011fildi. Ayn\u0131 zamanda askerdi, insan kaynaklar\u0131 m\u00fcd\u00fcr\u00fcyd\u00fc, m\u00fchendisti, imar bakan\u0131yd\u0131, \u00f6\u011fretmendi&#8230; Hayret verici de\u011fil mi? Bu kitapta; Mimar Sinan&#8217;\u0131n \u00e7ok \u00e7e\u015fitli i\u015fleri bir arada yapmay\u0131 nas\u0131l ba\u015fard\u0131\u011f\u0131n\u0131, yapt\u0131\u011f\u0131 k\u00f6pr\u00fcy\u00fc neden y\u0131kmak istedi\u011fini, minareyi neden halatlarla \u00e7ektirdi\u011fini, s\u00fcper i\u015f makineleri olmadan nas\u0131l \u00e7ok say\u0131da eser yapt\u0131\u011f\u0131n\u0131 \u00f6\u011freneceksiniz. Mimar Sinan&#8217;\u0131n ilgin\u00e7liklerle dolu hayat\u0131n\u0131 okuyacak, ak\u0131l \u00fcst\u00fc sanat\u0131na tan\u0131kl\u0131k edecek ve gizli defterini kar\u0131\u015ft\u0131racaks\u0131n\u0131z. Tarihin s\u0131rl\u0131 d\u00fcnyas\u0131nda e\u011flenceli yolculu\u011fa \u00e7\u0131kmaya haz\u0131r m\u0131s\u0131n\u0131z?<\/p>\n","protected":false},"excerpt":{"rendered":"<p>Milyonlarca insan Mimar Sinan&#8217;\u0131 pek \u00e7ok muhte\u015fem esere imza atan bir mimar olarak tan\u0131r. Ancak o, yaln\u0131zca bir mimar de\u011fildi. Ayn\u0131 zamanda askerdi, insan kaynaklar\u0131 m\u00fcd\u00fcr\u00fcyd\u00fc,<span class=\"excerpt-hellip\"> [\u2026]<\/span><\/p>\n","protected":false},"featured_media":0,"template":"","meta":{"_monsterinsights_skip_tracking":false,"_monsterinsights_sitenote_active":false,"_monsterinsights_sitenote_note":"","_monsterinsights_sitenote_category":0},"product_brand":[],"product_cat":[13829,12274],"product_tag":[],"class_list":{"0":"post-714093","1":"product","2":"type-product","3":"status-publish","5":"product_cat-bilimsel-kitaplar","6":"product_cat-cocuk-ve-genclik-kitaplari","7":"pa_cilt-ciltsiz","8":"pa_tur-kitap","9":"pa_yayinevi-eglenceli-bilgi-yayinlari","10":"pa_yazar-nefise-atcakarlar","12":"first","13":"instock","14":"sale","15":"shipping-taxable","16":"purchasable","17":"product-type-simple"},"_links":{"self":[{"href":"https:\/\/roveyayinevi.com.tr\/index.php\/wp-json\/wp\/v2\/product\/714093","targetHints":{"allow":["GET"]}}],"collection":[{"href":"https:\/\/roveyayinevi.com.tr\/index.php\/wp-json\/wp\/v2\/product"}],"about":[{"href":"https:\/\/roveyayinevi.com.tr\/index.php\/wp-json\/wp\/v2\/types\/product"}],"wp:attachment":[{"href":"https:\/\/roveyayinevi.com.tr\/index.php\/wp-json\/wp\/v2\/media?parent=714093"}],"wp:term":[{"taxonomy":"product_brand","embeddable":true,"href":"https:\/\/roveyayinevi.com.tr\/index.php\/wp-json\/wp\/v2\/product_brand?post=714093"},{"taxonomy":"product_cat","embeddable":true,"href":"https:\/\/roveyayinevi.com.tr\/index.php\/wp-json\/wp\/v2\/product_cat?post=714093"},{"taxonomy":"product_tag","embeddable":true,"href":"https:\/\/roveyayinevi.com.tr\/index.php\/wp-json\/wp\/v2\/product_tag?post=714093"}],"curies":[{"name":"wp","href":"https:\/\/api.w.org\/{rel}","templated":true}]}}