{"id":714092,"date":"2025-08-27T17:14:59","date_gmt":"2025-08-27T14:14:59","guid":{"rendered":"https:\/\/roveyayinevi.com.tr\/index.php\/urun\/islam-dunyasinin-yukselis-ve-cokusleri\/"},"modified":"2026-04-16T02:22:27","modified_gmt":"2026-04-15T23:22:27","slug":"islam-dunyasinin-yukselis-ve-cokusleri","status":"publish","type":"product","link":"https:\/\/roveyayinevi.com.tr\/index.php\/urun\/islam-dunyasinin-yukselis-ve-cokusleri\/","title":{"rendered":"\u0130slam D\u00fcnyas\u0131n\u0131n Y\u00fckseli\u015f ve \u00c7\u00f6k\u00fc\u015fleri"},"content":{"rendered":"<p>&#8220;\u0130sl\u00e2m, Hz. Muhammed&#8217;in peygamberli\u011fiyle ortaya \u00e7\u0131km\u0131\u015f bir din de\u011fildir.&#8221; &#8220;Hz. \u0130sa, Kur&#8217;\u00e2n&#8217;da Allah&#8217;\u0131n O\u011flu olarak kabul edilmesine kar\u015f\u0131l\u0131k, peygamberler aras\u0131nda \u00fcst\u00fcn bir yere sahiptir. \u00c7\u00fcnk\u00fc Hz. Muhammed d\u00e2hil, hi\u00e7bir peygamber bir B\u00e2kire&#8217;den d\u00fcnyaya gelmemi\u015ftir.&#8221; &#8220;Her varl\u0131k &#8216;Allah&#8217;\u0131n bir \u00e2yeti&#8217;dir, bir &#8216;tecelli&#8217;dir.&#8221; &#8220;\u0130l\u00e2hi a\u015fk, a\u015fk\u0131n b\u00fct\u00fcn \u015fekillerine onlardan s\u0131n\u0131rlamalar\u0131 kald\u0131rarak tam ve ger\u00e7ek anlam\u0131n\u0131 veren a\u015fk.&#8221; &#8220;\u0130sl\u00e2m, Kur&#8217;\u00e2n&#8217;da vahyedildi\u011fi gibi evrenselli\u011fi i\u00e7inde kald\u0131\u011f\u0131 ve bir halk\u0131n \u00f6zel geleneklerine ba\u011flanmad\u0131\u011f\u0131 s\u00fcrece, m\u00fcthi\u015f bir par\u0131lt\u0131yla parlad\u0131.&#8221; &#8220;Bat\u0131 medeniyetinin temellerinin \u00e7\u00f6kt\u00fc\u011f\u00fc bir d\u00f6nemde bu g\u00f6revi \u00fcstlenmek i\u00e7in her zamankinden daha gerekli, daha vazge\u00e7ilemez olan Allah&#8217;\u0131n kanununa, \u015feriata, on iki y\u00fczy\u0131l \u00f6nce canl\u0131l\u0131\u011f\u0131n\u0131 yitirdi\u011fi, ya\u015famaz oldu\u011fu g\u00f6z\u00fcyle bak\u0131lamaz.&#8221; &#8220;\u015eeriat, \u0131\u015f\u0131ldayarak g\u00fcr\u00fcl g\u00fcr\u00fcl akan ve g\u00fc\u00e7l\u00fc dalgalar\u0131yla k\u0131y\u0131lar\u0131n\u0131 d\u00f6verken oralar\u0131 verimlile\u015ftiren, \u0131\u015f\u0131lt\u0131lar sa\u00e7arak akan g\u00fczelim bir nehirdir.&#8221; \ufffcTan\u0131t\u0131m Metni<\/p>\n","protected":false},"excerpt":{"rendered":"<p>&#8220;\u0130sl\u00e2m, Hz. Muhammed&#8217;in peygamberli\u011fiyle ortaya \u00e7\u0131km\u0131\u015f bir din de\u011fildir.&#8221; &#8220;Hz. \u0130sa, Kur&#8217;\u00e2n&#8217;da Allah&#8217;\u0131n O\u011flu olarak kabul edilmesine kar\u015f\u0131l\u0131k, peygamberler aras\u0131nda \u00fcst\u00fcn bir yere sahiptir. \u00c7\u00fcnk\u00fc Hz.<span class=\"excerpt-hellip\"> [\u2026]<\/span><\/p>\n","protected":false},"featured_media":0,"template":"","meta":{"_monsterinsights_skip_tracking":false,"_monsterinsights_sitenote_active":false,"_monsterinsights_sitenote_note":"","_monsterinsights_sitenote_category":0},"product_brand":[],"product_cat":[12718,12719],"product_tag":[],"class_list":{"0":"post-714092","1":"product","2":"type-product","3":"status-publish","5":"product_cat-din","6":"product_cat-islam","7":"pa_cilt-ciltsiz","8":"pa_tur-kitap","9":"pa_yayinevi-timas-yayinlari","10":"pa_yazar-roger-garaudy","12":"first","13":"instock","14":"sale","15":"shipping-taxable","16":"purchasable","17":"product-type-simple"},"_links":{"self":[{"href":"https:\/\/roveyayinevi.com.tr\/index.php\/wp-json\/wp\/v2\/product\/714092","targetHints":{"allow":["GET"]}}],"collection":[{"href":"https:\/\/roveyayinevi.com.tr\/index.php\/wp-json\/wp\/v2\/product"}],"about":[{"href":"https:\/\/roveyayinevi.com.tr\/index.php\/wp-json\/wp\/v2\/types\/product"}],"wp:attachment":[{"href":"https:\/\/roveyayinevi.com.tr\/index.php\/wp-json\/wp\/v2\/media?parent=714092"}],"wp:term":[{"taxonomy":"product_brand","embeddable":true,"href":"https:\/\/roveyayinevi.com.tr\/index.php\/wp-json\/wp\/v2\/product_brand?post=714092"},{"taxonomy":"product_cat","embeddable":true,"href":"https:\/\/roveyayinevi.com.tr\/index.php\/wp-json\/wp\/v2\/product_cat?post=714092"},{"taxonomy":"product_tag","embeddable":true,"href":"https:\/\/roveyayinevi.com.tr\/index.php\/wp-json\/wp\/v2\/product_tag?post=714092"}],"curies":[{"name":"wp","href":"https:\/\/api.w.org\/{rel}","templated":true}]}}