{"id":714090,"date":"2025-08-27T17:14:58","date_gmt":"2025-08-27T14:14:58","guid":{"rendered":"https:\/\/roveyayinevi.com.tr\/index.php\/urun\/genc-wertherin-acilari-9\/"},"modified":"2026-04-16T02:22:27","modified_gmt":"2026-04-15T23:22:27","slug":"genc-wertherin-acilari-9","status":"publish","type":"product","link":"https:\/\/roveyayinevi.com.tr\/index.php\/urun\/genc-wertherin-acilari-9\/","title":{"rendered":"Gen\u00e7 Werther&#8217;in Ac\u0131lar\u0131"},"content":{"rendered":"<p>Zavall\u0131 Werther\u2019in hik\u00e2yesiyle ilgili bulabildi\u011fim \u015feyleri \u00f6zenle toplad\u0131m ve bunlar\u0131 \u00f6n\u00fcn\u00fcze koyuyorum.bu \u00e7ali\u015fmadan dolay\u0131 bana te\u015fekk\u00fcr edece\u011finizi biliyorum. Onun ruhuna ve karakterine hayranl\u0131\u011f\u0131n\u0131z\u0131 ve sevginizi, yazg\u0131s\u0131 na g\u00f6zya\u015flar\u0131n\u0131z\u0131 esirgeyemezsiniz. Ve sen iyi kalpli insan, sen de onun gibi kendini bo\u011fulmu\u015f hissediyorsan onun ac\u0131lar\u0131yla teselli bul ve e\u011fer talihinden ya da kendi su\u00e7undan dolay\u0131 daha yak\u0131n bir arkada\u015f bulamazsan bu kitap\u00e7\u0131kla arkada\u015f ol. \u00f6n\u00fcn\u00fcze koyuyorum. Bu \u00e7alm ve bunlar. Zavall\u0131 Werther\u2019in hik\u00e2yesiyle ilgili bulabildi\u011fim \u015feyleri \u00f6zenle toplad\u0131m ve bunlar\u0131 \u00f6n\u00fcn\u00fcze koyuyorum. Bu \u00e7al\u0131\u015fmamdan dolay\u0131 bana te\u015fekk\u00fcr edece\u011finizi biliyorum. Onun ruhuna ve karakterine hayranl\u0131\u011f\u0131n\u0131z\u0131 ve sevginizi, yazg\u0131s\u0131na g\u00f6zya\u015flar\u0131n\u0131z\u0131 esirgeyemezsiniz. Ve sen iyi kalpli insan, sen de onun gibi kendini bo\u011fulmu\u015f hissediyorsan onun ac\u0131lar\u0131yla teselli bul ve e\u011fer talihinden ya da kendi su\u00e7undan dolay\u0131 daha yak\u0131n bir arkada\u015f bulamazsan bu kitap\u00e7\u0131kla arkada\u015f ol. Gen\u00e7 Werther\u2019in Ac\u0131lar\u0131 Zavall\u0131 Werther\u2019in hik\u00e2yesiyle ilgili bulabildi\u011fim \u015feyleri \u00f6zenle topladH\u00fcseyin Saliho\u011flu <\/p>\n","protected":false},"excerpt":{"rendered":"<p>Zavall\u0131 Werther\u2019in hik\u00e2yesiyle ilgili bulabildi\u011fim \u015feyleri \u00f6zenle toplad\u0131m ve bunlar\u0131 \u00f6n\u00fcn\u00fcze koyuyorum.bu \u00e7ali\u015fmadan dolay\u0131 bana te\u015fekk\u00fcr edece\u011finizi biliyorum. Onun ruhuna ve karakterine hayranl\u0131\u011f\u0131n\u0131z\u0131 ve sevginizi, yazg\u0131s\u0131<span class=\"excerpt-hellip\"> [\u2026]<\/span><\/p>\n","protected":false},"featured_media":0,"template":"","meta":{"_monsterinsights_skip_tracking":false,"_monsterinsights_sitenote_active":false,"_monsterinsights_sitenote_note":"","_monsterinsights_sitenote_category":0},"product_brand":[],"product_cat":[12291,12711],"product_tag":[],"class_list":{"0":"post-714090","1":"product","2":"type-product","3":"status-publish","5":"product_cat-edebiyat","6":"product_cat-roman-oyku","7":"pa_cilt-ciltsiz","8":"pa_tur-kitap","9":"pa_yayinevi-baris-kitap","10":"pa_yazar-goethe","12":"first","13":"instock","14":"sale","15":"shipping-taxable","16":"purchasable","17":"product-type-simple"},"_links":{"self":[{"href":"https:\/\/roveyayinevi.com.tr\/index.php\/wp-json\/wp\/v2\/product\/714090","targetHints":{"allow":["GET"]}}],"collection":[{"href":"https:\/\/roveyayinevi.com.tr\/index.php\/wp-json\/wp\/v2\/product"}],"about":[{"href":"https:\/\/roveyayinevi.com.tr\/index.php\/wp-json\/wp\/v2\/types\/product"}],"wp:attachment":[{"href":"https:\/\/roveyayinevi.com.tr\/index.php\/wp-json\/wp\/v2\/media?parent=714090"}],"wp:term":[{"taxonomy":"product_brand","embeddable":true,"href":"https:\/\/roveyayinevi.com.tr\/index.php\/wp-json\/wp\/v2\/product_brand?post=714090"},{"taxonomy":"product_cat","embeddable":true,"href":"https:\/\/roveyayinevi.com.tr\/index.php\/wp-json\/wp\/v2\/product_cat?post=714090"},{"taxonomy":"product_tag","embeddable":true,"href":"https:\/\/roveyayinevi.com.tr\/index.php\/wp-json\/wp\/v2\/product_tag?post=714090"}],"curies":[{"name":"wp","href":"https:\/\/api.w.org\/{rel}","templated":true}]}}