{"id":714088,"date":"2025-08-27T17:14:57","date_gmt":"2025-08-27T14:14:57","guid":{"rendered":"https:\/\/roveyayinevi.com.tr\/index.php\/urun\/cocuklar-icin-nutuk\/"},"modified":"2026-04-16T02:22:27","modified_gmt":"2026-04-15T23:22:27","slug":"cocuklar-icin-nutuk","status":"publish","type":"product","link":"https:\/\/roveyayinevi.com.tr\/index.php\/urun\/cocuklar-icin-nutuk\/","title":{"rendered":"\u00c7ocuklar \u0130\u00e7in Nutuk"},"content":{"rendered":"<p>\u201cK\u00fc\u00e7\u00fck han\u0131mlar, k\u00fc\u00e7\u00fck beyler! Sizler hepiniz gelece\u011fin bir g\u00fcl\u00fc, y\u0131ld\u0131z\u0131 ve ikbal \u0131\u015f\u0131\u011f\u0131s\u0131n\u0131z. Memleketi as\u0131l \u0131\u015f\u0131\u011fa bo\u011facak olan sizsiniz. Kendinizin ne kadar \u00f6nemli, de\u011ferli oldu\u011funuzu d\u00fc\u015f\u00fcnerek ona g\u00f6re \u00e7al\u0131\u015f\u0131n\u0131z. Sizlerden \u00e7ok \u015fey bekliyoruz.\u201dM. Kemal Atat\u00fcrk23 Nisan 1920\u2019de T\u00fcrkiye B\u00fcy\u00fck Millet Meclisi\u2019nin a\u00e7\u0131ld\u0131\u011f\u0131 g\u00fcn\u00fc, ba\u011f\u0131ms\u0131zl\u0131\u011f\u0131 ve gelecek g\u00fczel g\u00fcnleri \u00e7ocuklara arma\u011fan eden Mustafa Kemal Atat\u00fcrk\u2019\u00fcn bu eserini \u00e7ocuklar\u0131n s\u0131k\u0131lmadan okuyabilece\u011fi, anlayabilece\u011fi \u015fekilde sunuyoruz.Bu kitapla birlikte, gelece\u011fimizin teminat\u0131 olan \u00e7ocuklar, Mustafa Kemal\u2019in ya\u015fad\u0131klar\u0131n\u0131, \u00e7ekti\u011fi s\u0131k\u0131nt\u0131lar\u0131, her \u015feye ra\u011fmen hi\u00e7 b\u0131rakmad\u0131\u011f\u0131 m\u00fccadelesini ve hepsinden \u00f6nemlisi ba\u011f\u0131ms\u0131zl\u0131\u011f\u0131n nas\u0131l ve hangi \u015fartlar alt\u0131nda kazan\u0131ld\u0131\u011f\u0131n\u0131 daha iyi fark edecekler, bilin\u00e7li ve ulusal de\u011ferlerine sahip \u00e7\u0131kan bireyler olmak noktas\u0131nda bir ad\u0131m daha atm\u0131\u015f olacaklard\u0131r. <\/p>\n","protected":false},"excerpt":{"rendered":"<p>\u201cK\u00fc\u00e7\u00fck han\u0131mlar, k\u00fc\u00e7\u00fck beyler! Sizler hepiniz gelece\u011fin bir g\u00fcl\u00fc, y\u0131ld\u0131z\u0131 ve ikbal \u0131\u015f\u0131\u011f\u0131s\u0131n\u0131z. Memleketi as\u0131l \u0131\u015f\u0131\u011fa bo\u011facak olan sizsiniz. Kendinizin ne kadar \u00f6nemli, de\u011ferli oldu\u011funuzu d\u00fc\u015f\u00fcnerek<span class=\"excerpt-hellip\"> [\u2026]<\/span><\/p>\n","protected":false},"featured_media":0,"template":"","meta":{"_monsterinsights_skip_tracking":false,"_monsterinsights_sitenote_active":false,"_monsterinsights_sitenote_note":"","_monsterinsights_sitenote_category":0},"product_brand":[],"product_cat":[12567,12566],"product_tag":[],"class_list":{"0":"post-714088","1":"product","2":"type-product","3":"status-publish","5":"product_cat-diger-egitim","6":"product_cat-egitim","7":"pa_cilt-ciltsiz","8":"pa_tur-kitap","9":"pa_yayinevi-ren-kitap","10":"pa_yazar-mustafa-kemal-ataturk","12":"first","13":"instock","14":"sale","15":"shipping-taxable","16":"purchasable","17":"product-type-simple"},"_links":{"self":[{"href":"https:\/\/roveyayinevi.com.tr\/index.php\/wp-json\/wp\/v2\/product\/714088","targetHints":{"allow":["GET"]}}],"collection":[{"href":"https:\/\/roveyayinevi.com.tr\/index.php\/wp-json\/wp\/v2\/product"}],"about":[{"href":"https:\/\/roveyayinevi.com.tr\/index.php\/wp-json\/wp\/v2\/types\/product"}],"wp:attachment":[{"href":"https:\/\/roveyayinevi.com.tr\/index.php\/wp-json\/wp\/v2\/media?parent=714088"}],"wp:term":[{"taxonomy":"product_brand","embeddable":true,"href":"https:\/\/roveyayinevi.com.tr\/index.php\/wp-json\/wp\/v2\/product_brand?post=714088"},{"taxonomy":"product_cat","embeddable":true,"href":"https:\/\/roveyayinevi.com.tr\/index.php\/wp-json\/wp\/v2\/product_cat?post=714088"},{"taxonomy":"product_tag","embeddable":true,"href":"https:\/\/roveyayinevi.com.tr\/index.php\/wp-json\/wp\/v2\/product_tag?post=714088"}],"curies":[{"name":"wp","href":"https:\/\/api.w.org\/{rel}","templated":true}]}}