{"id":714083,"date":"2025-08-27T17:14:54","date_gmt":"2025-08-27T14:14:54","guid":{"rendered":"https:\/\/roveyayinevi.com.tr\/index.php\/urun\/uzanirken-yapabileceginiz-100-sey\/"},"modified":"2026-04-16T02:22:26","modified_gmt":"2026-04-15T23:22:26","slug":"uzanirken-yapabileceginiz-100-sey","status":"publish","type":"product","link":"https:\/\/roveyayinevi.com.tr\/index.php\/urun\/uzanirken-yapabileceginiz-100-sey\/","title":{"rendered":"Uzan\u0131rken Yapabilece\u011finiz 100 \u015eey"},"content":{"rendered":"<p>\u015e\u00f6yle bir uzan\u0131p dinlenmekten daha iyi bir \u015fey olabilir mi? \u0130\u015fte, yatar pozisyonda yapabilece\u011finiz en g\u00fczel 100 hareket!Yoksa siz de uzan\u0131rken sadece kitap okuyabilece\u011finizi, uyuyabilece\u011finizi veya televizyon izleyebilece\u011finizi d\u00fc\u015f\u00fcnen insanlardan m\u0131s\u0131n\u0131z? Kim demi\u015f, zorunluluktan veya yapacak bir \u015fey bulamad\u0131\u011f\u0131 i\u00e7in yata\u011fa mahkum olan insanlar can s\u0131k\u0131nt\u0131s\u0131ndan \u00f6l\u00fcr diye! Bu konuya yeni bir bak\u0131\u015f a\u00e7\u0131s\u0131 getirmenin tam zaman\u0131. \u00d6rne\u011fin, hayali bisikletinizi s\u00fcrerken bir sonraki gezinizi planlayabilir veya ileride ihtiyac\u0131n\u0131z olursa diye, tabutun i\u00e7indeymi\u015f\u00e7esine \u00f6ylece hareketsiz yatmay\u0131 deneyebilirsiniz. Ya da bu seferlik oca\u011f\u0131n ba\u015f\u0131nda durmadan da etli g\u00fcve\u00e7 pi\u015firmeyi deneyebilirsiniz. Sizin de g\u00f6rd\u00fc\u011f\u00fcn\u00fcz \u00fczere, e\u011fer ki yapacak aktiviteler bulursan\u0131z hi\u00e7bir \u015feyden s\u0131k\u0131lmazs\u0131n\u0131z. \u0130\u015fte, ne olur ne olmaz diye, yatay pozisyonda yapabilece\u011finiz s\u0131ra d\u0131\u015f\u0131 100 \u00f6neri. \u0130yi e\u011flenceler! <\/p>\n","protected":false},"excerpt":{"rendered":"<p>\u015e\u00f6yle bir uzan\u0131p dinlenmekten daha iyi bir \u015fey olabilir mi? \u0130\u015fte, yatar pozisyonda yapabilece\u011finiz en g\u00fczel 100 hareket!Yoksa siz de uzan\u0131rken sadece kitap okuyabilece\u011finizi, uyuyabilece\u011finizi veya<span class=\"excerpt-hellip\"> [\u2026]<\/span><\/p>\n","protected":false},"featured_media":0,"template":"","meta":{"_monsterinsights_skip_tracking":false,"_monsterinsights_sitenote_active":false,"_monsterinsights_sitenote_note":"","_monsterinsights_sitenote_category":0},"product_brand":[],"product_cat":[12364,12376],"product_tag":[],"class_list":{"0":"post-714083","1":"product","2":"type-product","3":"status-publish","5":"product_cat-genel-konular","6":"product_cat-kisisel-gelisim","7":"pa_cilt-ciltsiz","8":"pa_tur-kitap","9":"pa_yayinevi-ren-kitap","10":"pa_yazar-nina-frohlich","12":"first","13":"instock","14":"sale","15":"shipping-taxable","16":"purchasable","17":"product-type-simple"},"_links":{"self":[{"href":"https:\/\/roveyayinevi.com.tr\/index.php\/wp-json\/wp\/v2\/product\/714083","targetHints":{"allow":["GET"]}}],"collection":[{"href":"https:\/\/roveyayinevi.com.tr\/index.php\/wp-json\/wp\/v2\/product"}],"about":[{"href":"https:\/\/roveyayinevi.com.tr\/index.php\/wp-json\/wp\/v2\/types\/product"}],"wp:attachment":[{"href":"https:\/\/roveyayinevi.com.tr\/index.php\/wp-json\/wp\/v2\/media?parent=714083"}],"wp:term":[{"taxonomy":"product_brand","embeddable":true,"href":"https:\/\/roveyayinevi.com.tr\/index.php\/wp-json\/wp\/v2\/product_brand?post=714083"},{"taxonomy":"product_cat","embeddable":true,"href":"https:\/\/roveyayinevi.com.tr\/index.php\/wp-json\/wp\/v2\/product_cat?post=714083"},{"taxonomy":"product_tag","embeddable":true,"href":"https:\/\/roveyayinevi.com.tr\/index.php\/wp-json\/wp\/v2\/product_tag?post=714083"}],"curies":[{"name":"wp","href":"https:\/\/api.w.org\/{rel}","templated":true}]}}