{"id":714080,"date":"2025-08-27T17:14:52","date_gmt":"2025-08-27T14:14:52","guid":{"rendered":"https:\/\/roveyayinevi.com.tr\/index.php\/urun\/mor-balon-mutluluk-pesinde\/"},"modified":"2026-04-16T02:22:26","modified_gmt":"2026-04-15T23:22:26","slug":"mor-balon-mutluluk-pesinde","status":"publish","type":"product","link":"https:\/\/roveyayinevi.com.tr\/index.php\/urun\/mor-balon-mutluluk-pesinde\/","title":{"rendered":"Mor Balon Mutluluk Pe\u015finde"},"content":{"rendered":"<p>Mor Balon, arkada\u015flar\u0131ndan \u00e7ok farkl\u0131yd\u0131. Hay\u0131r, sadece aralar\u0131ndaki tek mor renkli balon oldu\u011fu i\u00e7in de\u011fil&#8230; Di\u011fer balonlar mutluydu; Baloncu\u2019yla birlikte gezdikleri yerlerin, g\u00f6rd\u00fckleri \u015feylerin keyfini \u00e7\u0131kar\u0131yorlard\u0131. Ama Mor Balon kendini s\u0131k\u0131nt\u0131l\u0131 ve huzursuz hissediyordu, sanki i\u00e7i bombo\u015ftu! <\/p>\n","protected":false},"excerpt":{"rendered":"<p>Mor Balon, arkada\u015flar\u0131ndan \u00e7ok farkl\u0131yd\u0131. Hay\u0131r, sadece aralar\u0131ndaki tek mor renkli balon oldu\u011fu i\u00e7in de\u011fil&#8230; Di\u011fer balonlar mutluydu; Baloncu\u2019yla birlikte gezdikleri yerlerin, g\u00f6rd\u00fckleri \u015feylerin keyfini \u00e7\u0131kar\u0131yorlard\u0131.<span class=\"excerpt-hellip\"> [\u2026]<\/span><\/p>\n","protected":false},"featured_media":0,"template":"","meta":{"_monsterinsights_skip_tracking":false,"_monsterinsights_sitenote_active":false,"_monsterinsights_sitenote_note":"","_monsterinsights_sitenote_category":0},"product_brand":[],"product_cat":[12275,12274],"product_tag":[],"class_list":{"0":"post-714080","1":"product","2":"type-product","3":"status-publish","5":"product_cat-6-12-yas-kitaplari","6":"product_cat-cocuk-ve-genclik-kitaplari","7":"pa_cilt-ciltsiz","8":"pa_tur-kitap","9":"pa_yayinevi-kirmizi-kedi-yayinevi","10":"pa_yazar-ceren-kerimoglu","12":"first","13":"instock","14":"sale","15":"shipping-taxable","16":"purchasable","17":"product-type-simple"},"_links":{"self":[{"href":"https:\/\/roveyayinevi.com.tr\/index.php\/wp-json\/wp\/v2\/product\/714080","targetHints":{"allow":["GET"]}}],"collection":[{"href":"https:\/\/roveyayinevi.com.tr\/index.php\/wp-json\/wp\/v2\/product"}],"about":[{"href":"https:\/\/roveyayinevi.com.tr\/index.php\/wp-json\/wp\/v2\/types\/product"}],"wp:attachment":[{"href":"https:\/\/roveyayinevi.com.tr\/index.php\/wp-json\/wp\/v2\/media?parent=714080"}],"wp:term":[{"taxonomy":"product_brand","embeddable":true,"href":"https:\/\/roveyayinevi.com.tr\/index.php\/wp-json\/wp\/v2\/product_brand?post=714080"},{"taxonomy":"product_cat","embeddable":true,"href":"https:\/\/roveyayinevi.com.tr\/index.php\/wp-json\/wp\/v2\/product_cat?post=714080"},{"taxonomy":"product_tag","embeddable":true,"href":"https:\/\/roveyayinevi.com.tr\/index.php\/wp-json\/wp\/v2\/product_tag?post=714080"}],"curies":[{"name":"wp","href":"https:\/\/api.w.org\/{rel}","templated":true}]}}