{"id":714079,"date":"2025-08-27T17:14:51","date_gmt":"2025-08-27T14:14:51","guid":{"rendered":"https:\/\/roveyayinevi.com.tr\/index.php\/urun\/osmanli-devletinin-dagilma-devri-2\/"},"modified":"2026-04-16T02:22:26","modified_gmt":"2026-04-15T23:22:26","slug":"osmanli-devletinin-dagilma-devri-2","status":"publish","type":"product","link":"https:\/\/roveyayinevi.com.tr\/index.php\/urun\/osmanli-devletinin-dagilma-devri-2\/","title":{"rendered":"Osmanl\u0131 Devleti&#8217;nin Da\u011f\u0131lma Devri"},"content":{"rendered":"<p>lk bask\u0131s\u0131 1940 y\u0131l\u0131nda yap\u0131lan Osmanl\u0131 Devleti\u2019nin Da\u011f\u0131lma Devri, T\u00fcrk Tarihinin Anahatlar\u0131 serisi i\u00e7inde kurulu\u015f, imparatorluk, inhitat ve ink\u0131raz ba\u015fl\u0131klar\u0131 alt\u0131nda d\u00f6rt fas\u0131l halinde ele al\u0131nmas\u0131 planlanan Osmanl\u0131 tarihinin Yusuf Ak\u00e7ura\u2019ya \u0131smarlanan k\u0131sm\u0131d\u0131r. Eser, Ak\u00e7ura taraf\u0131ndan ne\u015fredilmek \u00fczere haz\u0131rlanmaya ba\u015flam\u0131\u015f; fakat kendisinin vakitsiz \u00f6l\u00fcm\u00fcyle yar\u0131m kalm\u0131\u015ft\u0131r. Yine de bu haliyle, III. Selim d\u00f6neminin \u00e7\u00f6z\u00fcl\u00fc\u015f ve idar\u00ee meseleleri ile bunlara y\u00f6nelik \u0131slahat giri\u015fimleri, Frans\u0131z \u0130htil\u00e2li\u2019nin T\u00fcrkiye\u2019ye tesirleri, de\u011fi\u015fen dengelerin a\u011f\u0131nda bir taraftan \u0130htil\u00e2l Fransas\u0131 bir taraftan Rusya ve \u0130ngiltere\u2019yle ya\u015fanan gerilimleri titiz ayr\u0131nt\u0131larla ele alan bir monografi olarak de\u011feri takdir edilmi\u015f, tadili ve tamamlanmas\u0131 gereken k\u0131s\u0131mlar\u0131 d\u00fczeltilip noksanlar\u0131 giderildikten sonra T\u00fcrk Tarih Kurumu taraf\u0131ndan eserin ne\u015frine nezaret etmek \u00fczere g\u00f6revlendirilen Faik Re\u015fit Unat\u2019\u0131n se\u00e7ti\u011fi haritalarla beraber bas\u0131lm\u0131\u015ft\u0131r. Osmanl\u0131 Devleti\u2019nin Da\u011f\u0131lma Devri, bize, inhilal tarihimizin k\u00f6klerine ge\u00e7en asr\u0131n en b\u00fcy\u00fck ayd\u0131nlar\u0131ndan birinin g\u00f6z\u00fcyle bakma imk\u00e2n\u0131n\u0131 veren m\u00fchim bir eser olarak de\u011ferini h\u00e2l\u00e2 korumaktad\u0131r. \ufffc<\/p>\n","protected":false},"excerpt":{"rendered":"<p>lk bask\u0131s\u0131 1940 y\u0131l\u0131nda yap\u0131lan Osmanl\u0131 Devleti\u2019nin Da\u011f\u0131lma Devri, T\u00fcrk Tarihinin Anahatlar\u0131 serisi i\u00e7inde kurulu\u015f, imparatorluk, inhitat ve ink\u0131raz ba\u015fl\u0131klar\u0131 alt\u0131nda d\u00f6rt fas\u0131l halinde ele al\u0131nmas\u0131<span class=\"excerpt-hellip\"> [\u2026]<\/span><\/p>\n","protected":false},"featured_media":0,"template":"","meta":{"_monsterinsights_skip_tracking":false,"_monsterinsights_sitenote_active":false,"_monsterinsights_sitenote_note":"","_monsterinsights_sitenote_category":0},"product_brand":[],"product_cat":[12304,13650],"product_tag":[],"class_list":{"0":"post-714079","1":"product","2":"type-product","3":"status-publish","5":"product_cat-tarih","6":"product_cat-turk-tarihi-arastirmalari","7":"pa_cilt-ciltsiz","8":"pa_tur-kitap","9":"pa_yayinevi-otuken-nesriyat","10":"pa_yazar-yusuf-akcura","12":"first","13":"instock","14":"sale","15":"shipping-taxable","16":"purchasable","17":"product-type-simple"},"_links":{"self":[{"href":"https:\/\/roveyayinevi.com.tr\/index.php\/wp-json\/wp\/v2\/product\/714079","targetHints":{"allow":["GET"]}}],"collection":[{"href":"https:\/\/roveyayinevi.com.tr\/index.php\/wp-json\/wp\/v2\/product"}],"about":[{"href":"https:\/\/roveyayinevi.com.tr\/index.php\/wp-json\/wp\/v2\/types\/product"}],"wp:attachment":[{"href":"https:\/\/roveyayinevi.com.tr\/index.php\/wp-json\/wp\/v2\/media?parent=714079"}],"wp:term":[{"taxonomy":"product_brand","embeddable":true,"href":"https:\/\/roveyayinevi.com.tr\/index.php\/wp-json\/wp\/v2\/product_brand?post=714079"},{"taxonomy":"product_cat","embeddable":true,"href":"https:\/\/roveyayinevi.com.tr\/index.php\/wp-json\/wp\/v2\/product_cat?post=714079"},{"taxonomy":"product_tag","embeddable":true,"href":"https:\/\/roveyayinevi.com.tr\/index.php\/wp-json\/wp\/v2\/product_tag?post=714079"}],"curies":[{"name":"wp","href":"https:\/\/api.w.org\/{rel}","templated":true}]}}