{"id":714076,"date":"2025-08-27T17:14:50","date_gmt":"2025-08-27T14:14:50","guid":{"rendered":"https:\/\/roveyayinevi.com.tr\/index.php\/urun\/buyukbabanin-muthis-firari\/"},"modified":"2026-04-11T13:41:55","modified_gmt":"2026-04-11T10:41:55","slug":"buyukbabanin-muthis-firari","status":"publish","type":"product","link":"https:\/\/roveyayinevi.com.tr\/index.php\/urun\/buyukbabanin-muthis-firari\/","title":{"rendered":"B\u00fcy\u00fckbaba&#8217;n\u0131n M\u00fcthi\u015f Firar\u0131"},"content":{"rendered":"<p>B\u00fcy\u00fckbaba, Jack\u2019in bu d\u00fcnyada en sevdi\u011fi insan. Bazen kafas\u0131n\u0131n kar\u0131\u015fmas\u0131n\u0131n, markete ev terlikleriyle \u00e7\u0131kmas\u0131n\u0131n bir \u00f6nemi yok. Jack\u2019in ad\u0131n\u0131 nadiren hat\u0131rlamas\u0131n\u0131n da&#8230; Ancak bir g\u00fcn B\u00fcy\u00fckbaba, g\u00f6rkemli bir Spitfire pilotu oldu\u011fu \u0130kinci D\u00fcnya Sava\u015f\u0131 d\u00f6neminde ya\u015fad\u0131\u011f\u0131n\u0131 sanmaya ba\u015flay\u0131nca i\u015fler kar\u0131\u015f\u0131yor. B\u00fcy\u00fckbaba, sinsi Bayan Swine\u2019\u0131n y\u00f6netti\u011fi t\u00fcyler \u00fcrpertici huzurevi Alacakaranl\u0131k Kuleleri\u2019ne g\u00f6nderilince torunu Jack, b\u00fcy\u00fckbabas\u0131na yard\u0131m edebilmek i\u00e7in kollar\u0131 s\u0131v\u0131yor! Birlikte, hayatlar\u0131n\u0131n maceras\u0131na at\u0131l\u0131yorlar. <\/p>\n","protected":false},"excerpt":{"rendered":"<p>B\u00fcy\u00fckbaba, Jack\u2019in bu d\u00fcnyada en sevdi\u011fi insan. Bazen kafas\u0131n\u0131n kar\u0131\u015fmas\u0131n\u0131n, markete ev terlikleriyle \u00e7\u0131kmas\u0131n\u0131n bir \u00f6nemi yok. Jack\u2019in ad\u0131n\u0131 nadiren hat\u0131rlamas\u0131n\u0131n da&#8230; Ancak bir g\u00fcn B\u00fcy\u00fckbaba,<span class=\"excerpt-hellip\"> [\u2026]<\/span><\/p>\n","protected":false},"featured_media":0,"template":"","meta":{"_monsterinsights_skip_tracking":false,"_monsterinsights_sitenote_active":false,"_monsterinsights_sitenote_note":"","_monsterinsights_sitenote_category":0},"product_brand":[],"product_cat":[12274,12284],"product_tag":[],"class_list":{"0":"post-714076","1":"product","2":"type-product","3":"status-publish","5":"product_cat-cocuk-ve-genclik-kitaplari","6":"product_cat-hikayeler","7":"pa_cilt-ciltsiz","8":"pa_tur-kitap","9":"pa_yayinevi-can-cocuk-yayinlari","10":"pa_yazar-david-walliams","12":"first","13":"instock","14":"sale","15":"shipping-taxable","16":"purchasable","17":"product-type-simple"},"_links":{"self":[{"href":"https:\/\/roveyayinevi.com.tr\/index.php\/wp-json\/wp\/v2\/product\/714076","targetHints":{"allow":["GET"]}}],"collection":[{"href":"https:\/\/roveyayinevi.com.tr\/index.php\/wp-json\/wp\/v2\/product"}],"about":[{"href":"https:\/\/roveyayinevi.com.tr\/index.php\/wp-json\/wp\/v2\/types\/product"}],"wp:attachment":[{"href":"https:\/\/roveyayinevi.com.tr\/index.php\/wp-json\/wp\/v2\/media?parent=714076"}],"wp:term":[{"taxonomy":"product_brand","embeddable":true,"href":"https:\/\/roveyayinevi.com.tr\/index.php\/wp-json\/wp\/v2\/product_brand?post=714076"},{"taxonomy":"product_cat","embeddable":true,"href":"https:\/\/roveyayinevi.com.tr\/index.php\/wp-json\/wp\/v2\/product_cat?post=714076"},{"taxonomy":"product_tag","embeddable":true,"href":"https:\/\/roveyayinevi.com.tr\/index.php\/wp-json\/wp\/v2\/product_tag?post=714076"}],"curies":[{"name":"wp","href":"https:\/\/api.w.org\/{rel}","templated":true}]}}