{"id":714075,"date":"2025-08-27T17:14:49","date_gmt":"2025-08-27T14:14:49","guid":{"rendered":"https:\/\/roveyayinevi.com.tr\/index.php\/urun\/bu-da-oldu\/"},"modified":"2026-01-29T02:40:44","modified_gmt":"2026-01-28T23:40:44","slug":"bu-da-oldu","status":"publish","type":"product","link":"https:\/\/roveyayinevi.com.tr\/index.php\/urun\/bu-da-oldu\/","title":{"rendered":"Bu Da Oldu"},"content":{"rendered":"<p>Bilinir ki okuyucular eline ald\u0131klar\u0131 yeni bir kitapta s\u00f6ylenmedik bir s\u00f6z bulmaya heves tutarlar. Fakat bu d\u00fcnyada her \u015fey hakk\u0131nda s\u00f6ylenmedik bir s\u00f6z kalm\u0131\u015f m\u0131d\u0131r ki? Bu durumda ortaya \u00e7\u0131kan ger\u00e7ek \u015fu ki \u00f6nemli olan neyin s\u00f6ylendi\u011fi de\u011fil de o al\u0131\u015f\u0131lm\u0131\u015f s\u00f6z gibi gelenlerin nas\u0131l s\u00f6ylendi\u011fidir.Ayn\u0131 s\u00f6z \u00f6yle s\u00f6ylenir ki petekten damlayan bala da benzer, katrandan damlayan zifte de.Oyuna dalan bir \u00e7ocu\u011fa kalk \u015fu bo\u015fa yanan iki lambadan birini kapat diye emrivaki de yapabilirsiniz, ge\u00e7iverirken \u015fu d\u00fc\u011fmenin konumunu bir de\u011fi\u015ftiriver diyerek emrinizi oyuna da \u00e7evirirsiniz. Bu tek i\u015fi iki yoldan da yapt\u0131rmaya kalk\u0131\u015f\u0131rken hangisinin ba\u015far\u0131ya ula\u015faca\u011f\u0131na siz karar veriniz. S\u00f6ylenen s\u00f6z, insan\u0131n beynini ok\u015fay\u0131p ruhuna tat vermelidir. \u0130\u015fte s\u00f6z s\u00f6yleme sanat\u0131 budur.Sami G\u00fcnal, her daim \u00f6zlenen bu ak\u0131m\u0131n \u00f6nc\u00fclerindendir. Bir s\u00f6z s\u00f6yleme ustas\u0131d\u0131r.\u00d6yk\u00fclemeler ve mizah yaz\u0131lar\u0131 zaten su gibi ak\u0131p gitmektedir. Keza sosyal yara konular\u0131 da kendine has ho\u015fsohbet didaktik \u00fcslup i\u00e7inde okuyan\u0131 i\u00e7ine \u00e7ekip sonuna kadar s\u00fcr\u00fckler.G\u00f6receksiniz ki en karma\u015f\u0131k hukuki meselelerde bile bir hukuk\u00e7u gibi konular\u0131 en derininden kavrayacaks\u0131n\u0131z.Sami G\u00fcnal, ya\u015fanm\u0131\u015fl\u0131klar\u0131n imbi\u011finden s\u00fczerek dam\u0131tt\u0131\u011f\u0131 yaz\u0131lar\u0131n\u0131 tek bir t\u00fcre ba\u011flamaz. Genel itibar\u0131yla yaz\u0131lar\u0131na \u201c\u00d6yk\u00fcsel Denemeler\u201d demekten pek ho\u015flanmaktad\u0131r.Yazar\u0131n ho\u015fsohbet \u00fcslubuyla b\u00fct\u00fcnle\u015fece\u011finiz okumalar dile\u011fiyle.. <\/p>\n","protected":false},"excerpt":{"rendered":"<p>Bilinir ki okuyucular eline ald\u0131klar\u0131 yeni bir kitapta s\u00f6ylenmedik bir s\u00f6z bulmaya heves tutarlar. Fakat bu d\u00fcnyada her \u015fey hakk\u0131nda s\u00f6ylenmedik bir s\u00f6z kalm\u0131\u015f m\u0131d\u0131r ki?<span class=\"excerpt-hellip\"> [\u2026]<\/span><\/p>\n","protected":false},"featured_media":0,"template":"","meta":{"_monsterinsights_skip_tracking":false,"_monsterinsights_sitenote_active":false,"_monsterinsights_sitenote_note":"","_monsterinsights_sitenote_category":0},"product_brand":[],"product_cat":[12777,12291],"product_tag":[],"class_list":{"0":"post-714075","1":"product","2":"type-product","3":"status-publish","5":"product_cat-deneme","6":"product_cat-edebiyat","7":"pa_cilt-ciltsiz","8":"pa_tur-kitap","9":"pa_yayinevi-utopya-yayinevi","10":"pa_yazar-sami-gunal","12":"first","13":"instock","14":"sale","15":"shipping-taxable","16":"purchasable","17":"product-type-simple"},"_links":{"self":[{"href":"https:\/\/roveyayinevi.com.tr\/index.php\/wp-json\/wp\/v2\/product\/714075","targetHints":{"allow":["GET"]}}],"collection":[{"href":"https:\/\/roveyayinevi.com.tr\/index.php\/wp-json\/wp\/v2\/product"}],"about":[{"href":"https:\/\/roveyayinevi.com.tr\/index.php\/wp-json\/wp\/v2\/types\/product"}],"wp:attachment":[{"href":"https:\/\/roveyayinevi.com.tr\/index.php\/wp-json\/wp\/v2\/media?parent=714075"}],"wp:term":[{"taxonomy":"product_brand","embeddable":true,"href":"https:\/\/roveyayinevi.com.tr\/index.php\/wp-json\/wp\/v2\/product_brand?post=714075"},{"taxonomy":"product_cat","embeddable":true,"href":"https:\/\/roveyayinevi.com.tr\/index.php\/wp-json\/wp\/v2\/product_cat?post=714075"},{"taxonomy":"product_tag","embeddable":true,"href":"https:\/\/roveyayinevi.com.tr\/index.php\/wp-json\/wp\/v2\/product_tag?post=714075"}],"curies":[{"name":"wp","href":"https:\/\/api.w.org\/{rel}","templated":true}]}}