{"id":714073,"date":"2025-08-27T17:14:48","date_gmt":"2025-08-27T14:14:48","guid":{"rendered":"https:\/\/roveyayinevi.com.tr\/index.php\/urun\/yuruyen-oluler-istila\/"},"modified":"2026-04-16T02:22:26","modified_gmt":"2026-04-15T23:22:26","slug":"yuruyen-oluler-istila","status":"publish","type":"product","link":"https:\/\/roveyayinevi.com.tr\/index.php\/urun\/yuruyen-oluler-istila\/","title":{"rendered":"Y\u00fcr\u00fcyen \u00d6l\u00fcler-\u0130stila"},"content":{"rendered":"<p>\u201cEski hayat\u0131m\u0131z yok olmu\u015f olabilir. Ama insanl\u0131\u011f\u0131m\u0131z\u0131 kaybetmek, bizim se\u00e7imimizdir.\u201dHarabeye d\u00f6nm\u00fc\u015f Woodbury \u015fehrinin k\u00fclleri aras\u0131nda, birbirleriyle \u00e7at\u0131\u015fma halinde olan iki kamp bulunur. Antik t\u00fcneller ve maden kuyular\u0131n\u0131n bulundu\u011fu yer alt\u0131nda, Lilly Caul ile k\u0131demli yurtta\u015flar, serseriler ve \u00e7ocuklardan olu\u015fan karma ekip yeni bir hayat kurmak i\u00e7in m\u00fccadele verirler. Fakat Lilly gizli amac\u0131yla yan\u0131p kavrulur. \u00c7ok sevdi\u011fi Woodbury\u2019yi vebal\u0131 zombilerden kurtarmak ister, \u00f6n\u00fcndeki tek engelse G\u00fcrcistan\u2019\u0131n at\u0131k sular\u0131nda gezinir. Psikoz hastas\u0131 olan Peder Jeremiah Garlitz, her y\u00f6nden harekete ge\u00e7en ve gitgide \u00e7o\u011falan y\u00fcr\u00fcyen \u00f6l\u00fcler dalgas\u0131n\u0131n tam ortas\u0131nda, i\u00e7 b\u00f6lgelerden ka\u00e7mak i\u00e7in \u015feytani bir gizli silahla, m\u00fcritlerinden olu\u015fan ordusunu yeniden in\u015fa eder. Lily ve ekibini yok etmek i\u00e7in komplo planlar\u0131 kurar. Bu iki insan hizbinin son kar\u015f\u0131la\u015fmas\u0131nda, zombilerin o korkun\u00e7 s\u00fcr\u00fclerinden elde edilen, deli bir adam taraf\u0131ndan m\u00fckemmelle\u015ftirilen ve masumlar\u0131n kan\u0131na bat\u0131r\u0131lm\u0131\u015f, akla hayale s\u0131\u011fmayan bir silah serbest kal\u0131r\u2026 <\/p>\n","protected":false},"excerpt":{"rendered":"<p>\u201cEski hayat\u0131m\u0131z yok olmu\u015f olabilir. Ama insanl\u0131\u011f\u0131m\u0131z\u0131 kaybetmek, bizim se\u00e7imimizdir.\u201dHarabeye d\u00f6nm\u00fc\u015f Woodbury \u015fehrinin k\u00fclleri aras\u0131nda, birbirleriyle \u00e7at\u0131\u015fma halinde olan iki kamp bulunur. Antik t\u00fcneller ve maden<span class=\"excerpt-hellip\"> [\u2026]<\/span><\/p>\n","protected":false},"featured_media":0,"template":"","meta":{"_monsterinsights_skip_tracking":false,"_monsterinsights_sitenote_active":false,"_monsterinsights_sitenote_note":"","_monsterinsights_sitenote_category":0},"product_brand":[],"product_cat":[12291,14777],"product_tag":[],"class_list":{"0":"post-714073","1":"product","2":"type-product","3":"status-publish","5":"product_cat-edebiyat","6":"product_cat-fantastik","7":"pa_cilt-ciltsiz","8":"pa_tur-kitap","9":"pa_yayinevi-ren-kitap","10":"pa_yazar-jay-bonansinga","12":"first","13":"instock","14":"sale","15":"shipping-taxable","16":"purchasable","17":"product-type-simple"},"_links":{"self":[{"href":"https:\/\/roveyayinevi.com.tr\/index.php\/wp-json\/wp\/v2\/product\/714073","targetHints":{"allow":["GET"]}}],"collection":[{"href":"https:\/\/roveyayinevi.com.tr\/index.php\/wp-json\/wp\/v2\/product"}],"about":[{"href":"https:\/\/roveyayinevi.com.tr\/index.php\/wp-json\/wp\/v2\/types\/product"}],"wp:attachment":[{"href":"https:\/\/roveyayinevi.com.tr\/index.php\/wp-json\/wp\/v2\/media?parent=714073"}],"wp:term":[{"taxonomy":"product_brand","embeddable":true,"href":"https:\/\/roveyayinevi.com.tr\/index.php\/wp-json\/wp\/v2\/product_brand?post=714073"},{"taxonomy":"product_cat","embeddable":true,"href":"https:\/\/roveyayinevi.com.tr\/index.php\/wp-json\/wp\/v2\/product_cat?post=714073"},{"taxonomy":"product_tag","embeddable":true,"href":"https:\/\/roveyayinevi.com.tr\/index.php\/wp-json\/wp\/v2\/product_tag?post=714073"}],"curies":[{"name":"wp","href":"https:\/\/api.w.org\/{rel}","templated":true}]}}