{"id":714072,"date":"2025-08-27T17:14:47","date_gmt":"2025-08-27T14:14:47","guid":{"rendered":"https:\/\/roveyayinevi.com.tr\/index.php\/urun\/astronot-meslekleri-ogreniyorum-1\/"},"modified":"2026-04-16T02:22:26","modified_gmt":"2026-04-15T23:22:26","slug":"astronot-meslekleri-ogreniyorum-1","status":"publish","type":"product","link":"https:\/\/roveyayinevi.com.tr\/index.php\/urun\/astronot-meslekleri-ogreniyorum-1\/","title":{"rendered":"Astronot Meslekleri \u00d6\u011freniyorum \u2013 1"},"content":{"rendered":"<p>Mete G\u00fcne\u015f\u2019i, y\u0131ld\u0131zlar\u0131, Ay\u2019\u0131 merak ediyor ve uzaya gitmek istiyor! Peki ya sen? Ama bu o kadar kolay de\u011fil. \u00d6nce \u00e7ok \u00e7al\u0131\u015fmal\u0131s\u0131n. Sonra da kendine uygun bir meslek se\u00e7melisin. Kimler uzaya gider, ara\u015ft\u0131rmalar yapar biliyor musun? Astronotlar! K\u00fc\u00e7\u00fck okurlar\u0131m\u0131z\u0131n yak\u0131ndan tan\u0131d\u0131\u011f\u0131 Koray Avc\u0131 \u00c7akman, Meslekleri \u00d6\u011freniyorum Serisi\u2019nin ilk kitab\u0131nda bir \u00e7ocu\u011fun nas\u0131l astronot olunaca\u011f\u0131n\u0131 \u00f6\u011frenmesini e\u011flenceli bir \u00f6yk\u00fcyle anlat\u0131l\u0131yor. <\/p>\n","protected":false},"excerpt":{"rendered":"<p>Mete G\u00fcne\u015f\u2019i, y\u0131ld\u0131zlar\u0131, Ay\u2019\u0131 merak ediyor ve uzaya gitmek istiyor! Peki ya sen? Ama bu o kadar kolay de\u011fil. \u00d6nce \u00e7ok \u00e7al\u0131\u015fmal\u0131s\u0131n. Sonra da kendine uygun<span class=\"excerpt-hellip\"> [\u2026]<\/span><\/p>\n","protected":false},"featured_media":0,"template":"","meta":{"_monsterinsights_skip_tracking":false,"_monsterinsights_sitenote_active":false,"_monsterinsights_sitenote_note":"","_monsterinsights_sitenote_category":0},"product_brand":[],"product_cat":[12275,12274],"product_tag":[],"class_list":{"0":"post-714072","1":"product","2":"type-product","3":"status-publish","5":"product_cat-6-12-yas-kitaplari","6":"product_cat-cocuk-ve-genclik-kitaplari","7":"pa_cilt-ciltsiz","8":"pa_tur-kitap","9":"pa_yayinevi-kirmizi-kedi-yayinevi","10":"pa_yazar-koray-avci-cakman","12":"first","13":"instock","14":"sale","15":"shipping-taxable","16":"purchasable","17":"product-type-simple"},"_links":{"self":[{"href":"https:\/\/roveyayinevi.com.tr\/index.php\/wp-json\/wp\/v2\/product\/714072","targetHints":{"allow":["GET"]}}],"collection":[{"href":"https:\/\/roveyayinevi.com.tr\/index.php\/wp-json\/wp\/v2\/product"}],"about":[{"href":"https:\/\/roveyayinevi.com.tr\/index.php\/wp-json\/wp\/v2\/types\/product"}],"wp:attachment":[{"href":"https:\/\/roveyayinevi.com.tr\/index.php\/wp-json\/wp\/v2\/media?parent=714072"}],"wp:term":[{"taxonomy":"product_brand","embeddable":true,"href":"https:\/\/roveyayinevi.com.tr\/index.php\/wp-json\/wp\/v2\/product_brand?post=714072"},{"taxonomy":"product_cat","embeddable":true,"href":"https:\/\/roveyayinevi.com.tr\/index.php\/wp-json\/wp\/v2\/product_cat?post=714072"},{"taxonomy":"product_tag","embeddable":true,"href":"https:\/\/roveyayinevi.com.tr\/index.php\/wp-json\/wp\/v2\/product_tag?post=714072"}],"curies":[{"name":"wp","href":"https:\/\/api.w.org\/{rel}","templated":true}]}}