{"id":714070,"date":"2025-08-27T17:14:46","date_gmt":"2025-08-27T14:14:46","guid":{"rendered":"https:\/\/roveyayinevi.com.tr\/index.php\/urun\/canavar-pesinde-54-korkunc-yilan-torpiks\/"},"modified":"2026-04-16T02:22:26","modified_gmt":"2026-04-15T23:22:26","slug":"canavar-pesinde-54-korkunc-yilan-torpiks","status":"publish","type":"product","link":"https:\/\/roveyayinevi.com.tr\/index.php\/urun\/canavar-pesinde-54-korkunc-yilan-torpiks\/","title":{"rendered":"Canavar Pe\u015finde 54 &#8211; Korkun\u00e7 Y\u0131lan Torpiks"},"content":{"rendered":"<p>Yepyeni Canavar Pe\u015finde maceras\u0131na ho\u015f geldiniz:B\u00fcy\u00fcc\u00fcn\u00fcn Asas\u0131\u201cB\u00fcy\u00fcc\u00fcn\u00fcn Asas\u0131\u201d maceras\u0131n\u0131n bu son kitab\u0131nda, heyecan dorukta!Malvel, asay\u0131 Ebedi Ate\u015f\u2019e atmay\u0131 ba\u015far\u0131rsa, t\u00fcm krall\u0131klara h\u00fckmedecek.Tom, bu kez hem Malvel\u2019le hem de ate\u015fi koruyan Korkun\u00e7 Y\u0131lan Torpiks\u2019le d\u00f6v\u00fc\u015fmek zorunda.\u0130kisini de yenemezse, Avantia\u2019y\u0131 ve di\u011fer krall\u0131klar\u0131 kurtaramayacak. <\/p>\n","protected":false},"excerpt":{"rendered":"<p>Yepyeni Canavar Pe\u015finde maceras\u0131na ho\u015f geldiniz:B\u00fcy\u00fcc\u00fcn\u00fcn Asas\u0131\u201cB\u00fcy\u00fcc\u00fcn\u00fcn Asas\u0131\u201d maceras\u0131n\u0131n bu son kitab\u0131nda, heyecan dorukta!Malvel, asay\u0131 Ebedi Ate\u015f\u2019e atmay\u0131 ba\u015far\u0131rsa, t\u00fcm krall\u0131klara h\u00fckmedecek.Tom, bu kez hem Malvel\u2019le<span class=\"excerpt-hellip\"> [\u2026]<\/span><\/p>\n","protected":false},"featured_media":0,"template":"","meta":{"_monsterinsights_skip_tracking":false,"_monsterinsights_sitenote_active":false,"_monsterinsights_sitenote_note":"","_monsterinsights_sitenote_category":0},"product_brand":[],"product_cat":[12291,14777],"product_tag":[],"class_list":{"0":"post-714070","1":"product","2":"type-product","3":"status-publish","5":"product_cat-edebiyat","6":"product_cat-fantastik","7":"pa_cilt-ciltsiz","8":"pa_tur-kitap","9":"pa_yayinevi-beyaz-balina-yayinlari","10":"pa_yazar-adam-blade","12":"first","13":"instock","14":"sale","15":"shipping-taxable","16":"purchasable","17":"product-type-simple"},"_links":{"self":[{"href":"https:\/\/roveyayinevi.com.tr\/index.php\/wp-json\/wp\/v2\/product\/714070","targetHints":{"allow":["GET"]}}],"collection":[{"href":"https:\/\/roveyayinevi.com.tr\/index.php\/wp-json\/wp\/v2\/product"}],"about":[{"href":"https:\/\/roveyayinevi.com.tr\/index.php\/wp-json\/wp\/v2\/types\/product"}],"wp:attachment":[{"href":"https:\/\/roveyayinevi.com.tr\/index.php\/wp-json\/wp\/v2\/media?parent=714070"}],"wp:term":[{"taxonomy":"product_brand","embeddable":true,"href":"https:\/\/roveyayinevi.com.tr\/index.php\/wp-json\/wp\/v2\/product_brand?post=714070"},{"taxonomy":"product_cat","embeddable":true,"href":"https:\/\/roveyayinevi.com.tr\/index.php\/wp-json\/wp\/v2\/product_cat?post=714070"},{"taxonomy":"product_tag","embeddable":true,"href":"https:\/\/roveyayinevi.com.tr\/index.php\/wp-json\/wp\/v2\/product_tag?post=714070"}],"curies":[{"name":"wp","href":"https:\/\/api.w.org\/{rel}","templated":true}]}}