{"id":714069,"date":"2025-08-27T17:14:45","date_gmt":"2025-08-27T14:14:45","guid":{"rendered":"https:\/\/roveyayinevi.com.tr\/index.php\/urun\/yokhayvanlar\/"},"modified":"2026-04-16T02:22:26","modified_gmt":"2026-04-15T23:22:26","slug":"yokhayvanlar","status":"publish","type":"product","link":"https:\/\/roveyayinevi.com.tr\/index.php\/urun\/yokhayvanlar\/","title":{"rendered":"Yokhayvanlar"},"content":{"rendered":"<p>Hayatlar\u0131na iki basamakl\u0131 kabuklar\u0131yla toprakalt\u0131ndan \u00e7\u0131karak ba\u015flayan merdivgenler, r\u00fczg\u00e2rla savrulan yapraklar\u0131 antenlerine tak\u0131\u015ft\u0131rmay\u0131 seven buka\u00e7ualar, devaml\u0131 hareket halinde olmalar\u0131na ra\u011fmen ayr\u0131l\u0131klara bir t\u00fcrl\u00fc al\u0131\u015famayan nubingiler, g\u00f6rkemli sofralar kurup evde arkada\u015flar\u0131n\u0131 a\u011f\u0131rlayan gagakafal\u0131 cad\u0131ku\u015flar ve di\u011ferleri&#8230; Bu kitapta, olmayan yokhayvan yok! <\/p>\n","protected":false},"excerpt":{"rendered":"<p>Hayatlar\u0131na iki basamakl\u0131 kabuklar\u0131yla toprakalt\u0131ndan \u00e7\u0131karak ba\u015flayan merdivgenler, r\u00fczg\u00e2rla savrulan yapraklar\u0131 antenlerine tak\u0131\u015ft\u0131rmay\u0131 seven buka\u00e7ualar, devaml\u0131 hareket halinde olmalar\u0131na ra\u011fmen ayr\u0131l\u0131klara bir t\u00fcrl\u00fc al\u0131\u015famayan nubingiler, g\u00f6rkemli<span class=\"excerpt-hellip\"> [\u2026]<\/span><\/p>\n","protected":false},"featured_media":0,"template":"","meta":{"_monsterinsights_skip_tracking":false,"_monsterinsights_sitenote_active":false,"_monsterinsights_sitenote_note":"","_monsterinsights_sitenote_category":0},"product_brand":[],"product_cat":[12913,12274],"product_tag":[],"class_list":{"0":"post-714069","1":"product","2":"type-product","3":"status-publish","5":"product_cat-3-6-yas-kitaplari","6":"product_cat-cocuk-ve-genclik-kitaplari","7":"pa_cilt-ciltsiz","8":"pa_tur-kitap","9":"pa_yayinevi-can-cocuk-yayinlari","10":"pa_yazar-ece-ciftci","12":"first","13":"instock","14":"sale","15":"shipping-taxable","16":"purchasable","17":"product-type-simple"},"_links":{"self":[{"href":"https:\/\/roveyayinevi.com.tr\/index.php\/wp-json\/wp\/v2\/product\/714069","targetHints":{"allow":["GET"]}}],"collection":[{"href":"https:\/\/roveyayinevi.com.tr\/index.php\/wp-json\/wp\/v2\/product"}],"about":[{"href":"https:\/\/roveyayinevi.com.tr\/index.php\/wp-json\/wp\/v2\/types\/product"}],"wp:attachment":[{"href":"https:\/\/roveyayinevi.com.tr\/index.php\/wp-json\/wp\/v2\/media?parent=714069"}],"wp:term":[{"taxonomy":"product_brand","embeddable":true,"href":"https:\/\/roveyayinevi.com.tr\/index.php\/wp-json\/wp\/v2\/product_brand?post=714069"},{"taxonomy":"product_cat","embeddable":true,"href":"https:\/\/roveyayinevi.com.tr\/index.php\/wp-json\/wp\/v2\/product_cat?post=714069"},{"taxonomy":"product_tag","embeddable":true,"href":"https:\/\/roveyayinevi.com.tr\/index.php\/wp-json\/wp\/v2\/product_tag?post=714069"}],"curies":[{"name":"wp","href":"https:\/\/api.w.org\/{rel}","templated":true}]}}