{"id":714068,"date":"2025-08-27T17:14:45","date_gmt":"2025-08-27T14:14:45","guid":{"rendered":"https:\/\/roveyayinevi.com.tr\/index.php\/urun\/faydasiz-bilginin-faydasi\/"},"modified":"2026-04-16T02:22:26","modified_gmt":"2026-04-15T23:22:26","slug":"faydasiz-bilginin-faydasi","status":"publish","type":"product","link":"https:\/\/roveyayinevi.com.tr\/index.php\/urun\/faydasiz-bilginin-faydasi\/","title":{"rendered":"Faydas\u0131z Bilginin Faydas\u0131"},"content":{"rendered":"<p>Merak ve hayal g\u00fcc\u00fc bilgiden \u00f6nemlidir! Cep boy tasar\u0131m\u0131yla dikkat \u00e7eken Faydas\u0131z Bilginin Faydas\u0131, Delidolu&#8217;nun kurmaca d\u0131\u015f\u0131 kitaplar koleksiyonunun &#8220;Ne Yapmal\u0131?&#8221; ba\u015fl\u0131kl\u0131 alt dizisindeki yerini al\u0131yor. \u0130leri Ara\u015ft\u0131rmalar Enstit\u00fcs\u00fc\u2019n\u00fcn kurucusu Abraham Flexner\u2019in 1939 tarihli, zaman\u0131n\u0131n \u00e7ok \u00f6tesindeki makalesi Faydas\u0131z Bilginin Faydas\u0131, \u015fu an enstit\u00fcn\u00fcn ba\u015fkanl\u0131\u011f\u0131n\u0131 y\u00fcr\u00fcten Robbert Dijkgraaf\u2019\u0131n \u00f6zg\u00fcr d\u00fc\u015f\u00fcnce ve merak temelli engelsiz ara\u015ft\u0131rma \u00fczerine yazd\u0131\u011f\u0131 \u00f6ns\u00f6zle sunuluyor. Flexner\u2019in, insan merak\u0131 \u00fczerine yapt\u0131\u011f\u0131 g\u00f6zlemlerinin bug\u00fcn\u00fcn, hatta yar\u0131n\u0131n d\u00fcnyas\u0131 i\u00e7in ne kadar yerinde ve g\u00fcncel oldu\u011funa dikkat \u00e7eken Faydas\u0131z Bilginin Faydas\u0131, \u00f6zg\u00fcr ve ba\u011f\u0131ms\u0131z ara\u015ft\u0131rman\u0131n \u00f6nemini vurgulayarak, pek \u00e7ok bulu\u015fun bu temele dayand\u0131\u011f\u0131n\u0131 hat\u0131rlat\u0131yor.Albert Einstein, Carl Friedrich Gauss, James Clark Maxwell neden h\u00e2l\u00e2 ya\u015fayan efsaneler olarak adland\u0131r\u0131l\u0131yor? G\u00fcnl\u00fck ya\u015fant\u0131m\u0131za en ufak katk\u0131s\u0131 olmayan kuramlar\u0131n bize ne faydas\u0131 var? Oysa pek \u00e7ok bulu\u015fun temeli, ne i\u015fe yarad\u0131\u011f\u0131 bilinmeyen, yarars\u0131z bilgi niteli\u011findeki bir ba\u015fka ke\u015ffe dayan\u0131r. B\u00fct\u00fcn \u00f6mr\u00fcn\u00fc, ya\u015fad\u0131\u011f\u0131 y\u00fczy\u0131l\u0131n \u00e7ok ilerisindeki bir hayat\u0131 d\u00fc\u015fleyerek ge\u00e7iren Abraham Flexner, bu makalesinde, basit ara\u015ft\u0131rmalar\u0131n s\u0131n\u0131r tan\u0131maz bir hayal g\u00fcc\u00fc ile bulu\u015ftu\u011funda ne denli b\u00fcy\u00fck ke\u015fiflere evrilebilece\u011fini g\u00f6zler \u00f6n\u00fcne seriyor. Abraham Flexner\u2019in izinden y\u00fcr\u00fcyen Robbert Dijkgraaf, \u201cYar\u0131n\u0131n D\u00fcnyas\u0131\u201d ba\u015fl\u0131kl\u0131 \u00f6ns\u00f6z\u00fcnde yapt\u0131\u011f\u0131 analizlerle Flexner&#8217;in derin \u00e7alkant\u0131larla ve endi\u015feyle dolu bir zamanda yazd\u0131\u011f\u0131 Faydas\u0131z Bilginin Faydas\u0131 isimli makalesini emsalsiz bir zaman kaps\u00fcl\u00fc olarak nitelendiriyor.  D\u00fc\u015f\u00fcnce \u00f6zg\u00fcrl\u00fc\u011f\u00fc, bilginin ilerlemesinde sadece bir ara\u00e7 de\u011fil, demokrasi ve ho\u015fg\u00f6r\u00fcn\u00fcn temel unsuru olarak da insan refah\u0131 i\u00e7in vazge\u00e7ilmez \u00f6nemdedir. \u00d6zg\u00fcr ara\u015ft\u0131rma, ruhu y\u00fcceltir ve a\u015fina oldu\u011fumuz \u015feylere yeni bir a\u00e7\u0131dan bakmam\u0131z\u0131 sa\u011flar. Yani, d\u00fcnyam\u0131z\u0131 ger\u00e7ek anlamda de\u011fi\u015ftirir. Flexner\u2019in ifadesiyle, \u201c\u0130nsan \u0131rk\u0131n\u0131n ger\u00e7ek d\u00fc\u015fman\u0131, hakl\u0131 ya da haks\u0131z, korkusuz ve sorumsuz d\u00fc\u015f\u00fcn\u00fcr de\u011fildir. Ger\u00e7ek d\u00fc\u015fman, insan zihnini, kanatlar\u0131n\u0131 a\u00e7maya c\u00fcret edemeyece\u011fi bir kal\u0131ba sokmaya \u00e7al\u0131\u015fan ki\u015fidir.\u201d <\/p>\n","protected":false},"excerpt":{"rendered":"<p>Merak ve hayal g\u00fcc\u00fc bilgiden \u00f6nemlidir! Cep boy tasar\u0131m\u0131yla dikkat \u00e7eken Faydas\u0131z Bilginin Faydas\u0131, Delidolu&#8217;nun kurmaca d\u0131\u015f\u0131 kitaplar koleksiyonunun &#8220;Ne Yapmal\u0131?&#8221; ba\u015fl\u0131kl\u0131 alt dizisindeki yerini al\u0131yor.<span class=\"excerpt-hellip\"> [\u2026]<\/span><\/p>\n","protected":false},"featured_media":0,"template":"","meta":{"_monsterinsights_skip_tracking":false,"_monsterinsights_sitenote_active":false,"_monsterinsights_sitenote_note":"","_monsterinsights_sitenote_category":0},"product_brand":[],"product_cat":[13005,13006],"product_tag":[],"class_list":{"0":"post-714068","1":"product","2":"type-product","3":"status-publish","5":"product_cat-bilim-muhendislik","6":"product_cat-populer-bilim","7":"pa_cilt-ciltsiz","8":"pa_tur-kitap","9":"pa_yayinevi-delidolu","10":"pa_yazar-abraham-flexner","12":"first","13":"instock","14":"sale","15":"shipping-taxable","16":"purchasable","17":"product-type-simple"},"_links":{"self":[{"href":"https:\/\/roveyayinevi.com.tr\/index.php\/wp-json\/wp\/v2\/product\/714068","targetHints":{"allow":["GET"]}}],"collection":[{"href":"https:\/\/roveyayinevi.com.tr\/index.php\/wp-json\/wp\/v2\/product"}],"about":[{"href":"https:\/\/roveyayinevi.com.tr\/index.php\/wp-json\/wp\/v2\/types\/product"}],"wp:attachment":[{"href":"https:\/\/roveyayinevi.com.tr\/index.php\/wp-json\/wp\/v2\/media?parent=714068"}],"wp:term":[{"taxonomy":"product_brand","embeddable":true,"href":"https:\/\/roveyayinevi.com.tr\/index.php\/wp-json\/wp\/v2\/product_brand?post=714068"},{"taxonomy":"product_cat","embeddable":true,"href":"https:\/\/roveyayinevi.com.tr\/index.php\/wp-json\/wp\/v2\/product_cat?post=714068"},{"taxonomy":"product_tag","embeddable":true,"href":"https:\/\/roveyayinevi.com.tr\/index.php\/wp-json\/wp\/v2\/product_tag?post=714068"}],"curies":[{"name":"wp","href":"https:\/\/api.w.org\/{rel}","templated":true}]}}