{"id":714067,"date":"2025-08-27T17:14:44","date_gmt":"2025-08-27T14:14:44","guid":{"rendered":"https:\/\/roveyayinevi.com.tr\/index.php\/urun\/sen-buna-degersin\/"},"modified":"2026-04-16T02:22:26","modified_gmt":"2026-04-15T23:22:26","slug":"sen-buna-degersin","status":"publish","type":"product","link":"https:\/\/roveyayinevi.com.tr\/index.php\/urun\/sen-buna-degersin\/","title":{"rendered":"Sen Buna De\u011fersin"},"content":{"rendered":"<p>\u0130ki senemi g\u00f6n\u00fcll\u00fc olarak payla\u015ft\u0131\u011f\u0131m, say\u0131lar\u0131 bin civar\u0131nda, 12-40 ya\u015f aras\u0131ndaki ba\u011f\u0131ml\u0131 ve risk alt\u0131ndaki gen\u00e7lerle; neler yapt\u0131\u011f\u0131m\u0131, onlarla neleri payla\u015ft\u0131\u011f\u0131m\u0131, onlar\u0131n da g\u00f6n\u00fcl d\u00fcnyalar\u0131n\u0131 bana nas\u0131l a\u00e7t\u0131klar\u0131n\u0131 ya\u015fad\u0131\u011f\u0131m an\u0131larla anlatmay\u0131 tercih ettim. \u0130\u015fin prati\u011fini, bizzat sahada neyi, nas\u0131l yapt\u0131\u011f\u0131m\u0131 ve ne sonu\u00e7lar ald\u0131\u011f\u0131m\u0131, ya\u015fand\u0131\u011f\u0131m \u00f6rneklerle ele alarak yazmaya \u00e7al\u0131\u015ft\u0131m.Onlarda g\u00f6rd\u00fc\u011f\u00fcm iki eksiklik vard\u0131: \u201cSevgi\u201d ve \u201cKendi De\u011ferini Bilmeme\u201d.\u0130\u015fin esas\u0131 da buydu zaten. Yani onlar\u0131 bu duruma d\u00fc\u015f\u00fcren en \u00f6nemli etken, temel unsur buydu: \u201cSevgisizlik\u201d ve \u201cDe\u011fersizlik\u201d&#8230;Bu bo\u015fluk dolduruldu\u011funda, her \u015feyin kendili\u011finden yerli yerine oturuverdi\u011fini g\u00f6rd\u00fcm. Peki, bunu nas\u0131l yapmak gerekiyordu.Bu kitap, g\u00fcn\u00fcm\u00fczde her insan\u0131n kendisinde ve \u00e7evresinde kar\u015f\u0131la\u015fabilece\u011fi m\u00fchim sorulara \u00e7\u00f6z\u00fcm metodu sunuyor.Unutmay\u0131n, siz de\u011ferlisiniz ve seviliyorsunuz. <\/p>\n","protected":false},"excerpt":{"rendered":"<p>\u0130ki senemi g\u00f6n\u00fcll\u00fc olarak payla\u015ft\u0131\u011f\u0131m, say\u0131lar\u0131 bin civar\u0131nda, 12-40 ya\u015f aras\u0131ndaki ba\u011f\u0131ml\u0131 ve risk alt\u0131ndaki gen\u00e7lerle; neler yapt\u0131\u011f\u0131m\u0131, onlarla neleri payla\u015ft\u0131\u011f\u0131m\u0131, onlar\u0131n da g\u00f6n\u00fcl d\u00fcnyalar\u0131n\u0131 bana<span class=\"excerpt-hellip\"> [\u2026]<\/span><\/p>\n","protected":false},"featured_media":0,"template":"","meta":{"_monsterinsights_skip_tracking":false,"_monsterinsights_sitenote_active":false,"_monsterinsights_sitenote_note":"","_monsterinsights_sitenote_category":0},"product_brand":[],"product_cat":[12364,12376],"product_tag":[],"class_list":{"0":"post-714067","1":"product","2":"type-product","3":"status-publish","5":"product_cat-genel-konular","6":"product_cat-kisisel-gelisim","7":"pa_cilt-ciltsiz","8":"pa_tur-kitap","9":"pa_yayinevi-nesil-yayinlari","10":"pa_yazar-salahattin-altundag","12":"first","13":"instock","14":"sale","15":"shipping-taxable","16":"purchasable","17":"product-type-simple"},"_links":{"self":[{"href":"https:\/\/roveyayinevi.com.tr\/index.php\/wp-json\/wp\/v2\/product\/714067","targetHints":{"allow":["GET"]}}],"collection":[{"href":"https:\/\/roveyayinevi.com.tr\/index.php\/wp-json\/wp\/v2\/product"}],"about":[{"href":"https:\/\/roveyayinevi.com.tr\/index.php\/wp-json\/wp\/v2\/types\/product"}],"wp:attachment":[{"href":"https:\/\/roveyayinevi.com.tr\/index.php\/wp-json\/wp\/v2\/media?parent=714067"}],"wp:term":[{"taxonomy":"product_brand","embeddable":true,"href":"https:\/\/roveyayinevi.com.tr\/index.php\/wp-json\/wp\/v2\/product_brand?post=714067"},{"taxonomy":"product_cat","embeddable":true,"href":"https:\/\/roveyayinevi.com.tr\/index.php\/wp-json\/wp\/v2\/product_cat?post=714067"},{"taxonomy":"product_tag","embeddable":true,"href":"https:\/\/roveyayinevi.com.tr\/index.php\/wp-json\/wp\/v2\/product_tag?post=714067"}],"curies":[{"name":"wp","href":"https:\/\/api.w.org\/{rel}","templated":true}]}}