{"id":714066,"date":"2025-08-27T17:14:44","date_gmt":"2025-08-27T14:14:44","guid":{"rendered":"https:\/\/roveyayinevi.com.tr\/index.php\/urun\/leonardo-da-vinci\/"},"modified":"2026-04-16T02:22:26","modified_gmt":"2026-04-15T23:22:26","slug":"leonardo-da-vinci","status":"publish","type":"product","link":"https:\/\/roveyayinevi.com.tr\/index.php\/urun\/leonardo-da-vinci\/","title":{"rendered":"Leonardo Da Vinci"},"content":{"rendered":"<p>A\u015fa\u011f\u0131dakilerin hangisi do\u011frudur?K\u00fc\u00e7\u00fck ve yaln\u0131z bir \u00e7ocuk.Fransa Kral\u0131\u2019n\u0131n \u00f6zel misafiri.Bir mucit, m\u00fczisyen, m\u00fchendis, bilim insan\u0131 ve d\u00fcnyaca \u00fcnl\u00fc Mona Lisa\u2019n\u0131n ressam\u0131.Yukar\u0131dakilerin hepsi!Resimli, e\u011flenceli, heyecanl\u0131 biyografisi ile ger\u00e7ek Leonardo da Vinci\u2019yi yak\u0131ndan tan\u0131y\u0131n. <\/p>\n","protected":false},"excerpt":{"rendered":"<p>A\u015fa\u011f\u0131dakilerin hangisi do\u011frudur?K\u00fc\u00e7\u00fck ve yaln\u0131z bir \u00e7ocuk.Fransa Kral\u0131\u2019n\u0131n \u00f6zel misafiri.Bir mucit, m\u00fczisyen, m\u00fchendis, bilim insan\u0131 ve d\u00fcnyaca \u00fcnl\u00fc Mona Lisa\u2019n\u0131n ressam\u0131.Yukar\u0131dakilerin hepsi!Resimli, e\u011flenceli, heyecanl\u0131 biyografisi ile<span class=\"excerpt-hellip\"> [\u2026]<\/span><\/p>\n","protected":false},"featured_media":0,"template":"","meta":{"_monsterinsights_skip_tracking":false,"_monsterinsights_sitenote_active":false,"_monsterinsights_sitenote_note":"","_monsterinsights_sitenote_category":0},"product_brand":[],"product_cat":[30023,13527],"product_tag":[],"class_list":{"0":"post-714066","1":"product","2":"type-product","3":"status-publish","5":"product_cat-edebiyat-sureli-yayinlar","6":"product_cat-sureli-yayinlar","7":"pa_cilt-ciltsiz","8":"pa_tur-kitap","9":"pa_yayinevi-beyaz-balina-yayinlari","10":"pa_yazar-roberta-edwards","12":"first","13":"instock","14":"sale","15":"shipping-taxable","16":"purchasable","17":"product-type-simple"},"_links":{"self":[{"href":"https:\/\/roveyayinevi.com.tr\/index.php\/wp-json\/wp\/v2\/product\/714066","targetHints":{"allow":["GET"]}}],"collection":[{"href":"https:\/\/roveyayinevi.com.tr\/index.php\/wp-json\/wp\/v2\/product"}],"about":[{"href":"https:\/\/roveyayinevi.com.tr\/index.php\/wp-json\/wp\/v2\/types\/product"}],"wp:attachment":[{"href":"https:\/\/roveyayinevi.com.tr\/index.php\/wp-json\/wp\/v2\/media?parent=714066"}],"wp:term":[{"taxonomy":"product_brand","embeddable":true,"href":"https:\/\/roveyayinevi.com.tr\/index.php\/wp-json\/wp\/v2\/product_brand?post=714066"},{"taxonomy":"product_cat","embeddable":true,"href":"https:\/\/roveyayinevi.com.tr\/index.php\/wp-json\/wp\/v2\/product_cat?post=714066"},{"taxonomy":"product_tag","embeddable":true,"href":"https:\/\/roveyayinevi.com.tr\/index.php\/wp-json\/wp\/v2\/product_tag?post=714066"}],"curies":[{"name":"wp","href":"https:\/\/api.w.org\/{rel}","templated":true}]}}