{"id":714065,"date":"2025-08-27T17:14:43","date_gmt":"2025-08-27T14:14:43","guid":{"rendered":"https:\/\/roveyayinevi.com.tr\/index.php\/urun\/ferdinand-macellan-kimdi\/"},"modified":"2026-04-16T02:22:26","modified_gmt":"2026-04-15T23:22:26","slug":"ferdinand-macellan-kimdi","status":"publish","type":"product","link":"https:\/\/roveyayinevi.com.tr\/index.php\/urun\/ferdinand-macellan-kimdi\/","title":{"rendered":"Ferdinand Macellan Kimdi?"},"content":{"rendered":"<p>Fakir bir ailenin \u00e7ocu\u011fu. Bir\u00e7ok insan taraf\u0131ndan g\u00fcvenilmeyen, sevilmeyen gizemli bir adam. D\u00fcnyan\u0131n etraf\u0131n\u0131 dola\u015fmaya \u00e7\u0131kan cesur bir k\u00e2\u015fif. Yukar\u0131dakilerin hepsi! Ger\u00e7ek Macellan\u2019\u0131, bu e\u011flenceli, heyecanl\u0131 ve resimli biyografisinde \u00e7ok daha yak\u0131ndan tan\u0131y\u0131n! \ufffcTan\u0131t\u0131m Metni<\/p>\n","protected":false},"excerpt":{"rendered":"<p>Fakir bir ailenin \u00e7ocu\u011fu. Bir\u00e7ok insan taraf\u0131ndan g\u00fcvenilmeyen, sevilmeyen gizemli bir adam. D\u00fcnyan\u0131n etraf\u0131n\u0131 dola\u015fmaya \u00e7\u0131kan cesur bir k\u00e2\u015fif. Yukar\u0131dakilerin hepsi! Ger\u00e7ek Macellan\u2019\u0131, bu e\u011flenceli, heyecanl\u0131<span class=\"excerpt-hellip\"> [\u2026]<\/span><\/p>\n","protected":false},"featured_media":0,"template":"","meta":{"_monsterinsights_skip_tracking":false,"_monsterinsights_sitenote_active":false,"_monsterinsights_sitenote_note":"","_monsterinsights_sitenote_category":0},"product_brand":[],"product_cat":[12274,12284],"product_tag":[],"class_list":{"0":"post-714065","1":"product","2":"type-product","3":"status-publish","5":"product_cat-cocuk-ve-genclik-kitaplari","6":"product_cat-hikayeler","7":"pa_cilt-ciltsiz","8":"pa_tur-kitap","9":"pa_yayinevi-beyaz-balina-yayinlari","10":"pa_yazar-sydelle-kramer","12":"first","13":"instock","14":"sale","15":"shipping-taxable","16":"purchasable","17":"product-type-simple"},"_links":{"self":[{"href":"https:\/\/roveyayinevi.com.tr\/index.php\/wp-json\/wp\/v2\/product\/714065","targetHints":{"allow":["GET"]}}],"collection":[{"href":"https:\/\/roveyayinevi.com.tr\/index.php\/wp-json\/wp\/v2\/product"}],"about":[{"href":"https:\/\/roveyayinevi.com.tr\/index.php\/wp-json\/wp\/v2\/types\/product"}],"wp:attachment":[{"href":"https:\/\/roveyayinevi.com.tr\/index.php\/wp-json\/wp\/v2\/media?parent=714065"}],"wp:term":[{"taxonomy":"product_brand","embeddable":true,"href":"https:\/\/roveyayinevi.com.tr\/index.php\/wp-json\/wp\/v2\/product_brand?post=714065"},{"taxonomy":"product_cat","embeddable":true,"href":"https:\/\/roveyayinevi.com.tr\/index.php\/wp-json\/wp\/v2\/product_cat?post=714065"},{"taxonomy":"product_tag","embeddable":true,"href":"https:\/\/roveyayinevi.com.tr\/index.php\/wp-json\/wp\/v2\/product_tag?post=714065"}],"curies":[{"name":"wp","href":"https:\/\/api.w.org\/{rel}","templated":true}]}}