{"id":714064,"date":"2025-08-27T17:14:43","date_gmt":"2025-08-27T14:14:43","guid":{"rendered":"https:\/\/roveyayinevi.com.tr\/index.php\/urun\/seninle-baslamadi\/"},"modified":"2026-04-16T02:22:26","modified_gmt":"2026-04-15T23:22:26","slug":"seninle-baslamadi","status":"publish","type":"product","link":"https:\/\/roveyayinevi.com.tr\/index.php\/urun\/seninle-baslamadi\/","title":{"rendered":"Seninle Ba\u015flamad\u0131"},"content":{"rendered":"<p>\u00abSeninle Ba\u015flamad\u0131\u00bb bir misyonun \u00fcr\u00fcn\u00fcd\u00fcr, \u00f6yle bir misyon ki beni d\u00fcnya genelinde dola\u015ft\u0131rd\u0131, sonra k\u00f6klerime geri d\u00f6nd\u00fcr\u00fcp bu yolculu\u011fa ba\u015flad\u0131\u011f\u0131mda hi\u00e7 d\u00fc\u015f\u00fcnmedi\u011fim ve tasarlamad\u0131\u011f\u0131m bir profesyonel kariyere y\u00f6nlendirdi. Yirmi y\u0131l\u0131 a\u015fk\u0131n bir s\u00fcre boyunca, depresyon, anksiyete, kronik hastal\u0131klar, fobiler, tak\u0131nt\u0131l\u0131 d\u00fc\u015f\u00fcnceler, travma sonras\u0131 stres bozuklu\u011fu ve di\u011fer g\u00fc\u00e7ten d\u00fc\u015f\u00fcr\u00fcc\u00fc ko\u015fullarla m\u00fccadele eden bireylerle \u00e7al\u0131\u015ft\u0131m. Bir\u00e7o\u011fu bana geldiklerinde y\u0131llar s\u00fcren konu\u015fma terapileri, ila\u00e7 tedavileri ve di\u011fer m\u00fcdahalelerin, belirtilerinin kayna\u011f\u0131n\u0131 \u00e7\u00f6zme ve ac\u0131lar\u0131n\u0131 giderme konusunda ba\u015far\u0131s\u0131zl\u0131kla sonu\u00e7lanmas\u0131 nedeniyle cesaretleri k\u0131r\u0131lm\u0131\u015f ve \u00fcmitlerini kaybetmi\u015f bir haldeydiler.Kendi deneyimimden, e\u011fitim ve klinik uygulamalar\u0131mdan \u00f6\u011frendi\u011fim \u015fey \u015fu ki, cevap sadece kendi hik\u00e2yemizin i\u00e7inde de\u011fil. Ebeveynlerimizin ve hatta onlar\u0131n ebeveynlerinin i\u00e7inde bile olmayabilir. Son yap\u0131lan bilimsel ara\u015ft\u0131rmalar travmalar\u0131n etkilerinin bir nesilden di\u011fer nesle ge\u00e7ebilece\u011fini aktarmaya ba\u015flad\u0131. Bu \u201cmiras\u201d, bilinen ad\u0131yla kal\u0131tsal aile travmalar\u0131n\u0131n konusunu olu\u015fturuyor. Ortaya \u00e7\u0131kan kan\u0131tlar sistemin ger\u00e7ekli\u011fini do\u011fruluyor. Kal\u0131t\u0131msal zincirde yer alan ac\u0131 her zaman kendi kendine sona ermeyebilir ya da zamanla azalmayabilir. As\u0131l travmay\u0131 ya\u015fayan ki\u015fi \u00f6lm\u00fc\u015f, hik\u00e2yesinin \u00fcst\u00fc \u00f6rt\u00fclm\u00fc\u015f ve y\u0131llar i\u00e7inde sakl\u0131 kalm\u0131\u015f olsa bile, hayat tecr\u00fcbesine ili\u015fkin par\u00e7alar, an\u0131lar ve hisler ya\u015famaya devam edebilir. \u00c2deta \u015fu an ya\u015fayan ki\u015filerin zihinlerinde ve bedenlerinde \u00e7\u00f6z\u00fcm bulmak i\u00e7in ge\u00e7mi\u015ften g\u00fcn\u00fcm\u00fcze uzan\u0131r.\u201cSeninle Ba\u015flamad\u0131\u201d geleneksel psikoterapinin, ila\u00e7lar\u0131n ve di\u011fer m\u00fcdahale y\u00f6ntemlerinin uzun s\u00fcredir \u00e7\u00f6zemedi\u011fi zorluklar\u0131n ortadan kald\u0131r\u0131lmas\u0131nda d\u00f6n\u00fc\u015ft\u00fcr\u00fcc\u00fc bir yakla\u015f\u0131m sunmaktad\u0131r.\u00abSeninle Ba\u015flamad\u0131\u00bb i\u00e7in yap\u0131lan de\u011ferlendirmeleri okuyabilirsiniz.Mark Wolynn, bilemedi\u011fimiz ve ac\u0131 \u00e7ekmemize sebep olan \u00e7\u00f6z\u00fclmemi\u015f travmalarla bizi atalar\u0131m\u0131za derinden ba\u011flayan yollar\u0131 ayd\u0131nlatma konusunda muhte\u015fem bir i\u015f ba\u015far\u0131yor. Bize derinden anlay\u0131\u015f\u0131, diyalog g\u00f6rselle\u015ftirmelerini ve \u015fevkatle yeniden ba\u011flanmay\u0131 sa\u011flayacak teknikler ve beceriler sunuyor.\u201dJAMES S. GORDON, MD, YazarUnstuck: Your Guide to the Seven-Stage Journey Out of Depression\u201cSeninle Ba\u015flamad\u0131 travma terapileri alan\u0131nda, fark\u0131ndal\u0131k uygulamalar\u0131 konusunda insan\u0131 anlamak i\u00e7in ileriye do\u011fru g\u00fc\u00e7l\u00fc bir ad\u0131m atman\u0131z\u0131 sa\u011fl\u0131yor. Cesur, yarat\u0131c\u0131 ve \u015fevkat dolu bir \u00e7al\u0131\u015fma.\u201dSharon Salberg, YazarLovingkindness and Real Happiness\u201cKal\u0131plar\u0131 alt\u00fcst eden bu kitap kal\u0131tsal aile travmalar\u0131 konusunda anlay\u0131\u015f\u0131 geli\u015ftiren ve ac\u0131 \u00e7ekmeye son verebilecek g\u00fc\u00e7l\u00fc ara\u00e7lar sunuyor. Mark Wolynn iyile\u015fmeye do\u011fru yap\u0131lacak seyahatte g\u00fcvenilir ve bilge bir rehberdir. \u201cTara Brach, PhD, YazarRadical Acceptance and True Refuge\u201cMark Wolynn\u2019in s\u0131rad\u0131\u015f\u0131 kitab\u0131 tarihin size nas\u0131l bir kimlik verdi\u011fini anlaman\u0131z\u0131 sa\u011flayarak aile ba\u011flar\u0131n\u0131n ve eve d\u00f6n\u00fc\u015f\u00fcn\u00fcz\u00fcn \u015fifresini k\u0131r\u0131yor. Hayat de\u011fi\u015ftiren hik\u00e2yeler, g\u00fc\u00e7l\u00fc \u00f6ng\u00f6r\u00fcler, pratik ara\u00e7lar ve iyile\u015fme i\u00e7in gerekli yollarla dolu olan Seninle Ba\u015flamad\u0131, Alice Miller\u2019in devrim yaratan Yetenekli \u00c7ocu\u011fun Dram\u0131 ve Dan Siegel\u2019in Geli\u015fen Zihin adl\u0131 eserlerinin tam yan\u0131nda bir ba\u015fyap\u0131t olarak yer almay\u0131 hak ediyor. Ailenizi bir daha asla ayn\u0131 \u015fekilde g\u00f6remeyeceksiniz.\u201dMark Matousek, YazarEthical Wisdom\u201cN\u00f6ro bilimleri ve psikodinamik d\u00fc\u015f\u00fcnmeyi birle\u015ftiren Seninle Ba\u015flamad\u0131, \u00fcst d\u00fczeyde faydal\u0131 bir ara\u00e7 kutusu olarak hayat\u0131n\u0131z\u0131 de\u011fi\u015ftirecek. Bu kitapla kendi ba\u015f\u0131n\u0131za klinik yard\u0131m alabilir ve g\u00fc\u00e7l\u00fc i\u00e7g\u00f6r\u00fclere sahip olabilirsiniz.\u201d Jess P. Shatkin, MD, MPH, Newyork \u00dcni. \u00c7ocuk Ara\u015f. Merk. Ba\u015fkan Yrd, YazarChild &#8211; Adolescent Mental Health <\/p>\n","protected":false},"excerpt":{"rendered":"<p>\u00abSeninle Ba\u015flamad\u0131\u00bb bir misyonun \u00fcr\u00fcn\u00fcd\u00fcr, \u00f6yle bir misyon ki beni d\u00fcnya genelinde dola\u015ft\u0131rd\u0131, sonra k\u00f6klerime geri d\u00f6nd\u00fcr\u00fcp bu yolculu\u011fa ba\u015flad\u0131\u011f\u0131mda hi\u00e7 d\u00fc\u015f\u00fcnmedi\u011fim ve tasarlamad\u0131\u011f\u0131m bir profesyonel<span class=\"excerpt-hellip\"> [\u2026]<\/span><\/p>\n","protected":false},"featured_media":0,"template":"","meta":{"_monsterinsights_skip_tracking":false,"_monsterinsights_sitenote_active":false,"_monsterinsights_sitenote_note":"","_monsterinsights_sitenote_category":0},"product_brand":[],"product_cat":[12358,12357],"product_tag":[],"class_list":{"0":"post-714064","1":"product","2":"type-product","3":"status-publish","5":"product_cat-genel-psikoloji","6":"product_cat-psikoloji","7":"pa_cilt-ciltsiz","8":"pa_tur-kitap","9":"pa_yayinevi-sola-unitas","10":"pa_yazar-mark-wolynn","12":"first","13":"instock","14":"sale","15":"shipping-taxable","16":"purchasable","17":"product-type-simple"},"_links":{"self":[{"href":"https:\/\/roveyayinevi.com.tr\/index.php\/wp-json\/wp\/v2\/product\/714064","targetHints":{"allow":["GET"]}}],"collection":[{"href":"https:\/\/roveyayinevi.com.tr\/index.php\/wp-json\/wp\/v2\/product"}],"about":[{"href":"https:\/\/roveyayinevi.com.tr\/index.php\/wp-json\/wp\/v2\/types\/product"}],"wp:attachment":[{"href":"https:\/\/roveyayinevi.com.tr\/index.php\/wp-json\/wp\/v2\/media?parent=714064"}],"wp:term":[{"taxonomy":"product_brand","embeddable":true,"href":"https:\/\/roveyayinevi.com.tr\/index.php\/wp-json\/wp\/v2\/product_brand?post=714064"},{"taxonomy":"product_cat","embeddable":true,"href":"https:\/\/roveyayinevi.com.tr\/index.php\/wp-json\/wp\/v2\/product_cat?post=714064"},{"taxonomy":"product_tag","embeddable":true,"href":"https:\/\/roveyayinevi.com.tr\/index.php\/wp-json\/wp\/v2\/product_tag?post=714064"}],"curies":[{"name":"wp","href":"https:\/\/api.w.org\/{rel}","templated":true}]}}