{"id":714062,"date":"2025-08-27T17:14:41","date_gmt":"2025-08-27T14:14:41","guid":{"rendered":"https:\/\/roveyayinevi.com.tr\/index.php\/urun\/kuskun\/"},"modified":"2026-03-12T02:30:35","modified_gmt":"2026-03-11T23:30:35","slug":"kuskun","status":"publish","type":"product","link":"https:\/\/roveyayinevi.com.tr\/index.php\/urun\/kuskun\/","title":{"rendered":"K\u00fcsk\u00fcn"},"content":{"rendered":"<p>Hepsine \u00e7i\u00e7ek der, ge\u00e7eriz. Oysa binlerce y\u0131l\u0131n r\u00fczgar\u0131yla, tohumuyla, kokusuyla gelen inceliktir her biri&#8230;\u015eiirlerle gelir, t\u00fcrk\u00fclerle gelir, tezenelerle, tellerle duvaklarla gelir.Yazd\u0131klar\u0131m da bir bukettir koklaman\u0131z i\u00e7in. Biraz bizim kokumuz, biraz sizin en \u00e7ok da \u00f6tekinin kokusu vard\u0131r \u00fczerinde. A\u00e7\u0131n burun kanatlar\u0131n\u0131z\u0131&#8230;Biraz hayaldir yazd\u0131klar\u0131m, biraz ger\u00e7ek. Zaten her hayal biraz hayat, her hayat biraz d\u00fc\u015f de\u011fil midir? A\u00e7\u0131n d\u00fc\u015f yaralar\u0131n\u0131z\u0131&#8230; <\/p>\n","protected":false},"excerpt":{"rendered":"<p>Hepsine \u00e7i\u00e7ek der, ge\u00e7eriz. Oysa binlerce y\u0131l\u0131n r\u00fczgar\u0131yla, tohumuyla, kokusuyla gelen inceliktir her biri&#8230;\u015eiirlerle gelir, t\u00fcrk\u00fclerle gelir, tezenelerle, tellerle duvaklarla gelir.Yazd\u0131klar\u0131m da bir bukettir koklaman\u0131z i\u00e7in.<span class=\"excerpt-hellip\"> [\u2026]<\/span><\/p>\n","protected":false},"featured_media":0,"template":"","meta":{"_monsterinsights_skip_tracking":false,"_monsterinsights_sitenote_active":false,"_monsterinsights_sitenote_note":"","_monsterinsights_sitenote_category":0},"product_brand":[],"product_cat":[12777,12291],"product_tag":[],"class_list":{"0":"post-714062","1":"product","2":"type-product","3":"status-publish","5":"product_cat-deneme","6":"product_cat-edebiyat","7":"pa_cilt-ciltsiz","8":"pa_tur-kitap","9":"pa_yayinevi-kirmizi-cati-yayinlari","10":"pa_yazar-sedat-delioglu","12":"first","13":"instock","14":"sale","15":"shipping-taxable","16":"purchasable","17":"product-type-simple"},"_links":{"self":[{"href":"https:\/\/roveyayinevi.com.tr\/index.php\/wp-json\/wp\/v2\/product\/714062","targetHints":{"allow":["GET"]}}],"collection":[{"href":"https:\/\/roveyayinevi.com.tr\/index.php\/wp-json\/wp\/v2\/product"}],"about":[{"href":"https:\/\/roveyayinevi.com.tr\/index.php\/wp-json\/wp\/v2\/types\/product"}],"wp:attachment":[{"href":"https:\/\/roveyayinevi.com.tr\/index.php\/wp-json\/wp\/v2\/media?parent=714062"}],"wp:term":[{"taxonomy":"product_brand","embeddable":true,"href":"https:\/\/roveyayinevi.com.tr\/index.php\/wp-json\/wp\/v2\/product_brand?post=714062"},{"taxonomy":"product_cat","embeddable":true,"href":"https:\/\/roveyayinevi.com.tr\/index.php\/wp-json\/wp\/v2\/product_cat?post=714062"},{"taxonomy":"product_tag","embeddable":true,"href":"https:\/\/roveyayinevi.com.tr\/index.php\/wp-json\/wp\/v2\/product_tag?post=714062"}],"curies":[{"name":"wp","href":"https:\/\/api.w.org\/{rel}","templated":true}]}}