{"id":714060,"date":"2025-08-27T17:14:40","date_gmt":"2025-08-27T14:14:40","guid":{"rendered":"https:\/\/roveyayinevi.com.tr\/index.php\/urun\/ilimli-islam-eldiveni\/"},"modified":"2026-04-16T02:22:26","modified_gmt":"2026-04-15T23:22:26","slug":"ilimli-islam-eldiveni","status":"publish","type":"product","link":"https:\/\/roveyayinevi.com.tr\/index.php\/urun\/ilimli-islam-eldiveni\/","title":{"rendered":"Il\u0131ml\u0131 \u0130slam Eldiveni"},"content":{"rendered":"<p>S\u00f6m\u00fcrgecilik ve talanc\u0131l\u0131kla ge\u00e7inen Bat\u0131\u2019n\u0131n, II. D\u00fcnya Sava\u015f\u0131\u2019ndan sonra \u0130slam co\u011frafyas\u0131nda yapt\u0131\u011f\u0131 bilimsel ara\u015ft\u0131rmalar\u0131n %95\u2019i Din Psikolojisi ve Din Sosyolojisi alan\u0131ndad\u0131r. Binlerce tez ve rapor Bat\u0131l\u0131 \u00fclkelerin stratejik ak\u0131l \u00fcreten kurumlar\u0131n\u0131n masalar\u0131 \u00fczerindedir. Bizi \u00e7\u00f6zd\u00fcler, sinir u\u00e7lar\u0131m\u0131z\u0131 tespit ettiler ve uygun aparatlarla i\u015fgal projelerini hayata ge\u00e7irdiler. Art\u0131k kullanacaklar\u0131 her baltan\u0131n sap\u0131, o co\u011frafyan\u0131n a\u011fac\u0131ndan olacak!.. Bu stratejik ak\u0131l \u00fcreten masalarda iki eldiven dokundu: \u2022 Il\u0131ml\u0131 \u0130slam Eldiveni: Cemaat ve Tarikatlar \u2022 Radikal \u0130slam Eldiveni: \u0130slami ter\u00f6r \u00f6rg\u00fctleri olarak isimlendirdikleri, din\u00ee kimlikli \u00f6rg\u00fctler. Bu \u00e7al\u0131\u015fma, Il\u0131ml\u0131 \u0130slam Eldiveni\u2019dir. Bu eldivende yer alan Kesnezani Tarikat\u0131, Saddam\u2019\u0131n devrilmesinde, Irak\u2019\u0131n i\u015fgal edilmesinde kullan\u0131lm\u0131\u015ft\u0131r. Minhac\u00fc\u2019l-Kur\u2019an, Pakistan\u2019da zaman zaman kullan\u0131lm\u0131\u015f, h\u00e2l\u00e2 da kullan\u0131lmaya devam etmektedir. \u0130slam d\u00fcnyas\u0131n\u0131n bu y\u00fczy\u0131l i\u00e7inde kar\u015f\u0131 kar\u015f\u0131ya kald\u0131\u011f\u0131 en b\u00fcy\u00fck tehlike bu \u0130ki Eldiven\u2019dir. Bu \u0130ki Eldiven de co\u011frafyam\u0131zdaki merdiven alt\u0131 din e\u011fitiminden beslenmektedir. Bug\u00fcn\u00fc anlamak isteyenler i\u00e7in e\u015fsiz bir kitap\u2026 <\/p>\n","protected":false},"excerpt":{"rendered":"<p>S\u00f6m\u00fcrgecilik ve talanc\u0131l\u0131kla ge\u00e7inen Bat\u0131\u2019n\u0131n, II. D\u00fcnya Sava\u015f\u0131\u2019ndan sonra \u0130slam co\u011frafyas\u0131nda yapt\u0131\u011f\u0131 bilimsel ara\u015ft\u0131rmalar\u0131n %95\u2019i Din Psikolojisi ve Din Sosyolojisi alan\u0131ndad\u0131r. Binlerce tez ve rapor Bat\u0131l\u0131<span class=\"excerpt-hellip\"> [\u2026]<\/span><\/p>\n","protected":false},"featured_media":0,"template":"","meta":{"_monsterinsights_skip_tracking":false,"_monsterinsights_sitenote_active":false,"_monsterinsights_sitenote_note":"","_monsterinsights_sitenote_category":0},"product_brand":[],"product_cat":[31194,12337],"product_tag":[],"class_list":{"0":"post-714060","1":"product","2":"type-product","3":"status-publish","5":"product_cat-guncel-siyaset","6":"product_cat-politika-siyaset","7":"pa_cilt-ciltsiz","8":"pa_tur-kitap","9":"pa_yayinevi-hayat-yayinlari","10":"pa_yazar-mehmet-celik","12":"first","13":"instock","14":"sale","15":"shipping-taxable","16":"purchasable","17":"product-type-simple"},"_links":{"self":[{"href":"https:\/\/roveyayinevi.com.tr\/index.php\/wp-json\/wp\/v2\/product\/714060","targetHints":{"allow":["GET"]}}],"collection":[{"href":"https:\/\/roveyayinevi.com.tr\/index.php\/wp-json\/wp\/v2\/product"}],"about":[{"href":"https:\/\/roveyayinevi.com.tr\/index.php\/wp-json\/wp\/v2\/types\/product"}],"wp:attachment":[{"href":"https:\/\/roveyayinevi.com.tr\/index.php\/wp-json\/wp\/v2\/media?parent=714060"}],"wp:term":[{"taxonomy":"product_brand","embeddable":true,"href":"https:\/\/roveyayinevi.com.tr\/index.php\/wp-json\/wp\/v2\/product_brand?post=714060"},{"taxonomy":"product_cat","embeddable":true,"href":"https:\/\/roveyayinevi.com.tr\/index.php\/wp-json\/wp\/v2\/product_cat?post=714060"},{"taxonomy":"product_tag","embeddable":true,"href":"https:\/\/roveyayinevi.com.tr\/index.php\/wp-json\/wp\/v2\/product_tag?post=714060"}],"curies":[{"name":"wp","href":"https:\/\/api.w.org\/{rel}","templated":true}]}}