{"id":714059,"date":"2025-08-27T17:14:40","date_gmt":"2025-08-27T14:14:40","guid":{"rendered":"https:\/\/roveyayinevi.com.tr\/index.php\/urun\/tenten-kongoda-tentenin-maceralari-2\/"},"modified":"2026-04-16T02:22:26","modified_gmt":"2026-04-15T23:22:26","slug":"tenten-kongoda-tentenin-maceralari-2","status":"publish","type":"product","link":"https:\/\/roveyayinevi.com.tr\/index.php\/urun\/tenten-kongoda-tentenin-maceralari-2\/","title":{"rendered":"Tenten Kongo&#8217;da &#8211; Tenten&#8217;in Maceralar\u0131 2"},"content":{"rendered":"<p>Tenten, \u00e7ok sevgili k\u00f6pe\u011fi Milu\u2019nun (F\u0131nd\u0131k) e\u015fli\u011finde maceral\u0131 bir yolculu\u011fa Afrika\u2019y\u0131 ke\u015ffe \u00e7\u0131k\u0131yor. Vah\u015fi do\u011fa ve hayvanlarla dolu bir safari olarak ba\u015flayan ke\u015fif zaman kaybetmeden \u00e7etrefille\u015fiyor. Kahraman\u0131m\u0131z, kendini yasad\u0131\u015f\u0131 elmas ticaretinin ortas\u0131nda Al Capone\u2019a kafa tutarken, timsahlarla bo\u011fu\u015furken buluyor. Tenten Kongo\u2019da, d\u00fcnyan\u0131n \u00fc\u00e7 sembolik noktas\u0131ndan bakarak, 20. Y\u00fczy\u0131l\u0131 anlatt\u0131\u011f\u0131 \u00fc\u00e7lemenin Moskova\u2019dan sonra ikincisi ve t\u00fcm Tenten serilerinin en \u00e7ok tart\u0131\u015f\u0131lan kitab\u0131. Herg\u00e9 imzas\u0131 ta\u015f\u0131yan macera hicivli \u00e7izgisi ve diliyle; gizem, kurgu, bilimkurgu ve mizah \u00f6\u011felerini bir hik\u00e2yede topluyor.<\/p>\n","protected":false},"excerpt":{"rendered":"<p>Tenten, \u00e7ok sevgili k\u00f6pe\u011fi Milu\u2019nun (F\u0131nd\u0131k) e\u015fli\u011finde maceral\u0131 bir yolculu\u011fa Afrika\u2019y\u0131 ke\u015ffe \u00e7\u0131k\u0131yor. Vah\u015fi do\u011fa ve hayvanlarla dolu bir safari olarak ba\u015flayan ke\u015fif zaman kaybetmeden \u00e7etrefille\u015fiyor.<span class=\"excerpt-hellip\"> [\u2026]<\/span><\/p>\n","protected":false},"featured_media":0,"template":"","meta":{"_monsterinsights_skip_tracking":false,"_monsterinsights_sitenote_active":false,"_monsterinsights_sitenote_note":"","_monsterinsights_sitenote_category":0},"product_brand":[],"product_cat":[12689,12274],"product_tag":[],"class_list":{"0":"post-714059","1":"product","2":"type-product","3":"status-publish","5":"product_cat-cizgi-roman-cocuk-ve-genclik-kitaplari","6":"product_cat-cocuk-ve-genclik-kitaplari","7":"pa_cilt-ciltsiz","8":"pa_tur-kitap","9":"pa_yayinevi-alfa-yayinlari","10":"pa_yazar-herge","12":"first","13":"instock","14":"sale","15":"shipping-taxable","16":"purchasable","17":"product-type-simple"},"_links":{"self":[{"href":"https:\/\/roveyayinevi.com.tr\/index.php\/wp-json\/wp\/v2\/product\/714059","targetHints":{"allow":["GET"]}}],"collection":[{"href":"https:\/\/roveyayinevi.com.tr\/index.php\/wp-json\/wp\/v2\/product"}],"about":[{"href":"https:\/\/roveyayinevi.com.tr\/index.php\/wp-json\/wp\/v2\/types\/product"}],"wp:attachment":[{"href":"https:\/\/roveyayinevi.com.tr\/index.php\/wp-json\/wp\/v2\/media?parent=714059"}],"wp:term":[{"taxonomy":"product_brand","embeddable":true,"href":"https:\/\/roveyayinevi.com.tr\/index.php\/wp-json\/wp\/v2\/product_brand?post=714059"},{"taxonomy":"product_cat","embeddable":true,"href":"https:\/\/roveyayinevi.com.tr\/index.php\/wp-json\/wp\/v2\/product_cat?post=714059"},{"taxonomy":"product_tag","embeddable":true,"href":"https:\/\/roveyayinevi.com.tr\/index.php\/wp-json\/wp\/v2\/product_tag?post=714059"}],"curies":[{"name":"wp","href":"https:\/\/api.w.org\/{rel}","templated":true}]}}