{"id":714057,"date":"2025-08-27T17:14:39","date_gmt":"2025-08-27T14:14:39","guid":{"rendered":"https:\/\/roveyayinevi.com.tr\/index.php\/urun\/kitleler-psikolojisi\/"},"modified":"2026-04-16T02:22:26","modified_gmt":"2026-04-15T23:22:26","slug":"kitleler-psikolojisi","status":"publish","type":"product","link":"https:\/\/roveyayinevi.com.tr\/index.php\/urun\/kitleler-psikolojisi\/","title":{"rendered":"Kitleler Psikolojisi"},"content":{"rendered":"<p>Halklar\u0131n hanesinde yaln\u0131zca so\u011fukkanl\u0131l\u0131kla icra edilmi\u015f eylemler yaz\u0131l\u0131 olsayd\u0131, du\u0308nya u\u0308zerindeki vakayinameler bunlar\u0131n pek az\u0131n\u0131 kay\u0131t alt\u0131na al\u0131rd\u0131. Frans\u0131z filozof ve sosyolog Gustave Le Bon, \u015fimdi oldu\u011fu kadar \u00e7a\u011f\u0131nda da \u00e7ok tart\u0131\u015f\u0131lm\u0131\u015f, ele\u015ftirilmi\u015f ve d\u0131\u015flanm\u0131\u015f fikirlere sahip bir sosyal bilimci. \u00d6zellikle Frans\u0131zlar\u0131n gurur kayna\u011f\u0131 Frans\u0131z Devrimi ba\u015fta olmak u\u0308zere her tu\u0308r devrime kar\u015f\u0131 olu\u015fu, kimi \u0131rklar\u0131n u\u0308stu\u0308nlu\u0308\u011fu\u0308ne olan inanc\u0131, \u201ckolektif bilin\u00e7\u201dle ilgili \u00e7arp\u0131c\u0131 ve kimilerine \u201ca\u015fa\u011f\u0131lay\u0131c\u0131\u201d gelen fikirleriyle Le Bon, \u00e7a\u011f\u0131n\u0131n tart\u0131\u015fmas\u0131z en ses getiren isimlerinden biridir. Kitleler Psikolojisi, Le Bon\u2019un bu\u0308tu\u0308n bu g\u00f6ru\u0308\u015flerini bir araya getiriyor ve kitlelerin davran\u0131\u015flar\u0131n\u0131n ard\u0131ndaki psikolojik nedenleri a\u00e7\u0131klarken yazar\u0131n\u0131n \u201cher \u015feye muhalif olma\u201d prensibini tu\u0308m \u00e7\u0131plakl\u0131\u011f\u0131yla g\u00f6zler \u00f6nu\u0308ne seriyor. <\/p>\n","protected":false},"excerpt":{"rendered":"<p>Halklar\u0131n hanesinde yaln\u0131zca so\u011fukkanl\u0131l\u0131kla icra edilmi\u015f eylemler yaz\u0131l\u0131 olsayd\u0131, du\u0308nya u\u0308zerindeki vakayinameler bunlar\u0131n pek az\u0131n\u0131 kay\u0131t alt\u0131na al\u0131rd\u0131. Frans\u0131z filozof ve sosyolog Gustave Le Bon, \u015fimdi<span class=\"excerpt-hellip\"> [\u2026]<\/span><\/p>\n","protected":false},"featured_media":0,"template":"","meta":{"_monsterinsights_skip_tracking":false,"_monsterinsights_sitenote_active":false,"_monsterinsights_sitenote_note":"","_monsterinsights_sitenote_category":0},"product_brand":[],"product_cat":[12358,12357],"product_tag":[],"class_list":{"0":"post-714057","1":"product","2":"type-product","3":"status-publish","5":"product_cat-genel-psikoloji","6":"product_cat-psikoloji","7":"pa_cilt-ciltsiz","8":"pa_tur-kitap","9":"pa_yayinevi-say-yayinlari","10":"pa_yazar-gustave-le-bon","12":"first","13":"instock","14":"sale","15":"shipping-taxable","16":"purchasable","17":"product-type-simple"},"_links":{"self":[{"href":"https:\/\/roveyayinevi.com.tr\/index.php\/wp-json\/wp\/v2\/product\/714057","targetHints":{"allow":["GET"]}}],"collection":[{"href":"https:\/\/roveyayinevi.com.tr\/index.php\/wp-json\/wp\/v2\/product"}],"about":[{"href":"https:\/\/roveyayinevi.com.tr\/index.php\/wp-json\/wp\/v2\/types\/product"}],"wp:attachment":[{"href":"https:\/\/roveyayinevi.com.tr\/index.php\/wp-json\/wp\/v2\/media?parent=714057"}],"wp:term":[{"taxonomy":"product_brand","embeddable":true,"href":"https:\/\/roveyayinevi.com.tr\/index.php\/wp-json\/wp\/v2\/product_brand?post=714057"},{"taxonomy":"product_cat","embeddable":true,"href":"https:\/\/roveyayinevi.com.tr\/index.php\/wp-json\/wp\/v2\/product_cat?post=714057"},{"taxonomy":"product_tag","embeddable":true,"href":"https:\/\/roveyayinevi.com.tr\/index.php\/wp-json\/wp\/v2\/product_tag?post=714057"}],"curies":[{"name":"wp","href":"https:\/\/api.w.org\/{rel}","templated":true}]}}