{"id":714053,"date":"2025-08-27T17:14:36","date_gmt":"2025-08-27T14:14:36","guid":{"rendered":"https:\/\/roveyayinevi.com.tr\/index.php\/urun\/tanidigim-nazim-hikmet\/"},"modified":"2026-04-16T02:22:26","modified_gmt":"2026-04-15T23:22:26","slug":"tanidigim-nazim-hikmet","status":"publish","type":"product","link":"https:\/\/roveyayinevi.com.tr\/index.php\/urun\/tanidigim-nazim-hikmet\/","title":{"rendered":"Tan\u0131d\u0131\u011f\u0131m Naz\u0131m Hikmet"},"content":{"rendered":"<p>\u201c\u2026 \u00d6ld\u00fc\u011f\u00fcme yanmam da, buralarda g\u00f6merler, ona yanar\u0131m\u2026\u201d N\u00e2z\u0131m Hikmet Orhan Karaveli, N\u00e2z\u0131m Hikmet\u2019i s\u00fcrg\u00fcnde ya\u015fad\u0131\u011f\u0131 Moskova\u2019da ziyaret eden T\u00fcrk gazetecilerden hayatta kalan son ki\u015fi. Kitab\u0131n hemen ba\u015f\u0131nda, N\u00e2z\u0131m\u2019la birlikte \u00e7ektirdikleri 9 a\u011fustos 1960 tarihli foto\u011fraf, \u00e7ok ge\u00e7meden bir a\u011fabey-karde\u015f, baba-o\u011ful s\u0131cakl\u0131\u011f\u0131nda geli\u015fecek dostluklar\u0131n\u0131n ilk tan\u0131\u015fma \u00e2n\u0131na ait: \u201cKocaman bir mutluluk dalgas\u0131 y\u00fcz\u00fcne yay\u0131l\u0131rken uzun parmakl\u0131 iri elleriyle omuzlar\u0131mdan yakalad\u0131. Bir an, tek kelime bile s\u00f6ylemeden sar\u0131l\u0131p yanaklar\u0131mdan \u00f6pmek ister gibi bir hareket yapt\u0131. San\u0131r\u0131m, \u00f6ylesine bir kucakla\u015fmaya haz\u0131rl\u0131kl\u0131 olmad\u0131\u011f\u0131m\u0131 fark ederek biraz duralad\u0131 ama dost\u00e7a uzatt\u0131\u011f\u0131m eli avu\u00e7lar\u0131 i\u00e7inde tutarak nefes nefese: \u2018Merhaba!.. Binlerce merhaba!\u2019 dedi.\u201d Bu kitap, t\u00fcm d\u00fcnyan\u0131n tan\u0131d\u0131\u011f\u0131 s\u00fcrg\u00fcn bir \u015fairin, hi\u00e7 dinmeyen memleket \u00f6zlemiyle ya\u015fad\u0131\u011f\u0131 o bir anl\u0131k duygu ta\u015fmas\u0131n\u0131n hik\u00e2yesidir asl\u0131nda. <\/p>\n","protected":false},"excerpt":{"rendered":"<p>\u201c\u2026 \u00d6ld\u00fc\u011f\u00fcme yanmam da, buralarda g\u00f6merler, ona yanar\u0131m\u2026\u201d N\u00e2z\u0131m Hikmet Orhan Karaveli, N\u00e2z\u0131m Hikmet\u2019i s\u00fcrg\u00fcnde ya\u015fad\u0131\u011f\u0131 Moskova\u2019da ziyaret eden T\u00fcrk gazetecilerden hayatta kalan son ki\u015fi. Kitab\u0131n<span class=\"excerpt-hellip\"> [\u2026]<\/span><\/p>\n","protected":false},"featured_media":0,"template":"","meta":{"_monsterinsights_skip_tracking":false,"_monsterinsights_sitenote_active":false,"_monsterinsights_sitenote_note":"","_monsterinsights_sitenote_category":0},"product_brand":[],"product_cat":[14009,12291],"product_tag":[],"class_list":{"0":"post-714053","1":"product","2":"type-product","3":"status-publish","5":"product_cat-biyografi-otobiyografi-edebiyat","6":"product_cat-edebiyat","7":"pa_cilt-ciltsiz","8":"pa_tur-kitap","9":"pa_yayinevi-kirmizi-kedi-yayinevi","10":"pa_yazar-orhan-karaveli","12":"first","13":"instock","14":"sale","15":"shipping-taxable","16":"purchasable","17":"product-type-simple"},"_links":{"self":[{"href":"https:\/\/roveyayinevi.com.tr\/index.php\/wp-json\/wp\/v2\/product\/714053","targetHints":{"allow":["GET"]}}],"collection":[{"href":"https:\/\/roveyayinevi.com.tr\/index.php\/wp-json\/wp\/v2\/product"}],"about":[{"href":"https:\/\/roveyayinevi.com.tr\/index.php\/wp-json\/wp\/v2\/types\/product"}],"wp:attachment":[{"href":"https:\/\/roveyayinevi.com.tr\/index.php\/wp-json\/wp\/v2\/media?parent=714053"}],"wp:term":[{"taxonomy":"product_brand","embeddable":true,"href":"https:\/\/roveyayinevi.com.tr\/index.php\/wp-json\/wp\/v2\/product_brand?post=714053"},{"taxonomy":"product_cat","embeddable":true,"href":"https:\/\/roveyayinevi.com.tr\/index.php\/wp-json\/wp\/v2\/product_cat?post=714053"},{"taxonomy":"product_tag","embeddable":true,"href":"https:\/\/roveyayinevi.com.tr\/index.php\/wp-json\/wp\/v2\/product_tag?post=714053"}],"curies":[{"name":"wp","href":"https:\/\/api.w.org\/{rel}","templated":true}]}}