{"id":714051,"date":"2025-08-27T17:14:35","date_gmt":"2025-08-27T14:14:35","guid":{"rendered":"https:\/\/roveyayinevi.com.tr\/index.php\/urun\/ejderhanin-terazisi-okumayi-seviyorum-dizisi-ciltli\/"},"modified":"2026-04-16T02:22:26","modified_gmt":"2026-04-15T23:22:26","slug":"ejderhanin-terazisi-okumayi-seviyorum-dizisi-ciltli","status":"publish","type":"product","link":"https:\/\/roveyayinevi.com.tr\/index.php\/urun\/ejderhanin-terazisi-okumayi-seviyorum-dizisi-ciltli\/","title":{"rendered":"Ejderhan\u0131n Terazisi &#8211; Okumay\u0131 Seviyorum Dizisi (Ciltli)"},"content":{"rendered":"<p>K\u00fc\u00e7\u00fck bir k\u0131z, zekas\u0131yla bir ejderhay\u0131 alt edebilir mi?Bir \u00f6\u011fretmenden yard\u0131m al\u0131p ejderhan\u0131n terazisini kullan\u0131rsa neden olmas\u0131n!\u00c7ocu\u011funuz tek ba\u015f\u0131na rahat\u00e7a okuyabiliyor mu?O zaman bu kitap, tam ona g\u00f6re!Kelimelerin \u00f6yle boyunca tekrarlanmas\u0131, \u00e7ocu\u011funuzun yeni s\u00f6zc\u00fckleri daha kolay \u00f6\u011frenmesini sa\u011flayacak. <\/p>\n","protected":false},"excerpt":{"rendered":"<p>K\u00fc\u00e7\u00fck bir k\u0131z, zekas\u0131yla bir ejderhay\u0131 alt edebilir mi?Bir \u00f6\u011fretmenden yard\u0131m al\u0131p ejderhan\u0131n terazisini kullan\u0131rsa neden olmas\u0131n!\u00c7ocu\u011funuz tek ba\u015f\u0131na rahat\u00e7a okuyabiliyor mu?O zaman bu kitap, tam<span class=\"excerpt-hellip\"> [\u2026]<\/span><\/p>\n","protected":false},"featured_media":0,"template":"","meta":{"_monsterinsights_skip_tracking":false,"_monsterinsights_sitenote_active":false,"_monsterinsights_sitenote_note":"","_monsterinsights_sitenote_category":0},"product_brand":[],"product_cat":[12274,12284],"product_tag":[],"class_list":{"0":"post-714051","1":"product","2":"type-product","3":"status-publish","5":"product_cat-cocuk-ve-genclik-kitaplari","6":"product_cat-hikayeler","7":"pa_cilt-ciltli","8":"pa_tur-kitap","9":"pa_yayinevi-beyaz-balina-yayinlari","10":"pa_yazar-sarah-albee","12":"first","13":"instock","14":"sale","15":"shipping-taxable","16":"purchasable","17":"product-type-simple"},"_links":{"self":[{"href":"https:\/\/roveyayinevi.com.tr\/index.php\/wp-json\/wp\/v2\/product\/714051","targetHints":{"allow":["GET"]}}],"collection":[{"href":"https:\/\/roveyayinevi.com.tr\/index.php\/wp-json\/wp\/v2\/product"}],"about":[{"href":"https:\/\/roveyayinevi.com.tr\/index.php\/wp-json\/wp\/v2\/types\/product"}],"wp:attachment":[{"href":"https:\/\/roveyayinevi.com.tr\/index.php\/wp-json\/wp\/v2\/media?parent=714051"}],"wp:term":[{"taxonomy":"product_brand","embeddable":true,"href":"https:\/\/roveyayinevi.com.tr\/index.php\/wp-json\/wp\/v2\/product_brand?post=714051"},{"taxonomy":"product_cat","embeddable":true,"href":"https:\/\/roveyayinevi.com.tr\/index.php\/wp-json\/wp\/v2\/product_cat?post=714051"},{"taxonomy":"product_tag","embeddable":true,"href":"https:\/\/roveyayinevi.com.tr\/index.php\/wp-json\/wp\/v2\/product_tag?post=714051"}],"curies":[{"name":"wp","href":"https:\/\/api.w.org\/{rel}","templated":true}]}}