{"id":714050,"date":"2025-08-27T17:14:34","date_gmt":"2025-08-27T14:14:34","guid":{"rendered":"https:\/\/roveyayinevi.com.tr\/index.php\/urun\/benim-adim-suarez\/"},"modified":"2026-04-13T02:27:44","modified_gmt":"2026-04-12T23:27:44","slug":"benim-adim-suarez","status":"publish","type":"product","link":"https:\/\/roveyayinevi.com.tr\/index.php\/urun\/benim-adim-suarez\/","title":{"rendered":"Benim Ad\u0131m Suarez"},"content":{"rendered":"<p>Sokaklarda yal\u0131n ayak futbol oynayan, k\u00fc\u00e7\u00fck bir \u00e7ocuktu o\u2026Ailesi \u00e7ok yoksuldu. O nedenle yaln\u0131zca bir \u00e7ift ayakkab\u0131s\u0131 vard\u0131.Onlar\u0131 da okula giderken giyiyordu.Bu \u00e7ocu\u011fun ad\u0131, Luis Su\u00e1rez\u2019di. Y\u0131llar sonra d\u00fcnyan\u0131n en \u00fcnl\u00fc futbolcular\u0131ndan biri oldu.Ve Barcelona\u2019n\u0131n \u00fc\u00e7l\u00fc forveti Messi-Su\u00e1rez-Neymar (MSN), t\u00fcm d\u00fcnyay\u0131 \u00e7\u0131lg\u0131na \u00e7evirdi.Bu kitapta Luis Su\u00e1rez\u2019in imk\u00e2ns\u0131zl\u0131klara meydan okuyarak ba\u015far\u0131ya nas\u0131l ula\u015ft\u0131\u011f\u0131n\u0131 okuyacaks\u0131n\u0131z. <\/p>\n","protected":false},"excerpt":{"rendered":"<p>Sokaklarda yal\u0131n ayak futbol oynayan, k\u00fc\u00e7\u00fck bir \u00e7ocuktu o\u2026Ailesi \u00e7ok yoksuldu. O nedenle yaln\u0131zca bir \u00e7ift ayakkab\u0131s\u0131 vard\u0131.Onlar\u0131 da okula giderken giyiyordu.Bu \u00e7ocu\u011fun ad\u0131, Luis Su\u00e1rez\u2019di.<span class=\"excerpt-hellip\"> [\u2026]<\/span><\/p>\n","protected":false},"featured_media":0,"template":"","meta":{"_monsterinsights_skip_tracking":false,"_monsterinsights_sitenote_active":false,"_monsterinsights_sitenote_note":"","_monsterinsights_sitenote_category":0},"product_brand":[],"product_cat":[12291],"product_tag":[],"class_list":{"0":"post-714050","1":"product","2":"type-product","3":"status-publish","5":"product_cat-edebiyat","6":"pa_cilt-ciltsiz","7":"pa_tur-kitap","8":"pa_yayinevi-beyaz-balina-yayinlari","9":"pa_yazar-michael-part","11":"first","12":"instock","13":"sale","14":"shipping-taxable","15":"purchasable","16":"product-type-simple"},"_links":{"self":[{"href":"https:\/\/roveyayinevi.com.tr\/index.php\/wp-json\/wp\/v2\/product\/714050","targetHints":{"allow":["GET"]}}],"collection":[{"href":"https:\/\/roveyayinevi.com.tr\/index.php\/wp-json\/wp\/v2\/product"}],"about":[{"href":"https:\/\/roveyayinevi.com.tr\/index.php\/wp-json\/wp\/v2\/types\/product"}],"wp:attachment":[{"href":"https:\/\/roveyayinevi.com.tr\/index.php\/wp-json\/wp\/v2\/media?parent=714050"}],"wp:term":[{"taxonomy":"product_brand","embeddable":true,"href":"https:\/\/roveyayinevi.com.tr\/index.php\/wp-json\/wp\/v2\/product_brand?post=714050"},{"taxonomy":"product_cat","embeddable":true,"href":"https:\/\/roveyayinevi.com.tr\/index.php\/wp-json\/wp\/v2\/product_cat?post=714050"},{"taxonomy":"product_tag","embeddable":true,"href":"https:\/\/roveyayinevi.com.tr\/index.php\/wp-json\/wp\/v2\/product_tag?post=714050"}],"curies":[{"name":"wp","href":"https:\/\/api.w.org\/{rel}","templated":true}]}}