{"id":714047,"date":"2025-08-27T17:14:32","date_gmt":"2025-08-27T14:14:32","guid":{"rendered":"https:\/\/roveyayinevi.com.tr\/index.php\/urun\/korku-kulubu-korku-satosu\/"},"modified":"2026-04-16T02:22:26","modified_gmt":"2026-04-15T23:22:26","slug":"korku-kulubu-korku-satosu","status":"publish","type":"product","link":"https:\/\/roveyayinevi.com.tr\/index.php\/urun\/korku-kulubu-korku-satosu\/","title":{"rendered":"Korku Kulub\u00fc: Korku \u015eatosu"},"content":{"rendered":"<p>Korku Kul\u00fcb\u00fc \u00fcyeleri Westfinster \u015eatosu\u2019ndaki gizemli olaylar\u0131 ara\u015ft\u0131r\u0131yorlar. Bu \u015fato ger\u00e7ekten hayaletli olabilir mi?Gizemli foto\u011fraflarla belgeleri g\u00f6ren \u00fc\u00e7 arkada\u015f, \u015fundan emin:  Korku \u015eatosu\u2019nda y\u00fcz y\u0131l kadar \u00f6nce korkun\u00e7 bir su\u00e7 i\u015flenmi\u015f! Korku Kul\u00fcb\u00fc iz pe\u015finde. Sen de kat\u0131l! <\/p>\n","protected":false},"excerpt":{"rendered":"<p>Korku Kul\u00fcb\u00fc \u00fcyeleri Westfinster \u015eatosu\u2019ndaki gizemli olaylar\u0131 ara\u015ft\u0131r\u0131yorlar. Bu \u015fato ger\u00e7ekten hayaletli olabilir mi?Gizemli foto\u011fraflarla belgeleri g\u00f6ren \u00fc\u00e7 arkada\u015f, \u015fundan emin: Korku \u015eatosu\u2019nda y\u00fcz y\u0131l kadar<span class=\"excerpt-hellip\"> [\u2026]<\/span><\/p>\n","protected":false},"featured_media":0,"template":"","meta":{"_monsterinsights_skip_tracking":false,"_monsterinsights_sitenote_active":false,"_monsterinsights_sitenote_note":"","_monsterinsights_sitenote_category":0},"product_brand":[],"product_cat":[12291,17033],"product_tag":[],"class_list":{"0":"post-714047","1":"product","2":"type-product","3":"status-publish","5":"product_cat-edebiyat","6":"product_cat-korku-gerilim","7":"pa_cilt-ciltsiz","8":"pa_tur-kitap","9":"pa_yayinevi-beyaz-balina-yayinlari","10":"pa_yazar-thomas-c-brezina","12":"first","13":"instock","14":"sale","15":"shipping-taxable","16":"purchasable","17":"product-type-simple"},"_links":{"self":[{"href":"https:\/\/roveyayinevi.com.tr\/index.php\/wp-json\/wp\/v2\/product\/714047","targetHints":{"allow":["GET"]}}],"collection":[{"href":"https:\/\/roveyayinevi.com.tr\/index.php\/wp-json\/wp\/v2\/product"}],"about":[{"href":"https:\/\/roveyayinevi.com.tr\/index.php\/wp-json\/wp\/v2\/types\/product"}],"wp:attachment":[{"href":"https:\/\/roveyayinevi.com.tr\/index.php\/wp-json\/wp\/v2\/media?parent=714047"}],"wp:term":[{"taxonomy":"product_brand","embeddable":true,"href":"https:\/\/roveyayinevi.com.tr\/index.php\/wp-json\/wp\/v2\/product_brand?post=714047"},{"taxonomy":"product_cat","embeddable":true,"href":"https:\/\/roveyayinevi.com.tr\/index.php\/wp-json\/wp\/v2\/product_cat?post=714047"},{"taxonomy":"product_tag","embeddable":true,"href":"https:\/\/roveyayinevi.com.tr\/index.php\/wp-json\/wp\/v2\/product_tag?post=714047"}],"curies":[{"name":"wp","href":"https:\/\/api.w.org\/{rel}","templated":true}]}}