{"id":714046,"date":"2025-08-27T17:14:32","date_gmt":"2025-08-27T14:14:32","guid":{"rendered":"https:\/\/roveyayinevi.com.tr\/index.php\/urun\/turkiyeye-uluslararasi-gocler-ve-turkiyenin-goc-politikasi\/"},"modified":"2026-03-12T02:30:35","modified_gmt":"2026-03-11T23:30:35","slug":"turkiyeye-uluslararasi-gocler-ve-turkiyenin-goc-politikasi","status":"publish","type":"product","link":"https:\/\/roveyayinevi.com.tr\/index.php\/urun\/turkiyeye-uluslararasi-gocler-ve-turkiyenin-goc-politikasi\/","title":{"rendered":"T\u00fcrkiye&#8217;ye Uluslararas\u0131 G\u00f6\u00e7ler ve T\u00fcrkiye&#8217;nin G\u00f6\u00e7 Politikas\u0131"},"content":{"rendered":"<p>T\u00fcrkiye Cumhuriyeti, kurulduktan sonra; Bulgaristan Yunanistan, Yugoslavya, Romanya gibi Balkan \u00fclkelerinin yan\u0131 s\u0131ra Kafkaslar, Orta Asya \u00fclkelerinden sonraki y\u0131llarda ise ba\u015fta Irak ve Suriye olmak \u00fczere Ortado\u011fu \u00fclkelerinden gelen kitlesel g\u00f6\u00e7leri kabul etmi\u015ftir.&#8221;T\u00fcrkiye&#8217;ye Uluslararas\u0131 G\u00f6\u00e7ler ve T\u00fcrkiye&#8217;nin G\u00f6\u00e7 Politikas\u0131&#8221; kitab\u0131nda Osmanl\u0131 devletinden kalan sorunlara ba\u011fl\u0131 olarak ba\u015flayan g\u00f6\u00e7ler ve sonraki y\u0131llarda T\u00fcrkiye&#8217;nin bulundu\u011fu co\u011frafyada ya\u015fanan sorunlara ba\u011fl\u0131 olarak T\u00fcrkiye&#8217;ye gelen kitlesel g\u00f6\u00e7lere T\u00fcrkiye&#8217;yi etkiledi\u011fi oranda yer verilmi\u015ftir. Ayr\u0131ca bu g\u00f6\u00e7lere ba\u011fl\u0131 olarak; T\u00fcrkiye&#8217;nin g\u00f6\u00e7 alan\u0131ndaki uygulamalar\u0131na de\u011finilerek, T\u00fcrkiye&#8217;nin g\u00f6\u00e7 politikas\u0131 da ele al\u0131nm\u0131\u015ft\u0131r&#8230; <\/p>\n","protected":false},"excerpt":{"rendered":"<p>T\u00fcrkiye Cumhuriyeti, kurulduktan sonra; Bulgaristan Yunanistan, Yugoslavya, Romanya gibi Balkan \u00fclkelerinin yan\u0131 s\u0131ra Kafkaslar, Orta Asya \u00fclkelerinden sonraki y\u0131llarda ise ba\u015fta Irak ve Suriye olmak \u00fczere<span class=\"excerpt-hellip\"> [\u2026]<\/span><\/p>\n","protected":false},"featured_media":0,"template":"","meta":{"_monsterinsights_skip_tracking":false,"_monsterinsights_sitenote_active":false,"_monsterinsights_sitenote_note":"","_monsterinsights_sitenote_category":0},"product_brand":[],"product_cat":[13590,12337],"product_tag":[],"class_list":{"0":"post-714046","1":"product","2":"type-product","3":"status-publish","5":"product_cat-arastirma-inceleme-politika-siyaset","6":"product_cat-politika-siyaset","7":"pa_cilt-ciltsiz","8":"pa_tur-kitap","9":"pa_yayinevi-kirmizi-cati-yayinlari","10":"pa_yazar-ibrahim-yildiz","12":"first","13":"instock","14":"sale","15":"shipping-taxable","16":"purchasable","17":"product-type-simple"},"_links":{"self":[{"href":"https:\/\/roveyayinevi.com.tr\/index.php\/wp-json\/wp\/v2\/product\/714046","targetHints":{"allow":["GET"]}}],"collection":[{"href":"https:\/\/roveyayinevi.com.tr\/index.php\/wp-json\/wp\/v2\/product"}],"about":[{"href":"https:\/\/roveyayinevi.com.tr\/index.php\/wp-json\/wp\/v2\/types\/product"}],"wp:attachment":[{"href":"https:\/\/roveyayinevi.com.tr\/index.php\/wp-json\/wp\/v2\/media?parent=714046"}],"wp:term":[{"taxonomy":"product_brand","embeddable":true,"href":"https:\/\/roveyayinevi.com.tr\/index.php\/wp-json\/wp\/v2\/product_brand?post=714046"},{"taxonomy":"product_cat","embeddable":true,"href":"https:\/\/roveyayinevi.com.tr\/index.php\/wp-json\/wp\/v2\/product_cat?post=714046"},{"taxonomy":"product_tag","embeddable":true,"href":"https:\/\/roveyayinevi.com.tr\/index.php\/wp-json\/wp\/v2\/product_tag?post=714046"}],"curies":[{"name":"wp","href":"https:\/\/api.w.org\/{rel}","templated":true}]}}