{"id":714038,"date":"2025-08-27T17:14:27","date_gmt":"2025-08-27T14:14:27","guid":{"rendered":"https:\/\/roveyayinevi.com.tr\/index.php\/urun\/ruzgara-birakilan-dilekler\/"},"modified":"2026-04-16T02:22:26","modified_gmt":"2026-04-15T23:22:26","slug":"ruzgara-birakilan-dilekler","status":"publish","type":"product","link":"https:\/\/roveyayinevi.com.tr\/index.php\/urun\/ruzgara-birakilan-dilekler\/","title":{"rendered":"R\u00fczgara B\u0131rak\u0131lan Dilekler"},"content":{"rendered":"<p>Tarihin karanl\u0131k bir d\u00f6neminde hayatta kalma g\u00fcc\u00fcne ve sevgiye dair ola\u011fan\u00fcst\u00fc bir hik\u00e2ye!2. D\u00fcnya Sava\u015f\u0131 t\u00fcm deh\u015fetiyle s\u00fcrerken 10 ya\u015f\u0131ndaki Manami Amerika\u2019daki ya\u015fam\u0131n\u0131n ne kadar huzurlu oldu\u011funun fark\u0131nda de\u011fildir. 1942 y\u0131l\u0131nda Japonya Amerika\u2019n\u0131n Pearl Harbor liman\u0131n\u0131 bombalay\u0131nca, Amerikan h\u00fck\u00fcmeti Japon k\u00f6kenli Amerikal\u0131lar\u0131 toplama kamplar\u0131nda ya\u015famaya zorlar. Manami sadece evinden de\u011fil, k\u00f6pe\u011finden de ayr\u0131lmak zorunda kal\u0131r. Hem de onu yan\u0131nda g\u00f6t\u00fcrmek isterken bir bilinmeze terk etme pahas\u0131na!Peki, k\u00e2\u011f\u0131tlara yaz\u0131p r\u00fczg\u00e2ra b\u0131rakt\u0131\u011f\u0131 dilekler sevgili k\u00f6pe\u011fini geri getirebilecek mi? Ailesi tekrar bir araya gelebilecek mi? Sadece Japon y\u00fczl\u00fc ve Japon isimli oldu\u011fu i\u00e7in g\u00f6rd\u00fc\u011f\u00fc ayr\u0131mc\u0131l\u0131\u011f\u0131 bir g\u00fcn affedebilecek mi?Tarihsel olaylara dayanarak ba\u015far\u0131yla kaleme al\u0131nm\u0131\u015f olan bu roman, ya\u015fad\u0131\u011f\u0131 travmatik olaylar nedeniyle art\u0131k konu\u015famayan Manami\u2019nin iyile\u015fme ve tekrar hayata ba\u011flanma \u00e7abas\u0131n\u0131 dokunakl\u0131 bir dille anlat\u0131yor. <\/p>\n","protected":false},"excerpt":{"rendered":"<p>Tarihin karanl\u0131k bir d\u00f6neminde hayatta kalma g\u00fcc\u00fcne ve sevgiye dair ola\u011fan\u00fcst\u00fc bir hik\u00e2ye!2. D\u00fcnya Sava\u015f\u0131 t\u00fcm deh\u015fetiyle s\u00fcrerken 10 ya\u015f\u0131ndaki Manami Amerika\u2019daki ya\u015fam\u0131n\u0131n ne kadar huzurlu<span class=\"excerpt-hellip\"> [\u2026]<\/span><\/p>\n","protected":false},"featured_media":0,"template":"","meta":{"_monsterinsights_skip_tracking":false,"_monsterinsights_sitenote_active":false,"_monsterinsights_sitenote_note":"","_monsterinsights_sitenote_category":0},"product_brand":[],"product_cat":[12291,12745],"product_tag":[],"class_list":{"0":"post-714038","1":"product","2":"type-product","3":"status-publish","5":"product_cat-edebiyat","6":"product_cat-tarihi-roman","7":"pa_cilt-ciltsiz","8":"pa_tur-kitap","9":"pa_yayinevi-beyaz-balina-yayinlari","10":"pa_yazar-lois-sepahban","12":"first","13":"instock","14":"sale","15":"shipping-taxable","16":"purchasable","17":"product-type-simple"},"_links":{"self":[{"href":"https:\/\/roveyayinevi.com.tr\/index.php\/wp-json\/wp\/v2\/product\/714038","targetHints":{"allow":["GET"]}}],"collection":[{"href":"https:\/\/roveyayinevi.com.tr\/index.php\/wp-json\/wp\/v2\/product"}],"about":[{"href":"https:\/\/roveyayinevi.com.tr\/index.php\/wp-json\/wp\/v2\/types\/product"}],"wp:attachment":[{"href":"https:\/\/roveyayinevi.com.tr\/index.php\/wp-json\/wp\/v2\/media?parent=714038"}],"wp:term":[{"taxonomy":"product_brand","embeddable":true,"href":"https:\/\/roveyayinevi.com.tr\/index.php\/wp-json\/wp\/v2\/product_brand?post=714038"},{"taxonomy":"product_cat","embeddable":true,"href":"https:\/\/roveyayinevi.com.tr\/index.php\/wp-json\/wp\/v2\/product_cat?post=714038"},{"taxonomy":"product_tag","embeddable":true,"href":"https:\/\/roveyayinevi.com.tr\/index.php\/wp-json\/wp\/v2\/product_tag?post=714038"}],"curies":[{"name":"wp","href":"https:\/\/api.w.org\/{rel}","templated":true}]}}